{"id":35610,"date":"2025-02-20T22:35:01","date_gmt":"2025-02-20T22:35:01","guid":{"rendered":"http:\/\/olemosaic.com\/producto\/funda-de-telefono-para-iphone-11-tpu-gato-mallorca-blanco\/"},"modified":"2025-07-25T18:49:05","modified_gmt":"2025-07-25T16:49:05","slug":"capa-de-telemovel-para-iphone-11-tpu-gato-maiorca-branco","status":"publish","type":"product","link":"https:\/\/olemosaic.com\/pt-pt\/produto\/capa-de-telemovel-para-iphone-11-tpu-gato-maiorca-branco\/","title":{"rendered":"Capa de telem\u00f3vel para iPhone 11 (TPU). Gato. Maiorca. Branco"},"content":{"rendered":"<p>Capa para iPhone 11 com um design vibrante de um gato inspirado na cultura de Maiorca. Esta capa, elaborada em TPU de alta qualidade, apresenta uma base branca que real\u00e7a o colorido mosaico do gato, cujas formas geom\u00e9tricas em tons verdes, azuis, amarelos e vermelhos se combinam numa representa\u00e7\u00e3o estilizada que captura a ess\u00eancia alegre do Mediterr\u00e2neo. Rodeado de borboletas coloridas, este gato n\u00e3o \u00e9 apenas um simp\u00e1tico protagonista, mas um reflexo do esp\u00edrito acolhedor e alegre da ilha.<\/p>\n<p>A cena, cuidadosamente desenhada, evoca os mosaicos t\u00edpicos da arte mediterr\u00e2nica, transformando esta capa numa obra de arte port\u00e1til. \u00c9 o complemento perfeito para os amantes de gatos e da bela Maiorca, uma recorda\u00e7\u00e3o que transcende a sua fun\u00e7\u00e3o de prote\u00e7\u00e3o do telem\u00f3vel. A autenticidade deste artigo, representativo das lembran\u00e7as que os turistas costumam levar consigo, torna-o uma excelente op\u00e7\u00e3o para lojas de presentes tur\u00edsticos. Na Ol\u00e9 Mosaic especializamo-nos na distribui\u00e7\u00e3o por grosso de produtos \u00fanicos como esta capa, assegurando qualidade e um design atrativo que liga com a cultura local. A sua relev\u00e2ncia cultural faz desta capa um imprescind\u00edvel para quem deseja levar um peda\u00e7o de Maiorca no seu dia a dia.<\/p>\n","protected":false},"excerpt":{"rendered":"<p>Capa para iPhone 11 fabricada em TPU, decorada com um design vibrante de um gato em cores alegres. Inspirada na cultura de Maiorca, esta capa branca apresenta um gato estilizado com um mosaico de tons verdes, azuis, amarelos e vermelhos, rodeado de borboletas coloridas. A cena captura a ess\u00eancia mediterr\u00e2nica, tornando esta capa um acess\u00f3rio atrativo e divertido para os amantes de gatos e da ilha.<\/p>\n","protected":false},"featured_media":13376,"template":"","meta":{"_acf_changed":false},"product_brand":[],"product_cat":[685],"product_tag":[516],"class_list":{"0":"post-35610","1":"product","2":"type-product","3":"status-publish","4":"has-post-thumbnail","6":"product_cat-capas-para-telemoveis","7":"product_tag-animais","8":"pa_ciudad-mallorca","9":"pa_motivo-gatos","10":"pa_pais-espana","12":"first","13":"instock","14":"shipping-taxable","15":"product-type-simple"},"acf":[],"_links":{"self":[{"href":"https:\/\/olemosaic.com\/pt-pt\/wp-json\/wp\/v2\/product\/35610","targetHints":{"allow":["GET"]}}],"collection":[{"href":"https:\/\/olemosaic.com\/pt-pt\/wp-json\/wp\/v2\/product"}],"about":[{"href":"https:\/\/olemosaic.com\/pt-pt\/wp-json\/wp\/v2\/types\/product"}],"wp:featuredmedia":[{"embeddable":true,"href":"https:\/\/olemosaic.com\/pt-pt\/wp-json\/wp\/v2\/media\/13376"}],"wp:attachment":[{"href":"https:\/\/olemosaic.com\/pt-pt\/wp-json\/wp\/v2\/media?parent=35610"}],"wp:term":[{"taxonomy":"product_brand","embeddable":true,"href":"https:\/\/olemosaic.com\/pt-pt\/wp-json\/wp\/v2\/product_brand?post=35610"},{"taxonomy":"product_cat","embeddable":true,"href":"https:\/\/olemosaic.com\/pt-pt\/wp-json\/wp\/v2\/product_cat?post=35610"},{"taxonomy":"product_tag","embeddable":true,"href":"https:\/\/olemosaic.com\/pt-pt\/wp-json\/wp\/v2\/product_tag?post=35610"}],"curies":[{"name":"wp","href":"https:\/\/api.w.org\/{rel}","templated":true}]}}