{"id":35609,"date":"2025-02-20T22:35:01","date_gmt":"2025-02-20T22:35:01","guid":{"rendered":"http:\/\/olemosaic.com\/producto\/funda-de-telefono-para-iphone-11-tpu-motivos-marinos-azul\/"},"modified":"2025-07-25T20:02:17","modified_gmt":"2025-07-25T18:02:17","slug":"capa-de-telemovel-para-iphone-11-tpu-motivos-marinhos-azul","status":"publish","type":"product","link":"https:\/\/olemosaic.com\/pt-pt\/produto\/capa-de-telemovel-para-iphone-11-tpu-motivos-marinhos-azul\/","title":{"rendered":"Capa de telem\u00f3vel para iPhone 11 (TPU). Motivos marinhos. Azul"},"content":{"rendered":"<p>Capa para iPhone 11 com motivos marinhos vibrantes. Esta capa, elaborada em TPU de alta qualidade, apresenta um design colorido que captura a ess\u00eancia da vida submarina atrav\u00e9s de uma bela ilustra\u00e7\u00e3o de golfinhos, tartarugas e cavalos-marinhos, nadando num oceano de azul intenso. O fundo, que simula um mosaico em tons quentes, acrescenta um toque art\u00edstico e original, conferindo a esta capa uma est\u00e9tica \u00fanica que evoca as profundezas marinhas e a sua biodiversidade.<\/p>\n<p>Cada detalhe dos motivos marinhos destaca-se pela sua paleta de cores vibrante, que far\u00e1 sobressair o seu dispositivo enquanto o protege de choques e quedas. A base da imagem, com o seu design em mosaico, n\u00e3o s\u00f3 lhe confere um car\u00e1cter distintivo, como tamb\u00e9m reflete a rica tradi\u00e7\u00e3o art\u00edstica da cultura mediterr\u00e2nica, onde a arte e a natureza se entrela\u00e7am de forma harm\u00f3nica.<\/p>\n<p>Este produto \u00e9 uma excelente recorda\u00e7\u00e3o para turistas que procuram levar um peda\u00e7o do Mediterr\u00e2neo, tornando-o uma op\u00e7\u00e3o perfeita para lojas de presentes tur\u00edsticos. Na Ol\u00e9 Mosaic, orgulhamo-nos de oferecer produtos aut\u00eanticos e representativos, como esta capa de telem\u00f3vel, que celebra a beleza do mundo marinho e a sua liga\u00e7\u00e3o cultural. Ideal para quem deseja proteger o seu telem\u00f3vel com estilo enquanto recorda a sua experi\u00eancia em regi\u00f5es costeiras.<\/p>\n","protected":false},"excerpt":{"rendered":"<p>Capa para iPhone 11 fabricada em TPU com motivos marinhos vibrantes. Apresenta um design colorido que destaca a vida submarina, com golfinhos, tartarugas e cavalos-marinhos sobre um fundo azul intenso que evoca o oceano. A base da imagem simula um mosaico em tons quentes, acrescentando um toque art\u00edstico e original. Ideal para proteger o seu dispositivo ao mesmo tempo que exibe um estilo \u00fanico e alegre inspirado no mundo marinho.<\/p>\n","protected":false},"featured_media":12142,"template":"","meta":{"_acf_changed":false},"product_brand":[],"product_cat":[685],"product_tag":[516],"class_list":{"0":"post-35609","1":"product","2":"type-product","3":"status-publish","4":"has-post-thumbnail","6":"product_cat-capas-para-telemoveis","7":"product_tag-animais","8":"pa_motivo-animais-marinhos","10":"first","11":"instock","12":"shipping-taxable","13":"product-type-simple"},"acf":[],"_links":{"self":[{"href":"https:\/\/olemosaic.com\/pt-pt\/wp-json\/wp\/v2\/product\/35609","targetHints":{"allow":["GET"]}}],"collection":[{"href":"https:\/\/olemosaic.com\/pt-pt\/wp-json\/wp\/v2\/product"}],"about":[{"href":"https:\/\/olemosaic.com\/pt-pt\/wp-json\/wp\/v2\/types\/product"}],"wp:featuredmedia":[{"embeddable":true,"href":"https:\/\/olemosaic.com\/pt-pt\/wp-json\/wp\/v2\/media\/12142"}],"wp:attachment":[{"href":"https:\/\/olemosaic.com\/pt-pt\/wp-json\/wp\/v2\/media?parent=35609"}],"wp:term":[{"taxonomy":"product_brand","embeddable":true,"href":"https:\/\/olemosaic.com\/pt-pt\/wp-json\/wp\/v2\/product_brand?post=35609"},{"taxonomy":"product_cat","embeddable":true,"href":"https:\/\/olemosaic.com\/pt-pt\/wp-json\/wp\/v2\/product_cat?post=35609"},{"taxonomy":"product_tag","embeddable":true,"href":"https:\/\/olemosaic.com\/pt-pt\/wp-json\/wp\/v2\/product_tag?post=35609"}],"curies":[{"name":"wp","href":"https:\/\/api.w.org\/{rel}","templated":true}]}}