{"id":35582,"date":"2025-02-20T22:35:00","date_gmt":"2025-02-20T22:35:00","guid":{"rendered":"http:\/\/olemosaic.com\/producto\/funda-de-telefono-para-iphone-11-tpu-salamandra-barcelona-negro\/"},"modified":"2025-07-25T19:03:56","modified_gmt":"2025-07-25T17:03:56","slug":"capa-para-iphone-11-tpu-salamandra-barcelona-preto","status":"publish","type":"product","link":"https:\/\/olemosaic.com\/pt-pt\/produto\/capa-para-iphone-11-tpu-salamandra-barcelona-preto\/","title":{"rendered":"Capa para iPhone 11 (TPU). Salamandra. Barcelona. Preto"},"content":{"rendered":"<p>Capa para iPhone 11 com design de salamandras, inspirada na vibrante cultura de Barcelona. Esta capa, fabricada em TPU de alta qualidade, oferece uma excelente prote\u00e7\u00e3o para o seu dispositivo, ao mesmo tempo que celebra a rica heran\u00e7a art\u00edstica da cidade. As ilustra\u00e7\u00f5es de salamandras, numa paleta de cores vivas que inclui azul, verde, vermelho e amarelo, est\u00e3o rodeadas de coloridas flora\u00e7\u00f5es que se destacam sobre um elegante fundo preto. Cada salamandra, com o seu design detalhado e colorido, evoca a criatividade e a natureza \u00fanica que caracteriza Barcelona, tornando esta capa num acess\u00f3rio imprescind\u00edvel para os amantes da cidade.<\/p>\n<p>Al\u00e9m disso, o texto &#8220;Barcelona&#8221; apresenta-se com eleg\u00e2ncia, adicionando um toque distintivo que far\u00e1 com que qualquer turista se sinta parte da magia local. Este souvenir n\u00e3o \u00e9 apenas uma op\u00e7\u00e3o pr\u00e1tica, mas tamb\u00e9m uma recorda\u00e7\u00e3o constante dos momentos inesquec\u00edveis vividos nesta metr\u00f3pole. Na Ol\u00e9 Mosaic, dedicamo-nos \u00e0 distribui\u00e7\u00e3o de souvenirs de alta qualidade, e esta capa representa o aut\u00eantico esp\u00edrito barcelon\u00eas, sendo uma excelente ideia para lojas de presentes tur\u00edsticos que procuram artigos atraentes e culturalmente relevantes. Como grossistas de acess\u00f3rios, oferecemos produtos que capturam a ess\u00eancia de cada cidade, garantindo autenticidade e estilo em cada pe\u00e7a.<\/p>\n","protected":false},"excerpt":{"rendered":"<p>Capa para iPhone 11 de TPU, decorada com ilustra\u00e7\u00f5es vibrantes de salamandras inspiradas no esp\u00edrito art\u00edstico de Barcelona. O design apresenta salamandras em cores vivas como azul, verde, vermelho e amarelo, rodeadas de flores coloridas que se destacam sobre um fundo preto. O texto &#8220;Barcelona&#8221; \u00e9 impresso com eleg\u00e2ncia, tornando esta capa num acess\u00f3rio pr\u00e1tico e atraente que celebra a criatividade da cidade.<\/p>\n","protected":false},"featured_media":12150,"template":"","meta":{"_acf_changed":false},"product_brand":[],"product_cat":[685],"product_tag":[516],"class_list":{"0":"post-35582","1":"product","2":"type-product","3":"status-publish","4":"has-post-thumbnail","6":"product_cat-capas-para-telemoveis","7":"product_tag-animais","8":"pa_ciudad-barcelona","9":"pa_motivo-salamandras","10":"pa_pais-espana","12":"first","13":"instock","14":"shipping-taxable","15":"product-type-simple"},"acf":[],"_links":{"self":[{"href":"https:\/\/olemosaic.com\/pt-pt\/wp-json\/wp\/v2\/product\/35582","targetHints":{"allow":["GET"]}}],"collection":[{"href":"https:\/\/olemosaic.com\/pt-pt\/wp-json\/wp\/v2\/product"}],"about":[{"href":"https:\/\/olemosaic.com\/pt-pt\/wp-json\/wp\/v2\/types\/product"}],"wp:featuredmedia":[{"embeddable":true,"href":"https:\/\/olemosaic.com\/pt-pt\/wp-json\/wp\/v2\/media\/12150"}],"wp:attachment":[{"href":"https:\/\/olemosaic.com\/pt-pt\/wp-json\/wp\/v2\/media?parent=35582"}],"wp:term":[{"taxonomy":"product_brand","embeddable":true,"href":"https:\/\/olemosaic.com\/pt-pt\/wp-json\/wp\/v2\/product_brand?post=35582"},{"taxonomy":"product_cat","embeddable":true,"href":"https:\/\/olemosaic.com\/pt-pt\/wp-json\/wp\/v2\/product_cat?post=35582"},{"taxonomy":"product_tag","embeddable":true,"href":"https:\/\/olemosaic.com\/pt-pt\/wp-json\/wp\/v2\/product_tag?post=35582"}],"curies":[{"name":"wp","href":"https:\/\/api.w.org\/{rel}","templated":true}]}}