{"id":35579,"date":"2025-02-20T23:35:00","date_gmt":"2025-02-20T22:35:00","guid":{"rendered":"http:\/\/olemosaic.com\/producto\/funda-de-telefono-para-iphone-11-tpu-abstracto-negro-2\/"},"modified":"2025-07-25T18:58:32","modified_gmt":"2025-07-25T16:58:32","slug":"capa-para-iphone-11-tpu-abstrato-preto-2","status":"publish","type":"product","link":"https:\/\/olemosaic.com\/pt-pt\/produto\/capa-para-iphone-11-tpu-abstrato-preto-2\/","title":{"rendered":"Capa para iPhone 11 (TPU). Abstrato. Estilo moderno. Preto"},"content":{"rendered":"<p>Capa para iPhone 11 com design abstrato moderno e vibrante. Fabricada em TPU de alta qualidade, esta capa combina funcionalidade e estilo contempor\u00e2neo, oferecendo uma prote\u00e7\u00e3o eficaz contra choques e riscos para o seu dispositivo. O seu fundo preto liso serve de tela perfeita para um intrincado design de linhas onduladas em tons n\u00e9on. Estas cores vibrantes criam um efeito din\u00e2mico e apelativo, adicionando um toque art\u00edstico ao seu iPhone 11, ideal para quem procura um acess\u00f3rio que reflita a sua personalidade ousada.<\/p>\n<p>O design abstrato n\u00e3o s\u00f3 \u00e9 apelativo, como tamb\u00e9m simboliza a modernidade e a criatividade que caracteriza muitas cidades ic\u00f3nicas de Espanha, onde a arte e a cultura contempor\u00e2nea florescem. Este souvenir \u00e9 uma representa\u00e7\u00e3o ideal da liberdade est\u00e9tica e da energia urbana que se pode encontrar em locais vibrantes e cosmopolitas.<\/p>\n<p>Na Ol\u00e9 Mosaic dedicamo-nos \u00e0 distribui\u00e7\u00e3o de souvenirs por grosso, oferecendo produtos aut\u00eanticos como esta capa de telem\u00f3vel, perfeita para lojas de presentes tur\u00edsticos que procuram artigos \u00fanicos e de qualidade. Este produto \u00e9 uma excelente op\u00e7\u00e3o para quem deseja levar consigo uma recorda\u00e7\u00e3o da sua viagem, combinando arte e funcionalidade em cada utiliza\u00e7\u00e3o.<\/p>\n","protected":false},"excerpt":{"rendered":"<p>Capa para iPhone 11 fabricada em TPU com um design abstrato vibrante. Apresenta um fundo preto que real\u00e7a coloridas linhas onduladas em tons n\u00e9on, criando um efeito din\u00e2mico e moderno. Esta capa, al\u00e9m de proteger eficazmente contra choques e riscos, adiciona um toque art\u00edstico ao seu dispositivo. Perfeita para quem procura um estilo contempor\u00e2neo e ousado.<\/p>\n","protected":false},"featured_media":12153,"template":"","meta":{"_acf_changed":false},"product_brand":[],"product_cat":[685],"product_tag":[],"class_list":{"0":"post-35579","1":"product","2":"type-product","3":"status-publish","4":"has-post-thumbnail","6":"product_cat-capas-para-telemoveis","7":"pa_motivo-resumo","9":"first","10":"instock","11":"shipping-taxable","12":"product-type-simple"},"acf":[],"_links":{"self":[{"href":"https:\/\/olemosaic.com\/pt-pt\/wp-json\/wp\/v2\/product\/35579","targetHints":{"allow":["GET"]}}],"collection":[{"href":"https:\/\/olemosaic.com\/pt-pt\/wp-json\/wp\/v2\/product"}],"about":[{"href":"https:\/\/olemosaic.com\/pt-pt\/wp-json\/wp\/v2\/types\/product"}],"wp:featuredmedia":[{"embeddable":true,"href":"https:\/\/olemosaic.com\/pt-pt\/wp-json\/wp\/v2\/media\/12153"}],"wp:attachment":[{"href":"https:\/\/olemosaic.com\/pt-pt\/wp-json\/wp\/v2\/media?parent=35579"}],"wp:term":[{"taxonomy":"product_brand","embeddable":true,"href":"https:\/\/olemosaic.com\/pt-pt\/wp-json\/wp\/v2\/product_brand?post=35579"},{"taxonomy":"product_cat","embeddable":true,"href":"https:\/\/olemosaic.com\/pt-pt\/wp-json\/wp\/v2\/product_cat?post=35579"},{"taxonomy":"product_tag","embeddable":true,"href":"https:\/\/olemosaic.com\/pt-pt\/wp-json\/wp\/v2\/product_tag?post=35579"}],"curies":[{"name":"wp","href":"https:\/\/api.w.org\/{rel}","templated":true}]}}