{"id":35548,"date":"2025-02-20T22:34:59","date_gmt":"2025-02-20T22:34:59","guid":{"rendered":"http:\/\/olemosaic.com\/producto\/funda-de-telefono-para-iphone-11-tpu-abstracto-verde\/"},"modified":"2025-07-25T20:22:51","modified_gmt":"2025-07-25T18:22:51","slug":"capa-para-telemovel-iphone-11-tpu-abstrato-verde","status":"publish","type":"product","link":"https:\/\/olemosaic.com\/pt-pt\/produto\/capa-para-telemovel-iphone-11-tpu-abstrato-verde\/","title":{"rendered":"Capa para telem\u00f3vel para iPhone 11 (TPU). Abstrato. Verde"},"content":{"rendered":"<p>Capa para iPhone 11 com design abstrato inspirado na arte do mosaico. Fabricada em TPU, um material flex\u00edvel e resistente que protege o seu dispositivo, esta capa apresenta um design \u00fanico com um padr\u00e3o org\u00e2nico em tons cativantes de verde, azul e alaranjado. O padr\u00e3o evoca as decora\u00e7\u00f5es vibrantes e coloridas que adornam edif\u00edcios emblem\u00e1ticos de cidades como Barcelona, onde a arte do mosaico \u00e9 um elemento distintivo da arquitetura modernista.<\/p>\n<p>Visualmente, a capa mostra uma distribui\u00e7\u00e3o harmoniosa de formas geom\u00e9tricas que criam um efeito visual din\u00e2mico e intrigante, atraindo o olhar e conferindo um toque art\u00edstico. Cada detalhe foi cuidadosamente desenhado para que, al\u00e9m da sua funcionalidade, a capa transforme o seu iPhone numa aut\u00eantica pe\u00e7a de arte.<\/p>\n<p>Este produto n\u00e3o s\u00f3 oferece prote\u00e7\u00e3o, como se torna um souvenir brilhante, ideal para turistas que procuram levar para casa um peda\u00e7o da rica heran\u00e7a cultural espanhola. Na Ol\u00e9 Mosaic, especializamo-nos na distribui\u00e7\u00e3o de souvenirs por grosso, e esta capa de mosaico \u00e9 uma excelente op\u00e7\u00e3o para lojas de recorda\u00e7\u00f5es que desejem oferecer produtos aut\u00eanticos e com estilo. Como grossistas de acess\u00f3rios para telem\u00f3veis, garantimos a qualidade e criatividade em cada um dos nossos produtos, tornando esta capa um presente atraente tanto para residentes como para visitantes.<\/p>\n","protected":false},"excerpt":{"rendered":"<p>Capa para iPhone 11 de TPU com um design abstrato inspirado na arte do mosaico. Apresenta um padr\u00e3o org\u00e2nico em tons de verde, azul e alaranjado que evoca as decora\u00e7\u00f5es coloridas de edif\u00edcios emblem\u00e1ticos. Esta capa, al\u00e9m de proteger, confere um toque art\u00edstico e moderno ao seu dispositivo, destacando-se pela sua v\u00edvida combina\u00e7\u00e3o de cores e formas geom\u00e9tricas. Ideal para quem procura estilo e funcionalidade.<\/p>\n","protected":false},"featured_media":12141,"template":"","meta":{"_acf_changed":false},"product_brand":[],"product_cat":[685],"product_tag":[],"class_list":{"0":"post-35548","1":"product","2":"type-product","3":"status-publish","4":"has-post-thumbnail","6":"product_cat-capas-para-telemoveis","7":"pa_motivo-resumo","9":"first","10":"instock","11":"shipping-taxable","12":"product-type-simple"},"acf":[],"_links":{"self":[{"href":"https:\/\/olemosaic.com\/pt-pt\/wp-json\/wp\/v2\/product\/35548","targetHints":{"allow":["GET"]}}],"collection":[{"href":"https:\/\/olemosaic.com\/pt-pt\/wp-json\/wp\/v2\/product"}],"about":[{"href":"https:\/\/olemosaic.com\/pt-pt\/wp-json\/wp\/v2\/types\/product"}],"wp:featuredmedia":[{"embeddable":true,"href":"https:\/\/olemosaic.com\/pt-pt\/wp-json\/wp\/v2\/media\/12141"}],"wp:attachment":[{"href":"https:\/\/olemosaic.com\/pt-pt\/wp-json\/wp\/v2\/media?parent=35548"}],"wp:term":[{"taxonomy":"product_brand","embeddable":true,"href":"https:\/\/olemosaic.com\/pt-pt\/wp-json\/wp\/v2\/product_brand?post=35548"},{"taxonomy":"product_cat","embeddable":true,"href":"https:\/\/olemosaic.com\/pt-pt\/wp-json\/wp\/v2\/product_cat?post=35548"},{"taxonomy":"product_tag","embeddable":true,"href":"https:\/\/olemosaic.com\/pt-pt\/wp-json\/wp\/v2\/product_tag?post=35548"}],"curies":[{"name":"wp","href":"https:\/\/api.w.org\/{rel}","templated":true}]}}