{"id":35547,"date":"2025-02-20T22:34:59","date_gmt":"2025-02-20T22:34:59","guid":{"rendered":"http:\/\/olemosaic.com\/producto\/funda-de-telefono-para-iphone-11-tpu-abstracto-negro\/"},"modified":"2025-07-25T20:32:17","modified_gmt":"2025-07-25T18:32:17","slug":"capa-para-telemovel-iphone-11-tpu-abstrato-preto","status":"publish","type":"product","link":"https:\/\/olemosaic.com\/pt-pt\/produto\/capa-para-telemovel-iphone-11-tpu-abstrato-preto\/","title":{"rendered":"Capa para telem\u00f3vel para iPhone 11 (TPU). Abstrato. Preto"},"content":{"rendered":"<p>Capa para iPhone 11 com design abstrato<\/p>\n<p>Esta capa para iPhone 11 \u00e9 uma escolha excecional para quem procura proteger o seu dispositivo sem abdicar do estilo. Fabricada em TPU, oferece uma durabilidade not\u00e1vel e uma excelente flexibilidade, o que garante um ajuste perfeito ao contorno do seu iPhone. O design abstrato apresenta uma explos\u00e3o de tons vibrantes, incluindo preto, azul, rosa e amarelo, criando uma est\u00e9tica que evoca dinamismo e modernidade. As manchas de cor que adornam a capa parecem dan\u00e7ar sobre um mar de matizes, captando a aten\u00e7\u00e3o e tornando-a um acess\u00f3rio imprescind\u00edvel.<\/p>\n<p>O acabamento suave ao toque n\u00e3o s\u00f3 proporciona conforto, como tamb\u00e9m evita riscos e danos associados ao uso di\u00e1rio. Este produto, al\u00e9m de real\u00e7ar a ess\u00eancia contempor\u00e2nea do utilizador, atua como um reflexo da criatividade e originalidade do design moderno. Ideal tanto para turistas que procuram um souvenir \u00fanico como para residentes que desejam exibir um acess\u00f3rio funcional e atraente, esta capa \u00e9 uma op\u00e7\u00e3o perfeita para quem deseja fundir utilidade e arte.<\/p>\n<p>Na Ol\u00e9 Mosaic, somos distribuidores de acess\u00f3rios por grosso que priorizam a qualidade e a singularidade em cada pe\u00e7a. Esta capa \u00e9 uma op\u00e7\u00e3o ideal para lojas de recorda\u00e7\u00f5es que procuram oferecer produtos aut\u00eanticos e com um design atraente.<\/p>\n","protected":false},"excerpt":{"rendered":"<p>Capa para iPhone 11 fabricada em TPU, com um design abstrato em tons vibrantes de preto, azul, rosa e amarelo. Este produto destaca-se pela sua prote\u00e7\u00e3o e estilo, com uma est\u00e9tica de nuvens de cor que evoca dinamismo e modernidade. O seu acabamento suave e flex\u00edvel assegura um ajuste perfeito ao dispositivo, enquanto o seu design contempor\u00e2neo oferece uma apar\u00eancia \u00fanica e atraente para qualquer utilizador.<\/p>\n","protected":false},"featured_media":12152,"template":"","meta":{"_acf_changed":false},"product_brand":[],"product_cat":[685],"product_tag":[],"class_list":{"0":"post-35547","1":"product","2":"type-product","3":"status-publish","4":"has-post-thumbnail","6":"product_cat-capas-para-telemoveis","7":"pa_motivo-resumo","9":"first","10":"instock","11":"shipping-taxable","12":"product-type-simple"},"acf":[],"_links":{"self":[{"href":"https:\/\/olemosaic.com\/pt-pt\/wp-json\/wp\/v2\/product\/35547","targetHints":{"allow":["GET"]}}],"collection":[{"href":"https:\/\/olemosaic.com\/pt-pt\/wp-json\/wp\/v2\/product"}],"about":[{"href":"https:\/\/olemosaic.com\/pt-pt\/wp-json\/wp\/v2\/types\/product"}],"wp:featuredmedia":[{"embeddable":true,"href":"https:\/\/olemosaic.com\/pt-pt\/wp-json\/wp\/v2\/media\/12152"}],"wp:attachment":[{"href":"https:\/\/olemosaic.com\/pt-pt\/wp-json\/wp\/v2\/media?parent=35547"}],"wp:term":[{"taxonomy":"product_brand","embeddable":true,"href":"https:\/\/olemosaic.com\/pt-pt\/wp-json\/wp\/v2\/product_brand?post=35547"},{"taxonomy":"product_cat","embeddable":true,"href":"https:\/\/olemosaic.com\/pt-pt\/wp-json\/wp\/v2\/product_cat?post=35547"},{"taxonomy":"product_tag","embeddable":true,"href":"https:\/\/olemosaic.com\/pt-pt\/wp-json\/wp\/v2\/product_tag?post=35547"}],"curies":[{"name":"wp","href":"https:\/\/api.w.org\/{rel}","templated":true}]}}