{"id":35544,"date":"2025-02-20T22:34:59","date_gmt":"2025-02-20T22:34:59","guid":{"rendered":"http:\/\/olemosaic.com\/producto\/funda-de-telefono-para-iphone-11-pro-tpu-mosaico-barcelona-blanco\/"},"modified":"2025-07-25T19:28:02","modified_gmt":"2025-07-25T17:28:02","slug":"capa-para-telemovel-iphone-11-pro-tpu-mosaico-barcelona-branco","status":"publish","type":"product","link":"https:\/\/olemosaic.com\/pt-pt\/produto\/capa-para-telemovel-iphone-11-pro-tpu-mosaico-barcelona-branco\/","title":{"rendered":"Capa para telem\u00f3vel para iPhone 11 Pro (TPU). Mosaico. Barcelona. Branco"},"content":{"rendered":"<p>Capa decorativa para iPhone 11 Pro inspirada nos vibrantes mosaicos de Barcelona. Esta capa elegante, fabricada em TPU \u2013 um material flex\u00edvel e resistente \u2013, oferece uma prote\u00e7\u00e3o ideal para o seu dispositivo sem abdicar do estilo. Apresenta um design colorido que evoca a rica tradi\u00e7\u00e3o da cer\u00e2mica catal\u00e3, com uma combina\u00e7\u00e3o harmoniosa de azuis, vermelhos, laranjas e amarelos que formam padr\u00f5es geom\u00e9tricos e florais, elementos caracter\u00edsticos da arquitetura modernista da cidade.<\/p>\n<p>No centro, destaca-se com eleg\u00e2ncia o nome &#8220;Barcelona&#8221;, adicionando um toque distintivo ao design e real\u00e7ando a sua liga\u00e7\u00e3o cultural com a regi\u00e3o. Cada canto desta capa reflete o esp\u00edrito criativo e a diversidade art\u00edstica de Barcelona, o que a torna uma recorda\u00e7\u00e3o representativa e funcional para quem deseja levar consigo um peda\u00e7o da cidade.<\/p>\n<p>Esta capa \u00e9 uma op\u00e7\u00e3o ideal para turistas que procuram uma recorda\u00e7\u00e3o aut\u00eantica e \u00fatil, e tamb\u00e9m \u00e9 perfeita para lojas de recorda\u00e7\u00f5es que desejem oferecer produtos de qualidade relacionados com a cultura espanhola. Na Ol\u00e9 Mosaic, especializamo-nos na distribui\u00e7\u00e3o de souvenirs por grosso, garantindo que os nossos clientes encontrem uma grande variedade de artigos que capturam a ess\u00eancia de Espanha. N\u00e3o perca a oportunidade de adquirir esta capa de telem\u00f3vel, um presente ideal que combina estilo e significado cultural.<\/p>\n","protected":false},"excerpt":{"rendered":"<p>Capa para iPhone 11 Pro fabricada em TPU, decorada com um vibrante design de mosaicos que evoca a rica tradi\u00e7\u00e3o cer\u00e2mica de Barcelona. Este artigo apresenta uma combina\u00e7\u00e3o colorida de azuis, vermelhos, laranjas e amarelos, destacando padr\u00f5es geom\u00e9tricos e florais t\u00edpicos da arquitetura modernista da cidade. O nome &#8220;Barcelona&#8221; est\u00e1 impresso de forma elegante, adicionando um toque distintivo e um apelo visual que real\u00e7a a ess\u00eancia cultural da regi\u00e3o.<\/p>\n","protected":false},"featured_media":12160,"template":"","meta":{"_acf_changed":false},"product_brand":[],"product_cat":[685],"product_tag":[],"class_list":{"0":"post-35544","1":"product","2":"type-product","3":"status-publish","4":"has-post-thumbnail","6":"product_cat-capas-para-telemoveis","7":"pa_ciudad-barcelona","8":"pa_motivo-mosaico","9":"pa_pais-espana","11":"first","12":"instock","13":"shipping-taxable","14":"product-type-simple"},"acf":[],"_links":{"self":[{"href":"https:\/\/olemosaic.com\/pt-pt\/wp-json\/wp\/v2\/product\/35544","targetHints":{"allow":["GET"]}}],"collection":[{"href":"https:\/\/olemosaic.com\/pt-pt\/wp-json\/wp\/v2\/product"}],"about":[{"href":"https:\/\/olemosaic.com\/pt-pt\/wp-json\/wp\/v2\/types\/product"}],"wp:featuredmedia":[{"embeddable":true,"href":"https:\/\/olemosaic.com\/pt-pt\/wp-json\/wp\/v2\/media\/12160"}],"wp:attachment":[{"href":"https:\/\/olemosaic.com\/pt-pt\/wp-json\/wp\/v2\/media?parent=35544"}],"wp:term":[{"taxonomy":"product_brand","embeddable":true,"href":"https:\/\/olemosaic.com\/pt-pt\/wp-json\/wp\/v2\/product_brand?post=35544"},{"taxonomy":"product_cat","embeddable":true,"href":"https:\/\/olemosaic.com\/pt-pt\/wp-json\/wp\/v2\/product_cat?post=35544"},{"taxonomy":"product_tag","embeddable":true,"href":"https:\/\/olemosaic.com\/pt-pt\/wp-json\/wp\/v2\/product_tag?post=35544"}],"curies":[{"name":"wp","href":"https:\/\/api.w.org\/{rel}","templated":true}]}}