{"id":35532,"date":"2025-02-20T22:34:59","date_gmt":"2025-02-20T22:34:59","guid":{"rendered":"http:\/\/olemosaic.com\/producto\/funda-de-telefono-para-iphone-15-tpu-gato-mallorca-blanco\/"},"modified":"2025-07-25T18:54:21","modified_gmt":"2025-07-25T16:54:21","slug":"capa-de-telemovel-para-iphone-15-tpu-gato-maiorca-branco","status":"publish","type":"product","link":"https:\/\/olemosaic.com\/pt-pt\/produto\/capa-de-telemovel-para-iphone-15-tpu-gato-maiorca-branco\/","title":{"rendered":"Capa de telem\u00f3vel para iPhone 15 (TPU). Gato. Maiorca. Branco"},"content":{"rendered":"<p>Capa de telem\u00f3vel decorada com um gato colorido em estilo mosaico, ideal para iPhone 15, que captura a ess\u00eancia vibrante de Maiorca. Este design exclusivo, elaborado em TPU, destaca-se pelo seu fundo branco que real\u00e7a as cores intensas do gato, replicando a beleza dos famosos mosaicos da regi\u00e3o, enquanto as borboletas circundantes adicionam um toque de alegria e movimento. A imagem do gato, representada numa ampla gama de tonalidades, desde o vermelho e o amarelo at\u00e9 ao azul e ao verde, reflete a criatividade art\u00edstica da ilha, fazendo desta capa uma aut\u00eantica recorda\u00e7\u00e3o de Maiorca.<\/p>\n<p>Este produto n\u00e3o s\u00f3 oferece uma prote\u00e7\u00e3o fi\u00e1vel para o seu dispositivo, como tamb\u00e9m proporciona uma liga\u00e7\u00e3o cultural e visual com a tradi\u00e7\u00e3o art\u00edstica maiorquina. A capa \u00e9 perfeita para aqueles turistas que desejam levar consigo um peda\u00e7o da cultura da ilha, destacando a sua autenticidade e relev\u00e2ncia como recorda\u00e7\u00e3o representativa. Na Ol\u00e9 Mosaic, especializamo-nos na distribui\u00e7\u00e3o de recorda\u00e7\u00f5es de qualidade e esta capa de telem\u00f3vel \u00e9 uma excelente op\u00e7\u00e3o para lojas de presentes tur\u00edsticos que procuram incorporar produtos aut\u00eanticos de Maiorca no seu cat\u00e1logo. Como grossistas de capas e acess\u00f3rios, garantimos o design original e a mestria em cada pe\u00e7a.<\/p>\n","protected":false},"excerpt":{"rendered":"<p>Capa para iPhone 15 fabricada em TPU, decorada com um colorido gato ao estilo mosaico. Este vibrante design, inspirado na beleza de Maiorca, inclui borboletas e destaca-se sobre um fundo branco que real\u00e7a as cores intensas do gato. Esta capa n\u00e3o s\u00f3 protege o seu dispositivo, como tamb\u00e9m adiciona um toque art\u00edstico e cultural. Ideal para quem deseja levar um peda\u00e7o da criatividade maiorquina no seu dia a dia.<\/p>\n","protected":false},"featured_media":12974,"template":"","meta":{"_acf_changed":false},"product_brand":[],"product_cat":[685],"product_tag":[516],"class_list":{"0":"post-35532","1":"product","2":"type-product","3":"status-publish","4":"has-post-thumbnail","6":"product_cat-capas-para-telemoveis","7":"product_tag-animais","8":"pa_ciudad-mallorca","9":"pa_motivo-gatos","10":"pa_pais-espana","12":"first","13":"instock","14":"shipping-taxable","15":"product-type-simple"},"acf":[],"_links":{"self":[{"href":"https:\/\/olemosaic.com\/pt-pt\/wp-json\/wp\/v2\/product\/35532","targetHints":{"allow":["GET"]}}],"collection":[{"href":"https:\/\/olemosaic.com\/pt-pt\/wp-json\/wp\/v2\/product"}],"about":[{"href":"https:\/\/olemosaic.com\/pt-pt\/wp-json\/wp\/v2\/types\/product"}],"wp:featuredmedia":[{"embeddable":true,"href":"https:\/\/olemosaic.com\/pt-pt\/wp-json\/wp\/v2\/media\/12974"}],"wp:attachment":[{"href":"https:\/\/olemosaic.com\/pt-pt\/wp-json\/wp\/v2\/media?parent=35532"}],"wp:term":[{"taxonomy":"product_brand","embeddable":true,"href":"https:\/\/olemosaic.com\/pt-pt\/wp-json\/wp\/v2\/product_brand?post=35532"},{"taxonomy":"product_cat","embeddable":true,"href":"https:\/\/olemosaic.com\/pt-pt\/wp-json\/wp\/v2\/product_cat?post=35532"},{"taxonomy":"product_tag","embeddable":true,"href":"https:\/\/olemosaic.com\/pt-pt\/wp-json\/wp\/v2\/product_tag?post=35532"}],"curies":[{"name":"wp","href":"https:\/\/api.w.org\/{rel}","templated":true}]}}