{"id":35531,"date":"2025-02-20T22:34:58","date_gmt":"2025-02-20T22:34:58","guid":{"rendered":"http:\/\/olemosaic.com\/producto\/funda-de-telefono-para-iphone-14-promax-tpu-salamandra-negro\/"},"modified":"2025-07-25T20:31:25","modified_gmt":"2025-07-25T18:31:25","slug":"capa-de-telemovel-para-iphone-14-pro-max-tpu-salamandra-preto","status":"publish","type":"product","link":"https:\/\/olemosaic.com\/pt-pt\/produto\/capa-de-telemovel-para-iphone-14-pro-max-tpu-salamandra-preto\/","title":{"rendered":"Capa de telem\u00f3vel para iPhone 14 Pro Max (TPU). Salamandra. Preto"},"content":{"rendered":"<p>Capa para telem\u00f3vel decorada com salamandras de cores vibrantes, ideal para iPhone 14 Pro Max. Esta capa, fabricada em TPU, destaca-se pela sua resist\u00eancia e flexibilidade, oferecendo uma prote\u00e7\u00e3o efetiva contra choques e quedas. O fundo preto real\u00e7a um espl\u00eandido design com salamandras em tons azuis, verdes, vermelhos e amarelos, cada uma adornada com padr\u00f5es geom\u00e9tricos inspirados na cer\u00e2mica tradicional espanhola. Estas salamandras, s\u00edmbolo de renova\u00e7\u00e3o e resist\u00eancia, combinam-se com flores coloridas que evocam o rico folclore de Espanha, criando uma pe\u00e7a art\u00edstica e funcional.<\/p>\n<p>Este acess\u00f3rio n\u00e3o s\u00f3 protege o seu telem\u00f3vel, como tamb\u00e9m confere um toque cultural e distintivo que reflete a autenticidade da arte espanhola. A liga\u00e7\u00e3o com a tradi\u00e7\u00e3o local torna-a uma recorda\u00e7\u00e3o excecional para turistas que procuram algo mais do que um simples protetor para o seu dispositivo: procuram um peda\u00e7o de Espanha para o seu dia a dia. Na Ol\u00e9 Mosaic, como distribuidores de souvenirs de qualidade, oferecemos esta capa como uma op\u00e7\u00e3o ideal para lojas de presentes tur\u00edsticos que desejem mostrar produtos que fundem arte e utilidade. Esta capa posiciona-se como uma recorda\u00e7\u00e3o perfeita que se destaca tanto pelo seu design como pelo seu significado cultural, tornando-se uma op\u00e7\u00e3o de compra atrativa.<\/p>\n","protected":false},"excerpt":{"rendered":"<p>Capa para iPhone 14 Pro Max fabricada em TPU, decorada com salamandras e flores de cores. A base preta real\u00e7a os vibrantes tons azuis, verdes, vermelhos e amarelos dos designs, inspirados no folclore espanhol. Cada salamandra apresenta um padr\u00e3o geom\u00e9trico que evoca a cer\u00e2mica tradicional, adicionando um toque art\u00edstico e aut\u00eantico. Ideal para quem procura proteger o seu telem\u00f3vel com um acess\u00f3rio \u00fanico e cheio de cultura.<\/p>\n","protected":false},"featured_media":13026,"template":"","meta":{"_acf_changed":false},"product_brand":[],"product_cat":[685],"product_tag":[516],"class_list":{"0":"post-35531","1":"product","2":"type-product","3":"status-publish","4":"has-post-thumbnail","6":"product_cat-capas-para-telemoveis","7":"product_tag-animais","8":"pa_motivo-salamandras","10":"first","11":"instock","12":"shipping-taxable","13":"product-type-simple"},"acf":[],"_links":{"self":[{"href":"https:\/\/olemosaic.com\/pt-pt\/wp-json\/wp\/v2\/product\/35531","targetHints":{"allow":["GET"]}}],"collection":[{"href":"https:\/\/olemosaic.com\/pt-pt\/wp-json\/wp\/v2\/product"}],"about":[{"href":"https:\/\/olemosaic.com\/pt-pt\/wp-json\/wp\/v2\/types\/product"}],"wp:featuredmedia":[{"embeddable":true,"href":"https:\/\/olemosaic.com\/pt-pt\/wp-json\/wp\/v2\/media\/13026"}],"wp:attachment":[{"href":"https:\/\/olemosaic.com\/pt-pt\/wp-json\/wp\/v2\/media?parent=35531"}],"wp:term":[{"taxonomy":"product_brand","embeddable":true,"href":"https:\/\/olemosaic.com\/pt-pt\/wp-json\/wp\/v2\/product_brand?post=35531"},{"taxonomy":"product_cat","embeddable":true,"href":"https:\/\/olemosaic.com\/pt-pt\/wp-json\/wp\/v2\/product_cat?post=35531"},{"taxonomy":"product_tag","embeddable":true,"href":"https:\/\/olemosaic.com\/pt-pt\/wp-json\/wp\/v2\/product_tag?post=35531"}],"curies":[{"name":"wp","href":"https:\/\/api.w.org\/{rel}","templated":true}]}}