{"id":35530,"date":"2025-02-20T22:34:58","date_gmt":"2025-02-20T22:34:58","guid":{"rendered":"http:\/\/olemosaic.com\/producto\/funda-de-telefono-para-xiaomi-12-tpu-punt-de-trobada-barcelona-blanco\/"},"modified":"2025-07-25T20:14:46","modified_gmt":"2025-07-25T18:14:46","slug":"capa-de-telemovel-para-xiaomi-12-tpu-punt-de-trobada-barcelona-branco","status":"publish","type":"product","link":"https:\/\/olemosaic.com\/pt-pt\/produto\/capa-de-telemovel-para-xiaomi-12-tpu-punt-de-trobada-barcelona-branco\/","title":{"rendered":"Capa de telem\u00f3vel para Xiaomi 12 (TPU). Punt de trobada. Barcelona. Branco"},"content":{"rendered":"<p>Capa de telem\u00f3vel de TPU para Xiaomi 12 com design &#8220;Punt de trobada&#8221; de Barcelona. Esta capa destaca-se pelo seu colorido vibrante e pela sua liga\u00e7\u00e3o direta \u00e0 emblem\u00e1tica obra do famoso artista e arquiteto Antoni Gaud\u00ed, que deixou uma marca indel\u00e9vel na cidade condal. Com um fundo branco imaculado que contrasta magnificamente com os mosaicos em tons de vermelho, amarelo, verde e azul, a capa captura a ess\u00eancia art\u00edstica e moderna de Barcelona, tornando-a um acess\u00f3rio ideal para quem deseja levar um peda\u00e7o desta cultura vibrante no seu dispositivo m\u00f3vel.<\/p>\n<p>O design inclui o texto &#8220;Barcelona&#8221; na parte inferior, refor\u00e7ando o v\u00ednculo entre o produto e a cidade. A capa, fabricada em TPU, proporciona n\u00e3o s\u00f3 um estilo apelativo, mas tamb\u00e9m uma prote\u00e7\u00e3o duradoura que resguarda o telem\u00f3vel de choques e riscos. Esta capa n\u00e3o \u00e9 apenas um elemento funcional, mas um souvenir representativo, perfeito para os turistas que procuram levar uma recorda\u00e7\u00e3o \u00fanica e aut\u00eantica da sua visita \u00e0 cidade.<\/p>\n<p>Na Ol\u00e9 Mosaic, especializamo-nos na distribui\u00e7\u00e3o de souvenirs por grosso, e esta capa de telem\u00f3vel \u201cPunt de trobada\u201d \u00e9 uma excelente op\u00e7\u00e3o para lojas de presentes tur\u00edsticos que desejam oferecer produtos de qualidade e com significado cultural. Um souvenir de Barcelona que combina arte, funcionalidade e estilo, ideal para qualquer amante desta cidade ic\u00f3nica.<\/p>\n","protected":false},"excerpt":{"rendered":"<p>Capa de telem\u00f3vel de TPU para Xiaomi 12, decorada com um design colorido inspirado no &#8220;Punt de trobada&#8221; de Barcelona. Este acess\u00f3rio, com o seu fundo branco, real\u00e7a os vivos mosaicos em tons vermelhos, amarelos, verdes e azuis, capturando a ess\u00eancia art\u00edstica da cidade. Com a palavra &#8220;Barcelona&#8221; na parte inferior, esta capa combina estilo e prote\u00e7\u00e3o, ideal para quem quer levar um peda\u00e7o de arte moderna no seu dispositivo.<\/p>\n","protected":false},"featured_media":12652,"template":"","meta":{"_acf_changed":false},"product_brand":[],"product_cat":[685],"product_tag":[],"class_list":{"0":"post-35530","1":"product","2":"type-product","3":"status-publish","4":"has-post-thumbnail","6":"product_cat-capas-para-telemoveis","7":"pa_ciudad-barcelona","8":"pa_motivo-punt-de-trobada","9":"pa_pais-espana","11":"first","12":"instock","13":"shipping-taxable","14":"product-type-simple"},"acf":[],"_links":{"self":[{"href":"https:\/\/olemosaic.com\/pt-pt\/wp-json\/wp\/v2\/product\/35530","targetHints":{"allow":["GET"]}}],"collection":[{"href":"https:\/\/olemosaic.com\/pt-pt\/wp-json\/wp\/v2\/product"}],"about":[{"href":"https:\/\/olemosaic.com\/pt-pt\/wp-json\/wp\/v2\/types\/product"}],"wp:featuredmedia":[{"embeddable":true,"href":"https:\/\/olemosaic.com\/pt-pt\/wp-json\/wp\/v2\/media\/12652"}],"wp:attachment":[{"href":"https:\/\/olemosaic.com\/pt-pt\/wp-json\/wp\/v2\/media?parent=35530"}],"wp:term":[{"taxonomy":"product_brand","embeddable":true,"href":"https:\/\/olemosaic.com\/pt-pt\/wp-json\/wp\/v2\/product_brand?post=35530"},{"taxonomy":"product_cat","embeddable":true,"href":"https:\/\/olemosaic.com\/pt-pt\/wp-json\/wp\/v2\/product_cat?post=35530"},{"taxonomy":"product_tag","embeddable":true,"href":"https:\/\/olemosaic.com\/pt-pt\/wp-json\/wp\/v2\/product_tag?post=35530"}],"curies":[{"name":"wp","href":"https:\/\/api.w.org\/{rel}","templated":true}]}}