{"id":35473,"date":"2025-02-20T23:34:57","date_gmt":"2025-02-20T22:34:57","guid":{"rendered":"http:\/\/olemosaic.com\/producto\/toro-figura-de-resina-de-32-cm-pintada-a-mano-3\/"},"modified":"2025-07-25T19:31:36","modified_gmt":"2025-07-25T17:31:36","slug":"touro-figura-de-resina-de-32-cm-pintada-a-mao-3","status":"publish","type":"product","link":"https:\/\/olemosaic.com\/pt-pt\/produto\/touro-figura-de-resina-de-32-cm-pintada-a-mao-3\/","title":{"rendered":"Touro. Figura de mosaico de 32 cm. V\u00e1rias cores."},"content":{"rendered":"<p>Figura de touro de resina de 32 cm, efeito pintado \u00e0 m\u00e3o com um colorido design em mosaico que captura a ess\u00eancia do folclore espanhol. Esta impressionante figura, para al\u00e9m do seu valor decorativo, simboliza a rica tradi\u00e7\u00e3o taurina que tem sido parte integrante da cultura de Espanha. Destaca-se pela sua vibrante paleta de cores, com tons intensos de vermelho, azul e amarelo, meticulosamente combinados para real\u00e7ar as caracter\u00edsticas distintivas do touro, um \u00edcone do esp\u00edrito espanhol.<\/p>\n<p>O acabamento brilhante e os expressivos detalhes do touro oferecem uma representa\u00e7\u00e3o aut\u00eantica e chamativa, perfeita para qualquer espa\u00e7o, desde uma loja de recorda\u00e7\u00f5es at\u00e9 uma sala. Esta figura \u00e9 um excelente souvenir que permite aos turistas levar um peda\u00e7o da cultura espanhola, recordando a emo\u00e7\u00e3o e a tradi\u00e7\u00e3o que rodeia as corridas e festividades taurinas.<\/p>\n<p>Na Ol\u00e9 Mosaic, especializamo-nos na distribui\u00e7\u00e3o de souvenirs por grosso e esta figura de touro efeito pintado \u00e0 m\u00e3o \u00e9 uma op\u00e7\u00e3o ideal para neg\u00f3cios que procuram oferecer produtos aut\u00eanticos e representativos de Espanha. Assessoramos lojas de presentes tur\u00edsticos com artigos que combinam qualidade, artesania e um profundo significado cultural. Como grossistas de figuras de resina, garantimos a autenticidade e a beleza de cada pe\u00e7a, tornando-a uma recorda\u00e7\u00e3o inesquec\u00edvel.<\/p>\n","protected":false},"excerpt":{"rendered":"<p>Figura de touro em resina de 32 cm, design artesanal, pintado \u00e0 m\u00e3o, que captura a ess\u00eancia do folclore espanhol. Este design colorido em mosaico apresenta uma variedade de tons vibrantes, como vermelho, azul e amarelo, que real\u00e7am as caracter\u00edsticas distintivas do touro. A figura, com detalhes expressivos e um acabamento brilhante, simboliza a tradi\u00e7\u00e3o taurina e \u00e9 uma recorda\u00e7\u00e3o perfeita para evocar a rica cultura espanhola. Ideal para decorar qualquer espa\u00e7o.<\/p>\n","protected":false},"featured_media":11086,"template":"","meta":{"_acf_changed":false},"product_brand":[],"product_cat":[552],"product_tag":[516],"class_list":{"0":"post-35473","1":"product","2":"type-product","3":"status-publish","4":"has-post-thumbnail","6":"product_cat-numeros","7":"product_tag-animais","8":"pa_motivo-touros","10":"first","11":"instock","12":"shipping-taxable","13":"product-type-simple"},"acf":[],"_links":{"self":[{"href":"https:\/\/olemosaic.com\/pt-pt\/wp-json\/wp\/v2\/product\/35473","targetHints":{"allow":["GET"]}}],"collection":[{"href":"https:\/\/olemosaic.com\/pt-pt\/wp-json\/wp\/v2\/product"}],"about":[{"href":"https:\/\/olemosaic.com\/pt-pt\/wp-json\/wp\/v2\/types\/product"}],"wp:featuredmedia":[{"embeddable":true,"href":"https:\/\/olemosaic.com\/pt-pt\/wp-json\/wp\/v2\/media\/11086"}],"wp:attachment":[{"href":"https:\/\/olemosaic.com\/pt-pt\/wp-json\/wp\/v2\/media?parent=35473"}],"wp:term":[{"taxonomy":"product_brand","embeddable":true,"href":"https:\/\/olemosaic.com\/pt-pt\/wp-json\/wp\/v2\/product_brand?post=35473"},{"taxonomy":"product_cat","embeddable":true,"href":"https:\/\/olemosaic.com\/pt-pt\/wp-json\/wp\/v2\/product_cat?post=35473"},{"taxonomy":"product_tag","embeddable":true,"href":"https:\/\/olemosaic.com\/pt-pt\/wp-json\/wp\/v2\/product_tag?post=35473"}],"curies":[{"name":"wp","href":"https:\/\/api.w.org\/{rel}","templated":true}]}}