{"id":35471,"date":"2025-02-20T23:34:57","date_gmt":"2025-02-20T22:34:57","guid":{"rendered":"http:\/\/olemosaic.com\/producto\/salamandra-figura-de-resina-de-135-cm-verde-pintada-a-mano\/"},"modified":"2025-07-25T19:51:05","modified_gmt":"2025-07-25T17:51:05","slug":"salamandra-figura-de-resina-de-135-cm-verde-pintada-a-mao","status":"publish","type":"product","link":"https:\/\/olemosaic.com\/pt-pt\/produto\/salamandra-figura-de-resina-de-135-cm-verde-pintada-a-mao\/","title":{"rendered":"Salamandra. Figura de mosaico de 13,5 cm. Verde."},"content":{"rendered":"<p>Figura de salamandra de resina.<\/p>\n<p>Este vibrante adorno em forma de salamandra, elaborado em resina e pintado \u00e0 m\u00e3o, torna-se uma pe\u00e7a essencial que reflete a rica tradi\u00e7\u00e3o artesanal espanhola. Com os seus 13,5 cm, esta salamandra destaca-se pelos seus cativantes mosaicos em tons verdes, azuis, vermelhos e amarelos. Cada detalhe do seu colorido design evoca o esp\u00edrito do folclore mediterr\u00e2nico, transportando quem a observa para um ambiente ensolarado e cheio de vida. A combina\u00e7\u00e3o de cores oferece um espet\u00e1culo visual que capta a ess\u00eancia da natureza e a diversidade da fauna espanhola, simbolizando a liga\u00e7\u00e3o cultural entre a arte e a natureza nesta regi\u00e3o.<\/p>\n<p>Ideal para decorar qualquer canto da sua casa, esta figura n\u00e3o \u00e9 apenas um objeto decorativo, mas tamb\u00e9m um aut\u00eantico souvenir que celebra a heran\u00e7a cultural de Espanha. O seu design \u00fanico torna-a um presente perfeito para aqueles que procuram levar um peda\u00e7o da tradi\u00e7\u00e3o e da arte do pa\u00eds. Desde a sua relev\u00e2ncia na cultura mediterr\u00e2nica at\u00e9 \u00e0 sua autenticidade como recorda\u00e7\u00e3o t\u00edpica, esta salamandra de resina \u00e9 uma excelente op\u00e7\u00e3o para turistas e amantes da arte. Na Ol\u00e9 Mosaic, especializamo-nos na distribui\u00e7\u00e3o de souvenirs por grosso, oferecendo artigos que se destacam pela sua qualidade e significado cultural, perfeitos para lojas de presentes tur\u00edsticos que procuram produtos \u00fanicos e aut\u00eanticos.<\/p>\n","protected":false},"excerpt":{"rendered":"<p>Figura de salamandra de 13,5 cm, elaborada em resina e design artesanal, pintado \u00e0 m\u00e3o. Este colorido adorno apresenta um design vibrante com mosaicos em tons verdes, azuis, vermelhos e amarelos que evocam o esp\u00edrito do folclore espanhol. Ideal para decorar qualquer canto da sua casa, esta salamandra captura a ess\u00eancia da natureza e da artesania tradicional, tornando-se um atrativo souvenir que real\u00e7a a cultura mediterr\u00e2nica.<\/p>\n","protected":false},"featured_media":7431,"template":"","meta":{"_acf_changed":false},"product_brand":[],"product_cat":[552],"product_tag":[516],"class_list":{"0":"post-35471","1":"product","2":"type-product","3":"status-publish","4":"has-post-thumbnail","6":"product_cat-numeros","7":"product_tag-animais","8":"pa_motivo-salamandras","10":"first","11":"instock","12":"shipping-taxable","13":"product-type-simple"},"acf":[],"_links":{"self":[{"href":"https:\/\/olemosaic.com\/pt-pt\/wp-json\/wp\/v2\/product\/35471","targetHints":{"allow":["GET"]}}],"collection":[{"href":"https:\/\/olemosaic.com\/pt-pt\/wp-json\/wp\/v2\/product"}],"about":[{"href":"https:\/\/olemosaic.com\/pt-pt\/wp-json\/wp\/v2\/types\/product"}],"wp:featuredmedia":[{"embeddable":true,"href":"https:\/\/olemosaic.com\/pt-pt\/wp-json\/wp\/v2\/media\/7431"}],"wp:attachment":[{"href":"https:\/\/olemosaic.com\/pt-pt\/wp-json\/wp\/v2\/media?parent=35471"}],"wp:term":[{"taxonomy":"product_brand","embeddable":true,"href":"https:\/\/olemosaic.com\/pt-pt\/wp-json\/wp\/v2\/product_brand?post=35471"},{"taxonomy":"product_cat","embeddable":true,"href":"https:\/\/olemosaic.com\/pt-pt\/wp-json\/wp\/v2\/product_cat?post=35471"},{"taxonomy":"product_tag","embeddable":true,"href":"https:\/\/olemosaic.com\/pt-pt\/wp-json\/wp\/v2\/product_tag?post=35471"}],"curies":[{"name":"wp","href":"https:\/\/api.w.org\/{rel}","templated":true}]}}