{"id":35412,"date":"2025-02-20T23:34:55","date_gmt":"2025-02-20T22:34:55","guid":{"rendered":"http:\/\/olemosaic.com\/producto\/bailaora-figura-de-resina-de-17-cm-rojo-pintada-a-mano\/"},"modified":"2025-07-25T18:40:35","modified_gmt":"2025-07-25T16:40:35","slug":"bailarina-flamenco-figura-resina-17-cm-vermelho-pintada-a-mao","status":"publish","type":"product","link":"https:\/\/olemosaic.com\/pt-pt\/produto\/bailarina-flamenco-figura-resina-17-cm-vermelho-pintada-a-mao\/","title":{"rendered":"Bailarina de Flamenco. Figura de mosaico de 17 cm. Vermelho."},"content":{"rendered":"<p>Figura de resina de bailarina flamenca de 17 cm<\/p>\n<p>Descubra a nossa deslumbrante figura de resina, que capta a ess\u00eancia do flamenco andaluz com uma bailarina numa pose din\u00e2mica, segurando um leque com eleg\u00e2ncia. Com uma altura de 17 cm, esta escultura com efeito pintado \u00e0 m\u00e3o \u00e9 uma representa\u00e7\u00e3o vibrante da tradi\u00e7\u00e3o espanhola, destacando-se pelo seu vestido vermelho intenso adornado com detalhes de mosaico, conferindo um toque de modernidade a um cl\u00e1ssico intemporal. Os tons preto e branco da figura contrastam maravilhosamente com o vermelho, acrescentando eleg\u00e2ncia e sofistica\u00e7\u00e3o \u00e0 composi\u00e7\u00e3o.<\/p>\n<p>O penteado apanhado e os detalhes delicados das mangas da bailarina conferem uma aura aut\u00eantica e encantadora que evoca as atua\u00e7\u00f5es apaixonadas nos tablaos de Sevilha. Este souvenir n\u00e3o \u00e9 apenas uma representa\u00e7\u00e3o art\u00edstica, mas tamb\u00e9m uma homenagem \u00e0 cultura espanhola, perfeito para quem procura levar um peda\u00e7o da Andaluzia para casa. \u00c9 um presente ideal para turistas que desejem uma recorda\u00e7\u00e3o t\u00edpica da sua visita a Espanha, destacando-se como uma pe\u00e7a aut\u00eantica e significativa. Na Ol\u00e9 Mosaic, somos distribuidores de souvenirs que garantem autenticidade e qualidade, oferecendo produtos que celebram a rica heran\u00e7a cultural de Espanha. Sem d\u00favida, esta figura de bailarina \u00e9 uma excelente op\u00e7\u00e3o para lojas de presentes tur\u00edsticos que procuram oferecer artigos representativos e \u00fanicos.<\/p>\n","protected":false},"excerpt":{"rendered":"<p>Figura de 17 cm que representa uma bailarina de flamenco numa pose din\u00e2mica, com um leque na m\u00e3o. Esta escultura, de design artesanal e pintada \u00e0 m\u00e3o, destaca-se pelo seu vestido vermelho vibrante com detalhes de mosaico e uma rica decora\u00e7\u00e3o em preto e branco, evocando a tradi\u00e7\u00e3o andaluza. O cabelo apanhado e os detalhes das mangas conferem-lhe um toque aut\u00eantico e elegante, ideal para os amantes da cultura espanhola.<\/p>\n","protected":false},"featured_media":6121,"template":"","meta":{"_acf_changed":false},"product_brand":[],"product_cat":[552],"product_tag":[],"class_list":{"0":"post-35412","1":"product","2":"type-product","3":"status-publish","4":"has-post-thumbnail","6":"product_cat-numeros","7":"pa_motivo-dancarinos","9":"first","10":"instock","11":"shipping-taxable","12":"product-type-simple"},"acf":[],"_links":{"self":[{"href":"https:\/\/olemosaic.com\/pt-pt\/wp-json\/wp\/v2\/product\/35412","targetHints":{"allow":["GET"]}}],"collection":[{"href":"https:\/\/olemosaic.com\/pt-pt\/wp-json\/wp\/v2\/product"}],"about":[{"href":"https:\/\/olemosaic.com\/pt-pt\/wp-json\/wp\/v2\/types\/product"}],"wp:featuredmedia":[{"embeddable":true,"href":"https:\/\/olemosaic.com\/pt-pt\/wp-json\/wp\/v2\/media\/6121"}],"wp:attachment":[{"href":"https:\/\/olemosaic.com\/pt-pt\/wp-json\/wp\/v2\/media?parent=35412"}],"wp:term":[{"taxonomy":"product_brand","embeddable":true,"href":"https:\/\/olemosaic.com\/pt-pt\/wp-json\/wp\/v2\/product_brand?post=35412"},{"taxonomy":"product_cat","embeddable":true,"href":"https:\/\/olemosaic.com\/pt-pt\/wp-json\/wp\/v2\/product_cat?post=35412"},{"taxonomy":"product_tag","embeddable":true,"href":"https:\/\/olemosaic.com\/pt-pt\/wp-json\/wp\/v2\/product_tag?post=35412"}],"curies":[{"name":"wp","href":"https:\/\/api.w.org\/{rel}","templated":true}]}}