{"id":35411,"date":"2025-02-20T23:34:55","date_gmt":"2025-02-20T22:34:55","guid":{"rendered":"http:\/\/olemosaic.com\/producto\/bailaora-figura-de-resina-de-10-cm-rojo-pintada-a-mano\/"},"modified":"2025-07-25T19:17:35","modified_gmt":"2025-07-25T17:17:35","slug":"bailarina-flamenco-figura-resina-10-cm-vermelho-pintada-a-mao","status":"publish","type":"product","link":"https:\/\/olemosaic.com\/pt-pt\/produto\/bailarina-flamenco-figura-resina-10-cm-vermelho-pintada-a-mao\/","title":{"rendered":"Bailarina de Flamenco. Figura de mosaico de 10 cm. Vermelho."},"content":{"rendered":"<p>Figura de resina de bailarina de flamenco, 10 cm.<\/p>\n<p>Esta vistosa figura de resina representa uma bailarina de flamenco em pleno movimento, um s\u00edmbolo ic\u00f3nico da cultura andaluza que capta a ess\u00eancia desta arte apaixonante. Com 10 cm de altura, a figura aparenta ser pintada \u00e0 m\u00e3o, lo que lhe confere um acabamento \u00fanico e aut\u00eantico. A bailarina veste um vibrante traje vermelho, adornado com pequenos mosaicos que evocam a riqueza da tradi\u00e7\u00e3o espanhola. A saia, com folhos na base, acrescenta dinamismo \u00e0 pe\u00e7a, simulando o fluir e o movimento da sua dan\u00e7a. O seu gesto elegante e a sua express\u00e3o radiante destacam a sua energia contagiante, enquanto segura um delicado leque que confere um toque de autenticidade a esta representa\u00e7\u00e3o do folclore espanhol.<\/p>\n<p>Este souvenir \u00e9 mais do que um simples elemento decorativo; \u00e9 uma recorda\u00e7\u00e3o da paix\u00e3o e da arte que o flamenco representa na Andaluzia. Ideal para turistas que procuram levar um peda\u00e7o da cultura espanhola, esta figura de bailarina tornar-se-\u00e1 um objeto precioso que evocar\u00e1 mem\u00f3rias da sua viagem. Na Ol\u00e9 Mosaic, dedicamo-nos \u00e0 distribui\u00e7\u00e3o de souvenirs por grosso, e esta figura de bailarina \u00e9 uma sele\u00e7\u00e3o perfeita para lojas de presentes tur\u00edsticos que desejem oferecer recorda\u00e7\u00f5es aut\u00eanticas e representativas de Espanha. Com cada detalhe meticulosamente elaborado, esta figura posiciona-se como um excelente souvenir que traz alegria e cor a qualquer espa\u00e7o.<\/p>\n","protected":false},"excerpt":{"rendered":"<p>Figura de 10 cm que representa uma bailarina de flamenco em pleno movimento, design artesanal, pintada \u00e0 m\u00e3o. Com um vibrante traje vermelho adornado com pequenos mosaicos e folhos na base, a figura capta a ess\u00eancia do folclore espanhol. A bailarina segura um elegante leque, o que acrescenta um toque de autenticidade \u00e0 cena. Ideal como recorda\u00e7\u00e3o ou elemento decorativo que evoca a cultura andaluza e a sua paix\u00e3o pela dan\u00e7a.<\/p>\n","protected":false},"featured_media":6129,"template":"","meta":{"_acf_changed":false},"product_brand":[],"product_cat":[552],"product_tag":[],"class_list":{"0":"post-35411","1":"product","2":"type-product","3":"status-publish","4":"has-post-thumbnail","6":"product_cat-numeros","7":"pa_motivo-dancarinos","9":"first","10":"instock","11":"shipping-taxable","12":"product-type-simple"},"acf":[],"_links":{"self":[{"href":"https:\/\/olemosaic.com\/pt-pt\/wp-json\/wp\/v2\/product\/35411","targetHints":{"allow":["GET"]}}],"collection":[{"href":"https:\/\/olemosaic.com\/pt-pt\/wp-json\/wp\/v2\/product"}],"about":[{"href":"https:\/\/olemosaic.com\/pt-pt\/wp-json\/wp\/v2\/types\/product"}],"wp:featuredmedia":[{"embeddable":true,"href":"https:\/\/olemosaic.com\/pt-pt\/wp-json\/wp\/v2\/media\/6129"}],"wp:attachment":[{"href":"https:\/\/olemosaic.com\/pt-pt\/wp-json\/wp\/v2\/media?parent=35411"}],"wp:term":[{"taxonomy":"product_brand","embeddable":true,"href":"https:\/\/olemosaic.com\/pt-pt\/wp-json\/wp\/v2\/product_brand?post=35411"},{"taxonomy":"product_cat","embeddable":true,"href":"https:\/\/olemosaic.com\/pt-pt\/wp-json\/wp\/v2\/product_cat?post=35411"},{"taxonomy":"product_tag","embeddable":true,"href":"https:\/\/olemosaic.com\/pt-pt\/wp-json\/wp\/v2\/product_tag?post=35411"}],"curies":[{"name":"wp","href":"https:\/\/api.w.org\/{rel}","templated":true}]}}