{"id":35409,"date":"2025-02-20T23:34:55","date_gmt":"2025-02-20T22:34:55","guid":{"rendered":"http:\/\/olemosaic.com\/producto\/bailaora-figura-de-resina-de-12-cm-rojo-pintada-a-mano\/"},"modified":"2025-07-25T18:35:20","modified_gmt":"2025-07-25T16:35:20","slug":"bailarina-flamenco-figura-resina-12-cm-vermelho-pintada-a-mao","status":"publish","type":"product","link":"https:\/\/olemosaic.com\/pt-pt\/produto\/bailarina-flamenco-figura-resina-12-cm-vermelho-pintada-a-mao\/","title":{"rendered":"Bailarina de Flamenco. Figura de mosaico de 12 cm. Vermelho."},"content":{"rendered":"<p>Figura de resina de bailarina de flamenco<\/p>\n<p>Esta encantadora figura de resina, de 12 cm, representa a paix\u00e3o e a arte do flamenco, um s\u00edmbolo emblem\u00e1tico da cultura espanhola. Pintada \u00e0 m\u00e3o em tons vibrantes de vermelho, a bailarina cativa com a sua pose elegante, segurando um leque colorido que acrescenta um toque din\u00e2mico \u00e0 composi\u00e7\u00e3o. O seu vestido, adornado com folhos e detalhes em branco contrastantes, real\u00e7a a beleza da sua figura, evocando o movimento e a energia da dan\u00e7a flamenca. Cada detalhe foi meticulosamente elaborado para refletir o esp\u00edrito ardente do folclore andaluz, tornando esta pe\u00e7a numa aut\u00eantica obra de arte.<\/p>\n<p>Este souvenir n\u00e3o \u00e9 apenas um magn\u00edfico adorno, mas tamb\u00e9m uma recorda\u00e7\u00e3o inesquec\u00edvel de Espanha, ideal para quem procura levar consigo um peda\u00e7o da rica tradi\u00e7\u00e3o cultural da Andaluzia. Sendo um presente perfeito para turistas e amantes da arte flamenca, esta figura de bailarina \u00e9 uma excelente adi\u00e7\u00e3o a qualquer loja de recorda\u00e7\u00f5es tur\u00edsticas. Na Ol\u00e9 Mosaic, oferecemos souvenirs de flamenco aut\u00eanticos e de qualidade, garantindo que cada artigo cumpre os mais elevados padr\u00f5es de artesanato. Esta figura de bailarina \u00e9, sem d\u00favida, um exemplo de destaque da nossa cole\u00e7\u00e3o de souvenirs, ideal para distribuidores que procuram produtos representativos e repletos de cultura.<\/p>\n","protected":false},"excerpt":{"rendered":"<p>Figura de 12 cm que representa uma bailarina de flamenco, design artesanal, pintada \u00e0 m\u00e3o, em tons vibrantes de vermelho com detalhes em branco. Este souvenir distintivo capta a ess\u00eancia do flamenco, mostrando a bailarina numa pose elegante enquanto segura um leque colorido. O seu vestido, adornado com folhos, real\u00e7a a paix\u00e3o e a energia do folclore andaluz, tornando-a um artigo perfeito para os amantes da cultura espanhola.<\/p>\n","protected":false},"featured_media":6125,"template":"","meta":{"_acf_changed":false},"product_brand":[],"product_cat":[552],"product_tag":[],"class_list":{"0":"post-35409","1":"product","2":"type-product","3":"status-publish","4":"has-post-thumbnail","6":"product_cat-numeros","7":"pa_motivo-dancarinos","9":"first","10":"instock","11":"shipping-taxable","12":"product-type-simple"},"acf":[],"_links":{"self":[{"href":"https:\/\/olemosaic.com\/pt-pt\/wp-json\/wp\/v2\/product\/35409","targetHints":{"allow":["GET"]}}],"collection":[{"href":"https:\/\/olemosaic.com\/pt-pt\/wp-json\/wp\/v2\/product"}],"about":[{"href":"https:\/\/olemosaic.com\/pt-pt\/wp-json\/wp\/v2\/types\/product"}],"wp:featuredmedia":[{"embeddable":true,"href":"https:\/\/olemosaic.com\/pt-pt\/wp-json\/wp\/v2\/media\/6125"}],"wp:attachment":[{"href":"https:\/\/olemosaic.com\/pt-pt\/wp-json\/wp\/v2\/media?parent=35409"}],"wp:term":[{"taxonomy":"product_brand","embeddable":true,"href":"https:\/\/olemosaic.com\/pt-pt\/wp-json\/wp\/v2\/product_brand?post=35409"},{"taxonomy":"product_cat","embeddable":true,"href":"https:\/\/olemosaic.com\/pt-pt\/wp-json\/wp\/v2\/product_cat?post=35409"},{"taxonomy":"product_tag","embeddable":true,"href":"https:\/\/olemosaic.com\/pt-pt\/wp-json\/wp\/v2\/product_tag?post=35409"}],"curies":[{"name":"wp","href":"https:\/\/api.w.org\/{rel}","templated":true}]}}