{"id":35358,"date":"2025-02-20T23:34:54","date_gmt":"2025-02-20T22:34:54","guid":{"rendered":"http:\/\/olemosaic.com\/producto\/buho-figura-de-resina-de-12-cm-pintada-a-mano\/"},"modified":"2025-07-25T18:40:27","modified_gmt":"2025-07-25T16:40:27","slug":"mocho-figura-de-resina-de-12-cm-pintada-a-mao","status":"publish","type":"product","link":"https:\/\/olemosaic.com\/pt-pt\/produto\/mocho-figura-de-resina-de-12-cm-pintada-a-mao\/","title":{"rendered":"Figura de mocho de mosaico de 8 cm."},"content":{"rendered":"<p>Figura de mocho de resina<\/p>\n<p>Descubra a nossa encantadora figura de mocho de resina de 12 cm, uma obra-prima da arte decorativa espanhola. Esta atraente pe\u00e7a destaca-se pelo seu vibrante mosaico, que combina tonalidades de amarelo, azul, verde e vermelho num design cativante que cobre o seu corpo. Cada detalhe foi meticulosamente pintado \u00e0 m\u00e3o, garantindo a singularidade e autenticidade de cada mocho. Os seus olhos grandes e expressivos, juntamente com o seu design detalhado, n\u00e3o s\u00f3 conferem um toque de alegria a qualquer espa\u00e7o, como tamb\u00e9m refletem a rica heran\u00e7a cultural de Espanha, onde a arte da cer\u00e2mica e da pintura \u00e9 celebrada com orgulho.<\/p>\n<p>Este mocho n\u00e3o \u00e9 apenas um objeto decorativo, mas uma recorda\u00e7\u00e3o representativa que captura a ess\u00eancia do folclore espanhol e a sua liga\u00e7\u00e3o com a natureza. Ideal como recorda\u00e7\u00e3o, esta figura \u00e9 uma excelente ideia de presente para quem procura levar um peda\u00e7o da cultura e artesanato espanh\u00f3is. Na Ol\u00e9 Mosaic, como grossistas de recorda\u00e7\u00f5es artesanais, oferecemos produtos aut\u00eanticos que real\u00e7am a cultura local e s\u00e3o perfeitos para lojas de presentes tur\u00edsticos. Adicione este mocho de resina \u00e0 sua cole\u00e7\u00e3o e deixe que a sua alegria e cor iluminem a sua casa ou a dos seus entes queridos.<\/p>\n","protected":false},"excerpt":{"rendered":"<p>Figura de mocho de 12 cm, design artesanal, pintado \u00e0 m\u00e3o. O seu design destaca-se por um colorido mosaico em tons amarelos, azuis, verdes e vermelhos, que cria um padr\u00e3o atraente em todo o seu corpo. Este mocho, com os seus grandes olhos expressivos e detalhes bem definidos, \u00e9 uma excelente recorda\u00e7\u00e3o que evoca a riqueza cultural e artesanal de Espanha, perfeito para embelezar qualquer espa\u00e7o.<\/p>\n","protected":false},"featured_media":6430,"template":"","meta":{"_acf_changed":false},"product_brand":[],"product_cat":[552],"product_tag":[516],"class_list":{"0":"post-35358","1":"product","2":"type-product","3":"status-publish","4":"has-post-thumbnail","6":"product_cat-numeros","7":"product_tag-animais","8":"pa_motivo-corujas","10":"first","11":"instock","12":"shipping-taxable","13":"product-type-simple"},"acf":[],"_links":{"self":[{"href":"https:\/\/olemosaic.com\/pt-pt\/wp-json\/wp\/v2\/product\/35358","targetHints":{"allow":["GET"]}}],"collection":[{"href":"https:\/\/olemosaic.com\/pt-pt\/wp-json\/wp\/v2\/product"}],"about":[{"href":"https:\/\/olemosaic.com\/pt-pt\/wp-json\/wp\/v2\/types\/product"}],"wp:featuredmedia":[{"embeddable":true,"href":"https:\/\/olemosaic.com\/pt-pt\/wp-json\/wp\/v2\/media\/6430"}],"wp:attachment":[{"href":"https:\/\/olemosaic.com\/pt-pt\/wp-json\/wp\/v2\/media?parent=35358"}],"wp:term":[{"taxonomy":"product_brand","embeddable":true,"href":"https:\/\/olemosaic.com\/pt-pt\/wp-json\/wp\/v2\/product_brand?post=35358"},{"taxonomy":"product_cat","embeddable":true,"href":"https:\/\/olemosaic.com\/pt-pt\/wp-json\/wp\/v2\/product_cat?post=35358"},{"taxonomy":"product_tag","embeddable":true,"href":"https:\/\/olemosaic.com\/pt-pt\/wp-json\/wp\/v2\/product_tag?post=35358"}],"curies":[{"name":"wp","href":"https:\/\/api.w.org\/{rel}","templated":true}]}}