{"id":35357,"date":"2025-02-20T23:34:54","date_gmt":"2025-02-20T22:34:54","guid":{"rendered":"http:\/\/olemosaic.com\/producto\/bailaora-figura-de-resina-de-12-cm-rojo-blanco-pintada-a-mano\/"},"modified":"2025-07-25T22:36:23","modified_gmt":"2025-07-25T20:36:23","slug":"bailarina-figura-de-resina-de-12-cm-vermelho-branco-pintada-a-mao","status":"publish","type":"product","link":"https:\/\/olemosaic.com\/pt-pt\/produto\/bailarina-figura-de-resina-de-12-cm-vermelho-branco-pintada-a-mao\/","title":{"rendered":"Bailarina. Figura de mosaico de 12 cm. Vermelho \/ branco."},"content":{"rendered":"<p>Figura de Bailarina Flamenca em Resina<\/p>\n<p>Descubra esta encantadora figura de resina de 12 cm que captura a ess\u00eancia do flamenco espanhol, representando uma bailarina em plena atua\u00e7\u00e3o. Com um vibrante vestido vermelho com grandes bolas brancas e folhos abundantes na saia, esta figura reflete a paix\u00e3o e o ritmo da Andaluzia. A bailarina segura um leque colorido, um acess\u00f3rio indispens\u00e1vel na arte flamenca, que adiciona um toque de autenticidade \u00e0 pe\u00e7a. Pintada \u00e0 m\u00e3o, cada detalhe foi cuidadosamente elaborado, desde os tra\u00e7os finos do rosto at\u00e9 \u00e0s dobras din\u00e2micas do seu vestido, gerando uma sensa\u00e7\u00e3o de movimento e gra\u00e7a.<\/p>\n<p>Este produto \u00e9 a recorda\u00e7\u00e3o perfeita para quem deseja levar um peda\u00e7o da cultura andaluza para casa. A figura da bailarina flamenca n\u00e3o \u00e9 apenas um bonito adorno, mas um s\u00edmbolo do patrim\u00f3nio cultural de Espanha, que evoca a m\u00fasica e a dan\u00e7a, elementos essenciais da identidade andaluza. Na Ol\u00e9 Mosaic, como especialistas na distribui\u00e7\u00e3o de recorda\u00e7\u00f5es por grosso, oferecemos esta figura de bailarina, ideal para lojas de presentes tur\u00edsticos que desejem oferecer aos seus clientes uma representa\u00e7\u00e3o aut\u00eantica da tradi\u00e7\u00e3o flamenca. Com esta pe\u00e7a, os turistas poder\u00e3o recordar a sua passagem pela Andaluzia de uma maneira especial, levando consigo um fragmento da sua magia cultural.<\/p>\n","protected":false},"excerpt":{"rendered":"<p>Figura de 12 cm que representa uma bailarina de flamenco. Esta encantadora figura, de design artesanal, pintada \u00e0 m\u00e3o, em vermelho e branco, captura a ess\u00eancia da dan\u00e7a espanhola com o seu vestido de folhos e bolas. Segura um leque colorido, reflexo da cultura andaluza. Com os seus detalhes finos e pose din\u00e2mica, \u00e9 uma excelente recorda\u00e7\u00e3o que evoca a arte do flamenco e o esp\u00edrito da Andaluzia.<\/p>\n","protected":false},"featured_media":6122,"template":"","meta":{"_acf_changed":false},"product_brand":[],"product_cat":[552],"product_tag":[],"class_list":{"0":"post-35357","1":"product","2":"type-product","3":"status-publish","4":"has-post-thumbnail","6":"product_cat-numeros","7":"pa_motivo-dancarinos","9":"first","10":"instock","11":"shipping-taxable","12":"product-type-simple"},"acf":[],"_links":{"self":[{"href":"https:\/\/olemosaic.com\/pt-pt\/wp-json\/wp\/v2\/product\/35357","targetHints":{"allow":["GET"]}}],"collection":[{"href":"https:\/\/olemosaic.com\/pt-pt\/wp-json\/wp\/v2\/product"}],"about":[{"href":"https:\/\/olemosaic.com\/pt-pt\/wp-json\/wp\/v2\/types\/product"}],"wp:featuredmedia":[{"embeddable":true,"href":"https:\/\/olemosaic.com\/pt-pt\/wp-json\/wp\/v2\/media\/6122"}],"wp:attachment":[{"href":"https:\/\/olemosaic.com\/pt-pt\/wp-json\/wp\/v2\/media?parent=35357"}],"wp:term":[{"taxonomy":"product_brand","embeddable":true,"href":"https:\/\/olemosaic.com\/pt-pt\/wp-json\/wp\/v2\/product_brand?post=35357"},{"taxonomy":"product_cat","embeddable":true,"href":"https:\/\/olemosaic.com\/pt-pt\/wp-json\/wp\/v2\/product_cat?post=35357"},{"taxonomy":"product_tag","embeddable":true,"href":"https:\/\/olemosaic.com\/pt-pt\/wp-json\/wp\/v2\/product_tag?post=35357"}],"curies":[{"name":"wp","href":"https:\/\/api.w.org\/{rel}","templated":true}]}}