{"id":35355,"date":"2025-02-20T22:34:53","date_gmt":"2025-02-20T22:34:53","guid":{"rendered":"http:\/\/olemosaic.com\/producto\/bola-de-navidad-con-caja-sagrada-familia-barcelona\/"},"modified":"2025-07-25T20:08:59","modified_gmt":"2025-07-25T18:08:59","slug":"bola-de-natal-com-caixa-sagrada-familia-barcelona","status":"publish","type":"product","link":"https:\/\/olemosaic.com\/pt-pt\/produto\/bola-de-natal-com-caixa-sagrada-familia-barcelona\/","title":{"rendered":"Bola de Natal com caixa. Sagrada Fam\u00edlia. Barcelona."},"content":{"rendered":"<p>Descubra o esp\u00edrito vibrante de Barcelona com a nossa Bola de Natal decorativa, inspirada na emblem\u00e1tica Sagrada Fam\u00edlia. Este encantador adorno, elaborado em cer\u00e2mica de alta qualidade, apresenta uma representa\u00e7\u00e3o colorida e detalhada de um dos monumentos mais ic\u00f3nicos da cidade. No design, a majestosa Sagrada Fam\u00edlia ergue-se em todo o seu esplendor, rodeada por um lagarto em mosaico que evoca o inconfund\u00edvel estilo de Gaud\u00ed, enquanto os textos que destacam o nome de Barcelona adicionam um toque local e aut\u00eantico \u00e0 recorda\u00e7\u00e3o. O seu acabamento elegante, adornado com um la\u00e7o vermelho brilhante, torna-a uma op\u00e7\u00e3o ideal para decorar a \u00e1rvore de Natal, evocando n\u00e3o s\u00f3 o esp\u00edrito festivo, mas tamb\u00e9m a arte e a criatividade presentes em cada canto da cidade. Esta bola de Natal n\u00e3o \u00e9 apenas um adorno precioso, mas tamb\u00e9m uma aut\u00eantica recorda\u00e7\u00e3o de Barcelona que captura a ess\u00eancia da sua rica heran\u00e7a cultural. Na Ol\u00e9 Mosaic, somos especialistas na distribui\u00e7\u00e3o de recorda\u00e7\u00f5es por grosso, e esta bola de Natal \u00e9 uma excelente escolha para lojas de presentes tur\u00edsticos que procuram oferecer produtos representativos e de qualidade. Com este artigo, os seus clientes levar\u00e3o um peda\u00e7o de Barcelona e uma recorda\u00e7\u00e3o indel\u00e9vel da sua visita.<\/p>\n","protected":false},"excerpt":{"rendered":"<p>Bola de Natal decorativa com um design colorido inspirado na emblem\u00e1tica Sagrada Fam\u00edlia de Barcelona. Elaborada em cer\u00e2mica, esta bola apresenta uma vibrante representa\u00e7\u00e3o do famoso edif\u00edcio, acompanhada por um lagarto de mosaico e textos que destacam o nome da cidade. O seu acabamento elegante, com um la\u00e7o vermelho, torna-a um adorno perfeito para a \u00e1rvore de Natal, evocando o esp\u00edrito festivo e a arte de Gaud\u00ed.<\/p>\n","protected":false},"featured_media":9761,"template":"","meta":{"_acf_changed":false},"product_brand":[],"product_cat":[652],"product_tag":[642],"class_list":{"0":"post-35355","1":"product","2":"type-product","3":"status-publish","4":"has-post-thumbnail","6":"product_cat-bolas-de-natal","7":"product_tag-natal","8":"pa_ciudad-barcelona","9":"pa_motivo-sagrada-familia","10":"pa_pais-espana","12":"first","13":"instock","14":"shipping-taxable","15":"product-type-simple"},"acf":[],"_links":{"self":[{"href":"https:\/\/olemosaic.com\/pt-pt\/wp-json\/wp\/v2\/product\/35355","targetHints":{"allow":["GET"]}}],"collection":[{"href":"https:\/\/olemosaic.com\/pt-pt\/wp-json\/wp\/v2\/product"}],"about":[{"href":"https:\/\/olemosaic.com\/pt-pt\/wp-json\/wp\/v2\/types\/product"}],"wp:featuredmedia":[{"embeddable":true,"href":"https:\/\/olemosaic.com\/pt-pt\/wp-json\/wp\/v2\/media\/9761"}],"wp:attachment":[{"href":"https:\/\/olemosaic.com\/pt-pt\/wp-json\/wp\/v2\/media?parent=35355"}],"wp:term":[{"taxonomy":"product_brand","embeddable":true,"href":"https:\/\/olemosaic.com\/pt-pt\/wp-json\/wp\/v2\/product_brand?post=35355"},{"taxonomy":"product_cat","embeddable":true,"href":"https:\/\/olemosaic.com\/pt-pt\/wp-json\/wp\/v2\/product_cat?post=35355"},{"taxonomy":"product_tag","embeddable":true,"href":"https:\/\/olemosaic.com\/pt-pt\/wp-json\/wp\/v2\/product_tag?post=35355"}],"curies":[{"name":"wp","href":"https:\/\/api.w.org\/{rel}","templated":true}]}}