{"id":35354,"date":"2025-02-20T23:34:53","date_gmt":"2025-02-20T22:34:53","guid":{"rendered":"http:\/\/olemosaic.com\/producto\/4-bols-de-coco-de-13-x-6-cm-bailaora-4\/"},"modified":"2025-07-25T20:25:27","modified_gmt":"2025-07-25T18:25:27","slug":"4-tacas-de-coco-de-13-x-6-cm-bailarina-4","status":"publish","type":"product","link":"https:\/\/olemosaic.com\/pt-pt\/produto\/4-tacas-de-coco-de-13-x-6-cm-bailarina-4\/","title":{"rendered":"4 Ta\u00e7as de coco de 13 x 6 cm. Bailarina."},"content":{"rendered":"<p>Estas vibrantes ta\u00e7as de coco s\u00e3o uma espl\u00eandida homenagem \u00e0 cultura flamenca da Andaluzia, ideais para adicionar um toque de cor a qualquer espa\u00e7o. Com um tamanho perfeito de 13 x 6 cm, cada uma das quatro ta\u00e7as \u2013 desenhadas em tons de azul, vermelho, laranja e f\u00facsia \u2013 s\u00e3o cuidadosamente elaboradas e pintadas \u00e0 m\u00e3o, o que lhes confere um car\u00e1cter \u00fanico e aut\u00eantico. As decora\u00e7\u00f5es representam graciosas bailarinas em movimento, evocando a ess\u00eancia do flamenco, cuja paix\u00e3o e arte se refletem em cada detalhe. O acabamento brilhante, que complementa as ilustra\u00e7\u00f5es, real\u00e7a a vibrante paleta de cores, transformando estas ta\u00e7as num atraente elemento decorativo que cativa o olhar.<\/p>\n<p>Cada ta\u00e7a n\u00e3o \u00e9 apenas um objeto funcional, ideal para servir aperitivos ou como elemento decorativo, mas tamb\u00e9m uma aut\u00eantica recorda\u00e7\u00e3o que captura a rica tradi\u00e7\u00e3o cultural de Espanha. A liga\u00e7\u00e3o com a dan\u00e7a flamenca torna estas ta\u00e7as perfeitas para turistas em busca de recorda\u00e7\u00f5es representativas e aut\u00eanticas da sua experi\u00eancia na Andaluzia. Na Ol\u00e9 Mosaic, especializamo-nos na distribui\u00e7\u00e3o de recorda\u00e7\u00f5es por grosso, oferecendo produtos que se destacam pela sua qualidade e autenticidade. Estas ta\u00e7as s\u00e3o uma excelente op\u00e7\u00e3o para lojas de presentes tur\u00edsticos que desejam oferecer aos seus clientes um verdadeiro peda\u00e7o da cultura espanhola.<\/p>\n","protected":false},"excerpt":{"rendered":"<p>Ta\u00e7as de coco de 13 x 6 cm com atraentes designs de bailarinas flamencas, perfeitas para dar um toque de cor a qualquer espa\u00e7o. Estas vibrantes ta\u00e7as, dispon\u00edveis em quatro cores (azul, vermelho, laranja e f\u00facsia), apresentam ilustra\u00e7\u00f5es com efeito pintado \u00e0 m\u00e3o que capturam a ess\u00eancia do flamenco. Com o seu acabamento brilhante e as suas decora\u00e7\u00f5es que evocam a arte e a cultura andaluzas, s\u00e3o ideais como recorda\u00e7\u00f5es ou para o uso di\u00e1rio.<\/p>\n","protected":false},"featured_media":13827,"template":"","meta":{"_acf_changed":false},"product_brand":[],"product_cat":[513],"product_tag":[],"class_list":{"0":"post-35354","1":"product","2":"type-product","3":"status-publish","4":"has-post-thumbnail","6":"product_cat-bols","7":"pa_motivo-dancarinos","9":"first","10":"instock","11":"shipping-taxable","12":"product-type-simple"},"acf":[],"_links":{"self":[{"href":"https:\/\/olemosaic.com\/pt-pt\/wp-json\/wp\/v2\/product\/35354","targetHints":{"allow":["GET"]}}],"collection":[{"href":"https:\/\/olemosaic.com\/pt-pt\/wp-json\/wp\/v2\/product"}],"about":[{"href":"https:\/\/olemosaic.com\/pt-pt\/wp-json\/wp\/v2\/types\/product"}],"wp:featuredmedia":[{"embeddable":true,"href":"https:\/\/olemosaic.com\/pt-pt\/wp-json\/wp\/v2\/media\/13827"}],"wp:attachment":[{"href":"https:\/\/olemosaic.com\/pt-pt\/wp-json\/wp\/v2\/media?parent=35354"}],"wp:term":[{"taxonomy":"product_brand","embeddable":true,"href":"https:\/\/olemosaic.com\/pt-pt\/wp-json\/wp\/v2\/product_brand?post=35354"},{"taxonomy":"product_cat","embeddable":true,"href":"https:\/\/olemosaic.com\/pt-pt\/wp-json\/wp\/v2\/product_cat?post=35354"},{"taxonomy":"product_tag","embeddable":true,"href":"https:\/\/olemosaic.com\/pt-pt\/wp-json\/wp\/v2\/product_tag?post=35354"}],"curies":[{"name":"wp","href":"https:\/\/api.w.org\/{rel}","templated":true}]}}