{"id":35302,"date":"2025-02-20T22:34:51","date_gmt":"2025-02-20T22:34:51","guid":{"rendered":"http:\/\/olemosaic.com\/producto\/vaso-de-ceramica-madrid-blanco\/"},"modified":"2025-07-25T19:16:40","modified_gmt":"2025-07-25T17:16:40","slug":"copo-de-ceramica-madrid-branco","status":"publish","type":"product","link":"https:\/\/olemosaic.com\/pt-pt\/produto\/copo-de-ceramica-madrid-branco\/","title":{"rendered":"Copo de cer\u00e2mica. Madrid. Branco."},"content":{"rendered":"<p>Este vibrante copo de cer\u00e2mica, inspirado em Madrid, \u00e9 uma celebra\u00e7\u00e3o da rica cultura e do design moderno da capital espanhola. Com um fundo branco, a pe\u00e7a \u00e9 decorada com um alegre mosaico de cores vivas que destaca os monumentos emblem\u00e1ticos da cidade. Entre eles, inclui-se uma representa\u00e7\u00e3o do ic\u00f3nico Pal\u00e1cio de Cibeles e elementos representativos do Metro de Madrid, oferecendo aos turistas uma vis\u00e3o maravilhosa da vida urbana. Os detalhes em contorno preto acentuam o design, criando um contraste atraente que capta a aten\u00e7\u00e3o e reflete o esp\u00edrito din\u00e2mico da cidade.<\/p>\n<p>Este copo n\u00e3o \u00e9 apenas uma pe\u00e7a est\u00e9tica, mas tamb\u00e9m funcional, uma vez que vem equipado com uma tampa de silicone cor-de-laranja que o torna ideal para levar as suas bebidas favoritas para qualquer lugar. Perfeito para aqueles que desejam desfrutar de um caf\u00e9 para levar ao estilo madrileno, este copo torna-se um souvenir pr\u00e1tico e memor\u00e1vel.<\/p>\n<p>A liga\u00e7\u00e3o cultural deste produto reside na sua capacidade de representar a ess\u00eancia de Madrid, fundindo tradi\u00e7\u00f5es com um design contempor\u00e2neo. Este copo de cer\u00e2mica \u00e9 um presente ideal para turistas que procuram souvenirs aut\u00eanticos e representativos da cidade. Na Ol\u00e9 Mosaic, especializamo-nos na distribui\u00e7\u00e3o de souvenirs por grosso, oferecendo produtos \u00fanicos como este copo de Madrid, perfeito para lojas de presentes tur\u00edsticos que procuram artigos que reflitam a beleza e a cultura de Espanha.<\/p>\n","protected":false},"excerpt":{"rendered":"<p>Ch\u00e1vena de cer\u00e2mica inspirada na vibrante cidade de Madrid, decorada com um design colorido que inclui elementos emblem\u00e1ticos como o Metro, uma imagem do Pal\u00e1cio de Cibeles e figuras ic\u00f3nicas representativas do folclore madrileno. A pe\u00e7a apresenta um fundo branco com detalhes em mosaico, real\u00e7ando cores vivas e contornos em preto, o que cria um contraste atraente. Al\u00e9m disso, inclui uma tampa de silicone cor-de-laranja, ideal para levar as suas bebidas.<\/p>\n","protected":false},"featured_media":9945,"template":"","meta":{"_acf_changed":false},"product_brand":[],"product_cat":[828],"product_tag":[515],"class_list":{"0":"post-35302","1":"product","2":"type-product","3":"status-publish","4":"has-post-thumbnail","6":"product_cat-copos","7":"product_tag-ceramica","8":"pa_ciudad-madrid","9":"pa_pais-espana","11":"first","12":"instock","13":"shipping-taxable","14":"product-type-simple"},"acf":[],"_links":{"self":[{"href":"https:\/\/olemosaic.com\/pt-pt\/wp-json\/wp\/v2\/product\/35302","targetHints":{"allow":["GET"]}}],"collection":[{"href":"https:\/\/olemosaic.com\/pt-pt\/wp-json\/wp\/v2\/product"}],"about":[{"href":"https:\/\/olemosaic.com\/pt-pt\/wp-json\/wp\/v2\/types\/product"}],"wp:featuredmedia":[{"embeddable":true,"href":"https:\/\/olemosaic.com\/pt-pt\/wp-json\/wp\/v2\/media\/9945"}],"wp:attachment":[{"href":"https:\/\/olemosaic.com\/pt-pt\/wp-json\/wp\/v2\/media?parent=35302"}],"wp:term":[{"taxonomy":"product_brand","embeddable":true,"href":"https:\/\/olemosaic.com\/pt-pt\/wp-json\/wp\/v2\/product_brand?post=35302"},{"taxonomy":"product_cat","embeddable":true,"href":"https:\/\/olemosaic.com\/pt-pt\/wp-json\/wp\/v2\/product_cat?post=35302"},{"taxonomy":"product_tag","embeddable":true,"href":"https:\/\/olemosaic.com\/pt-pt\/wp-json\/wp\/v2\/product_tag?post=35302"}],"curies":[{"name":"wp","href":"https:\/\/api.w.org\/{rel}","templated":true}]}}