{"id":35301,"date":"2025-02-20T23:34:51","date_gmt":"2025-02-20T22:34:51","guid":{"rendered":"http:\/\/olemosaic.com\/producto\/plato-de-ceramica-de-20-cm-barcelona-azul\/"},"modified":"2025-07-25T19:22:17","modified_gmt":"2025-07-25T17:22:17","slug":"prato-de-ceramica-de-20-cm-barcelona-azul","status":"publish","type":"product","link":"https:\/\/olemosaic.com\/pt-pt\/produto\/prato-de-ceramica-de-20-cm-barcelona-azul\/","title":{"rendered":"Prato de cer\u00e2mica de 20 cm. Barcelona. Azul."},"content":{"rendered":"<p>Este vibrante prato de cer\u00e2mica de 20 cm \u00e9 uma representa\u00e7\u00e3o perfeita da emblem\u00e1tica Sagrada Fam\u00edlia de Barcelona, uma refer\u00eancia indiscut\u00edvel da arquitetura catal\u00e3 e uma obra-prima de Antoni Gaud\u00ed. O seu design colorido combina matizes de azul, vermelho e amarelo, criando um efeito visual que cativa. No centro, as majestosas torres da Sagrada Fam\u00edlia erguem-se num mosaico que evoca as t\u00e9cnicas distintivas do c\u00e9lebre arquiteto, complementado por elementos da vida urbana e da natureza que rodeiam este monumento ic\u00f3nico.<\/p>\n<p>A borda do prato apresenta motivos de mosaico que acrescentam textura e profundidade, real\u00e7ando a ess\u00eancia barcelonesa. Al\u00e9m disso, com a palavra &#8220;Barcelona&#8221; impressa, este prato torna-se n\u00e3o apenas uma pe\u00e7a decorativa, mas tamb\u00e9m um aut\u00eantico souvenir que permite aos turistas levar um fragmento da rica cultura da cidade.<\/p>\n<p>Este prato de cer\u00e2mica \u00e9 ideal para quem procura souvenirs aut\u00eanticos e representativos. A sua liga\u00e7\u00e3o cultural com Barcelona torna-o um presente perfeito para visitantes e um atrativo adicional para lojas de presentes tur\u00edsticos. Na Ol\u00e9 Mosaic, oferecemos produtos de qualidade por grosso, garantindo a autenticidade de cada pe\u00e7a. Este prato \u00e9 uma excelente op\u00e7\u00e3o para estabelecimentos que desejem apresentar souvenirs que realmente captem a ess\u00eancia de Espanha.<\/p>\n","protected":false},"excerpt":{"rendered":"<p>Prato de cer\u00e2mica de 20 cm decorado com um design vibrante que representa a emblem\u00e1tica Sagrada Fam\u00edlia de Barcelona. Este atraente prato, ideal como recorda\u00e7\u00e3o ou pe\u00e7a decorativa, apresenta uma paleta de cores azul, vermelho e amarelo, juntamente com motivos de mosaico que evocam a obra de Gaud\u00ed. Com o nome &#8220;Barcelona&#8221; impresso, este prato \u00e9 uma excelente forma de recordar a rica cultura e a arquitetura singular da cidade.<\/p>\n","protected":false},"featured_media":12096,"template":"","meta":{"_acf_changed":false},"product_brand":[],"product_cat":[629],"product_tag":[515],"class_list":{"0":"post-35301","1":"product","2":"type-product","3":"status-publish","4":"has-post-thumbnail","6":"product_cat-pratos-decorativos","7":"product_tag-ceramica","8":"pa_ciudad-barcelona","9":"pa_pais-espana","11":"first","12":"instock","13":"shipping-taxable","14":"product-type-simple"},"acf":[],"_links":{"self":[{"href":"https:\/\/olemosaic.com\/pt-pt\/wp-json\/wp\/v2\/product\/35301","targetHints":{"allow":["GET"]}}],"collection":[{"href":"https:\/\/olemosaic.com\/pt-pt\/wp-json\/wp\/v2\/product"}],"about":[{"href":"https:\/\/olemosaic.com\/pt-pt\/wp-json\/wp\/v2\/types\/product"}],"wp:featuredmedia":[{"embeddable":true,"href":"https:\/\/olemosaic.com\/pt-pt\/wp-json\/wp\/v2\/media\/12096"}],"wp:attachment":[{"href":"https:\/\/olemosaic.com\/pt-pt\/wp-json\/wp\/v2\/media?parent=35301"}],"wp:term":[{"taxonomy":"product_brand","embeddable":true,"href":"https:\/\/olemosaic.com\/pt-pt\/wp-json\/wp\/v2\/product_brand?post=35301"},{"taxonomy":"product_cat","embeddable":true,"href":"https:\/\/olemosaic.com\/pt-pt\/wp-json\/wp\/v2\/product_cat?post=35301"},{"taxonomy":"product_tag","embeddable":true,"href":"https:\/\/olemosaic.com\/pt-pt\/wp-json\/wp\/v2\/product_tag?post=35301"}],"curies":[{"name":"wp","href":"https:\/\/api.w.org\/{rel}","templated":true}]}}