{"id":35273,"date":"2025-02-20T22:34:51","date_gmt":"2025-02-20T22:34:51","guid":{"rendered":"http:\/\/olemosaic.com\/producto\/iman-de-metal-salamandra-mallorca-azul-8-cm\/"},"modified":"2025-07-25T19:40:44","modified_gmt":"2025-07-25T17:40:44","slug":"iman-de-metal-salamandra-maiorca-azul-8-cm","status":"publish","type":"product","link":"https:\/\/olemosaic.com\/pt-pt\/produto\/iman-de-metal-salamandra-maiorca-azul-8-cm\/","title":{"rendered":"\u00cdman de metal. Salamandra. Maiorca. Azul. 8 cm."},"content":{"rendered":"<p>Este vibrante \u00edman met\u00e1lico com design de salamandras \u00e9 uma homenagem \u00e0 biodiversidade de Maiorca, que encapsula a ess\u00eancia desta preciosa ilha mediterr\u00e2nica. Com dimens\u00f5es de 8 cm, o seu fundo azul intenso real\u00e7a as coloridas salamandras que o adornam, representadas com diversos padr\u00f5es geom\u00e9tricos que conferem um ar moderno e art\u00edstico. Na parte superior, a palavra &#8220;MALLORCA&#8221; destaca-se com letras brilhantes, adicionando um toque distintivo da regi\u00e3o. Cada salamandra, pintada com cores vivas e variadas, n\u00e3o s\u00f3 chama a aten\u00e7\u00e3o, como tamb\u00e9m reflete a rica fauna que prospera nas belas paisagens maiorquinas.<\/p>\n<p>Este \u00edman n\u00e3o s\u00f3 serve como um pr\u00e1tico acess\u00f3rio para qualquer lar, como tamb\u00e9m atua como uma recorda\u00e7\u00e3o simb\u00f3lica de Maiorca, ideal para quem deseja levar um pedacinho da ilha no seu dia a dia. O seu design \u00fanico e atraente torna-o uma recorda\u00e7\u00e3o perfeita para os turistas que procuram produtos aut\u00eanticos que representem a cultura local. Na Ol\u00e9 Mosaic, somos distribuidores de recorda\u00e7\u00f5es por grosso, e este \u00edman de salamandra \u00e9 uma excelente op\u00e7\u00e3o para as lojas de presentes tur\u00edsticos que procuram oferecer aos seus clientes um reflexo aut\u00eantico e colorido de Maiorca.<\/p>\n","protected":false},"excerpt":{"rendered":"<p>\u00cdman met\u00e1lico com um design vibrante de salamandras, inspirado na biodiversidade de Maiorca. Este \u00edman, de 8 cm, apresenta um fundo azul brilhante que real\u00e7a as coloridas salamandras dispostas em diversos padr\u00f5es geom\u00e9tricos. A palavra &#8220;MALLORCA&#8221; coroa o design, adicionando um toque distintivo. Ideal para decorar a casa ou como recorda\u00e7\u00e3o da ilha, o seu design atraente torna-o uma recorda\u00e7\u00e3o \u00fanica e chamativa.<\/p>\n","protected":false},"featured_media":8207,"template":"","meta":{"_acf_changed":false},"product_brand":[],"product_cat":[699],"product_tag":[516],"class_list":{"0":"post-35273","1":"product","2":"type-product","3":"status-publish","4":"has-post-thumbnail","6":"product_cat-imanes","7":"product_tag-animais","8":"pa_ciudad-mallorca","9":"pa_motivo-salamandras","10":"pa_pais-espana","12":"first","13":"instock","14":"shipping-taxable","15":"product-type-simple"},"acf":[],"_links":{"self":[{"href":"https:\/\/olemosaic.com\/pt-pt\/wp-json\/wp\/v2\/product\/35273","targetHints":{"allow":["GET"]}}],"collection":[{"href":"https:\/\/olemosaic.com\/pt-pt\/wp-json\/wp\/v2\/product"}],"about":[{"href":"https:\/\/olemosaic.com\/pt-pt\/wp-json\/wp\/v2\/types\/product"}],"wp:featuredmedia":[{"embeddable":true,"href":"https:\/\/olemosaic.com\/pt-pt\/wp-json\/wp\/v2\/media\/8207"}],"wp:attachment":[{"href":"https:\/\/olemosaic.com\/pt-pt\/wp-json\/wp\/v2\/media?parent=35273"}],"wp:term":[{"taxonomy":"product_brand","embeddable":true,"href":"https:\/\/olemosaic.com\/pt-pt\/wp-json\/wp\/v2\/product_brand?post=35273"},{"taxonomy":"product_cat","embeddable":true,"href":"https:\/\/olemosaic.com\/pt-pt\/wp-json\/wp\/v2\/product_cat?post=35273"},{"taxonomy":"product_tag","embeddable":true,"href":"https:\/\/olemosaic.com\/pt-pt\/wp-json\/wp\/v2\/product_tag?post=35273"}],"curies":[{"name":"wp","href":"https:\/\/api.w.org\/{rel}","templated":true}]}}