{"id":35272,"date":"2025-02-20T22:34:51","date_gmt":"2025-02-20T22:34:51","guid":{"rendered":"http:\/\/olemosaic.com\/producto\/funda-de-telefono-para-iphone-14-promax-tpu-gato-barcelona-negro\/"},"modified":"2025-07-25T20:04:12","modified_gmt":"2025-07-25T18:04:12","slug":"capa-de-telemovel-para-iphone-14-pro-max-tpu-gato-barcelona-preto","status":"publish","type":"product","link":"https:\/\/olemosaic.com\/pt-pt\/produto\/capa-de-telemovel-para-iphone-14-pro-max-tpu-gato-barcelona-preto\/","title":{"rendered":"Capa de telem\u00f3vel para iPhone 14 Pro Max (TPU). Gato. Barcelona. Preto"},"content":{"rendered":"<p>Este vibrante design de capa para iPhone 14 Pro Max capta a ess\u00eancia art\u00edstica de Barcelona atrav\u00e9s de um gato colorido inspirado no ic\u00f3nico mosaico da cidade. Fabricada em TPU, esta capa n\u00e3o s\u00f3 oferece uma prote\u00e7\u00e3o excecional, como tamb\u00e9m se torna uma express\u00e3o de estilo e cultura. A ilustra\u00e7\u00e3o mostra um gato com um design explosivo em tons de azul, vermelho, amarelo e verde, rodeado de borboletas em tonalidades vivas que adicionam um toque de alegria e dinamismo. A base preta real\u00e7a as cores vibrantes da ilustra\u00e7\u00e3o, criando um contraste atraente que sem d\u00favida chamar\u00e1 a aten\u00e7\u00e3o.<\/p>\n<p>A palavra &#8220;Barcelona&#8221; est\u00e1 inscrita elegantemente numa tipografia atraente, reafirmando a sua liga\u00e7\u00e3o com esta emblem\u00e1tica cidade. Este produto n\u00e3o \u00e9 apenas um acess\u00f3rio pr\u00e1tico, mas tamb\u00e9m uma excelente recorda\u00e7\u00e3o que reflete a criatividade e o esp\u00edrito da cultura catal\u00e3. Ideal para turistas que procuram uma pe\u00e7a aut\u00eantica e funcional, esta capa afirma-se como uma recorda\u00e7\u00e3o multifacetada de Barcelona, combinando arte e utilidade num s\u00f3 objeto. Na Ol\u00e9 Mosaic, distribu\u00edmos orgulhosamente recorda\u00e7\u00f5es \u00fanicas por grosso, e esta capa \u00e9 uma magn\u00edfica op\u00e7\u00e3o para lojas de presentes tur\u00edsticos que desejem oferecer produtos que destaquem a riqueza cultural de Espanha.<\/p>\n","protected":false},"excerpt":{"rendered":"<p>Capa para iPhone 14 Pro Max fabricada em TPU, com um design vibrante de um gato inspirado na arte do mosaico de Barcelona. A ilustra\u00e7\u00e3o mostra um gato colorido em tons de azul, vermelho, amarelo e verde, rodeado de borboletas em tonalidades vivas. Esta capa preta n\u00e3o s\u00f3 protege o seu dispositivo, como tamb\u00e9m adiciona um toque art\u00edstico, conferindo um encanto contempor\u00e2neo ao s\u00edmbolo cultural da cidade. A palavra &#8220;Barcelona&#8221; est\u00e1 elegantemente inscrita, o que torna este acess\u00f3rio uma recorda\u00e7\u00e3o perfeita.<\/p>\n","protected":false},"featured_media":12420,"template":"","meta":{"_acf_changed":false},"product_brand":[],"product_cat":[685],"product_tag":[516],"class_list":{"0":"post-35272","1":"product","2":"type-product","3":"status-publish","4":"has-post-thumbnail","6":"product_cat-capas-para-telemoveis","7":"product_tag-animais","8":"pa_ciudad-barcelona","9":"pa_motivo-gatos","10":"pa_pais-espana","12":"first","13":"instock","14":"shipping-taxable","15":"product-type-simple"},"acf":[],"_links":{"self":[{"href":"https:\/\/olemosaic.com\/pt-pt\/wp-json\/wp\/v2\/product\/35272","targetHints":{"allow":["GET"]}}],"collection":[{"href":"https:\/\/olemosaic.com\/pt-pt\/wp-json\/wp\/v2\/product"}],"about":[{"href":"https:\/\/olemosaic.com\/pt-pt\/wp-json\/wp\/v2\/types\/product"}],"wp:featuredmedia":[{"embeddable":true,"href":"https:\/\/olemosaic.com\/pt-pt\/wp-json\/wp\/v2\/media\/12420"}],"wp:attachment":[{"href":"https:\/\/olemosaic.com\/pt-pt\/wp-json\/wp\/v2\/media?parent=35272"}],"wp:term":[{"taxonomy":"product_brand","embeddable":true,"href":"https:\/\/olemosaic.com\/pt-pt\/wp-json\/wp\/v2\/product_brand?post=35272"},{"taxonomy":"product_cat","embeddable":true,"href":"https:\/\/olemosaic.com\/pt-pt\/wp-json\/wp\/v2\/product_cat?post=35272"},{"taxonomy":"product_tag","embeddable":true,"href":"https:\/\/olemosaic.com\/pt-pt\/wp-json\/wp\/v2\/product_tag?post=35272"}],"curies":[{"name":"wp","href":"https:\/\/api.w.org\/{rel}","templated":true}]}}