{"id":35271,"date":"2025-02-20T23:34:51","date_gmt":"2025-02-20T22:34:51","guid":{"rendered":"http:\/\/olemosaic.com\/producto\/libreta-de-80-hojas-patio-4\/"},"modified":"2025-07-25T19:52:01","modified_gmt":"2025-07-25T17:52:01","slug":"caderno-de-80-folhas-patio-4","status":"publish","type":"product","link":"https:\/\/olemosaic.com\/pt-pt\/produto\/caderno-de-80-folhas-patio-4\/","title":{"rendered":"Caderno de 80 folhas. P\u00e1tio andaluz."},"content":{"rendered":"<p>Este vibrante caderno de 80 folhas \u00e9 uma ode \u00e0 cultura andaluza, perfeito para quem deseja registar os seus pensamentos e mem\u00f3rias num ambiente cheio de alegria. O design da sua capa mostra uma encantadora cena de um p\u00e1tio t\u00edpico espanhol, onde uma bailarina de flamenco, vestida com um traje vermelho de bolinhas, e um bailarino com chap\u00e9u preto interpretam uma coreografia cativante. As ilustra\u00e7\u00f5es, cheias de cor, est\u00e3o emolduradas por flores e azulejos em tons de branco e azul, evocando a autenticidade dos p\u00e1tios andaluzes decorados com ger\u00e2nios e cer\u00e2mica.<\/p>\n<p>Este caderno n\u00e3o \u00e9 apenas pr\u00e1tico para escrever, mas tamb\u00e9m serve como uma preciosa recorda\u00e7\u00e3o que reflete a rica tradi\u00e7\u00e3o do flamenco e o calor da cultura espanhola. O seu design exclusivo e fresco torna-o um presente perfeito para turistas que queiram levar um peda\u00e7o da Andaluzia. O caderno \u00e9 leve, f\u00e1cil de transportar e conta com um fecho el\u00e1stico que protege os seus escritos, tornando-o uma op\u00e7\u00e3o ideal para viajantes, estudantes ou amantes da arte.<\/p>\n<p>Na Ol\u00e9 Mosaic, especializamo-nos na distribui\u00e7\u00e3o de recorda\u00e7\u00f5es por grosso, e este caderno de flamenco \u00e9 uma excelente oportunidade para lojas de presentes tur\u00edsticos que procurem oferecer produtos aut\u00eanticos e culturais. Ideal para quem procura recorda\u00e7\u00f5es de Espanha que sejam tanto art\u00edsticas como funcionais, este caderno \u00e9 uma recorda\u00e7\u00e3o representativa que perdurar\u00e1 no tempo.<\/p>\n","protected":false},"excerpt":{"rendered":"<p>Caderno de 80 folhas com um design vibrante de p\u00e1tio andaluz, que mostra um par de bailarinos de flamenco numa coreografia cheia de vida. A capa inclui ilustra\u00e7\u00f5es coloridas que destacam a bailarina vestida de vermelho com bolinhas e o bailarino com chap\u00e9u preto, rodeados de flores e azulejos t\u00edpicos em tons de branco e azul. Ideal para registar os seus pensamentos, este caderno \u00e9 uma recorda\u00e7\u00e3o encantadora da cultura espanhola.<\/p>\n","protected":false},"featured_media":9168,"template":"","meta":{"_acf_changed":false},"product_brand":[],"product_cat":[808],"product_tag":[],"class_list":{"0":"post-35271","1":"product","2":"type-product","3":"status-publish","4":"has-post-thumbnail","6":"product_cat-cadernos","7":"pa_motivo-patios","9":"first","10":"instock","11":"shipping-taxable","12":"product-type-simple"},"acf":[],"_links":{"self":[{"href":"https:\/\/olemosaic.com\/pt-pt\/wp-json\/wp\/v2\/product\/35271","targetHints":{"allow":["GET"]}}],"collection":[{"href":"https:\/\/olemosaic.com\/pt-pt\/wp-json\/wp\/v2\/product"}],"about":[{"href":"https:\/\/olemosaic.com\/pt-pt\/wp-json\/wp\/v2\/types\/product"}],"wp:featuredmedia":[{"embeddable":true,"href":"https:\/\/olemosaic.com\/pt-pt\/wp-json\/wp\/v2\/media\/9168"}],"wp:attachment":[{"href":"https:\/\/olemosaic.com\/pt-pt\/wp-json\/wp\/v2\/media?parent=35271"}],"wp:term":[{"taxonomy":"product_brand","embeddable":true,"href":"https:\/\/olemosaic.com\/pt-pt\/wp-json\/wp\/v2\/product_brand?post=35271"},{"taxonomy":"product_cat","embeddable":true,"href":"https:\/\/olemosaic.com\/pt-pt\/wp-json\/wp\/v2\/product_cat?post=35271"},{"taxonomy":"product_tag","embeddable":true,"href":"https:\/\/olemosaic.com\/pt-pt\/wp-json\/wp\/v2\/product_tag?post=35271"}],"curies":[{"name":"wp","href":"https:\/\/api.w.org\/{rel}","templated":true}]}}