{"id":35248,"date":"2025-02-20T23:34:50","date_gmt":"2025-02-20T22:34:50","guid":{"rendered":"http:\/\/olemosaic.com\/producto\/vaso-de-chupito-de-vidrio-glaceado-salamandra-barcelona\/"},"modified":"2025-07-25T18:58:05","modified_gmt":"2025-07-25T16:58:05","slug":"copo-de-shot-de-vidro-fosco-salamandra-barcelona","status":"publish","type":"product","link":"https:\/\/olemosaic.com\/pt-pt\/produto\/copo-de-shot-de-vidro-fosco-salamandra-barcelona\/","title":{"rendered":"Copo de shot de vidro fosco. Salamandra. Barcelona."},"content":{"rendered":"<p>Este copo de shot de vidro fosco, adornado com salamandras e flores coloridas, presta homenagem ao vibrante esp\u00edrito de Barcelona. Com um design pintado \u00e0 m\u00e3o, destaca-se pelo seu acabamento transl\u00facido que permite apreciar os encantadores detalhes numa paleta de cores vivas que v\u00e3o do azul ao verde e ao vermelho. A decora\u00e7\u00e3o ilustra salamandras em diversas posturas, rodeadas de flores que evocam o colorido da flora mediterr\u00e2nica, real\u00e7ando a liga\u00e7\u00e3o da cidade com o seu ambiente natural e a sua rica tradi\u00e7\u00e3o art\u00edstica. Na parte superior do copo, a palavra &#8220;Barcelona&#8221; apresenta-se em letras que refletem a energia da vida urbana, tornando este artigo uma recorda\u00e7\u00e3o \u00fanica e atraente para os amantes da cultura catal\u00e3.<\/p>\n<p>Este copo n\u00e3o \u00e9 apenas um elegante objeto de uso quotidiano, mas tamb\u00e9m uma pe\u00e7a representativa da heran\u00e7a cultural barcelonesa, ideal como souvenir para os turistas que procuram levar para casa um peda\u00e7o da ess\u00eancia da cidade. Na Ol\u00e9 Mosaic, orgulhamo-nos de oferecer produtos aut\u00eanticos e de qualidade, e este copo de shot \u00e9 uma excelente op\u00e7\u00e3o para lojas de presentes tur\u00edsticos que desejem oferecer aos seus clientes um s\u00edmbolo aut\u00eantico da vibrante cultura catal\u00e3. Como grossista de souvenirs, garantimos um foco no design art\u00edstico e no artesanato em cada um dos nossos produtos.<\/p>\n","protected":false},"excerpt":{"rendered":"<p>Copo de shot de vidro fosco, adornado com coloridas salamandras e flores, que evocam o vibrante esp\u00edrito de Barcelona. Este design artesanal, pintado \u00e0 m\u00e3o, combina motivos de mosaico com um acabamento transl\u00facido, destacando a palavra &#8220;Barcelona&#8221; na parte superior. As salamandras, em tons azuis, verdes e vermelhos, capturam a ess\u00eancia da arte moderna da cidade, tornando este copo uma recorda\u00e7\u00e3o \u00fanica e atraente para os amantes da cultura catal\u00e3.<\/p>\n","protected":false},"featured_media":7914,"template":"","meta":{"_acf_changed":false},"product_brand":[],"product_cat":[815],"product_tag":[516],"class_list":{"0":"post-35248","1":"product","2":"type-product","3":"status-publish","4":"has-post-thumbnail","6":"product_cat-copos-de-shot","7":"product_tag-animais","8":"pa_ciudad-barcelona","9":"pa_motivo-salamandras","10":"pa_pais-espana","12":"first","13":"instock","14":"shipping-taxable","15":"product-type-simple"},"acf":[],"_links":{"self":[{"href":"https:\/\/olemosaic.com\/pt-pt\/wp-json\/wp\/v2\/product\/35248","targetHints":{"allow":["GET"]}}],"collection":[{"href":"https:\/\/olemosaic.com\/pt-pt\/wp-json\/wp\/v2\/product"}],"about":[{"href":"https:\/\/olemosaic.com\/pt-pt\/wp-json\/wp\/v2\/types\/product"}],"wp:featuredmedia":[{"embeddable":true,"href":"https:\/\/olemosaic.com\/pt-pt\/wp-json\/wp\/v2\/media\/7914"}],"wp:attachment":[{"href":"https:\/\/olemosaic.com\/pt-pt\/wp-json\/wp\/v2\/media?parent=35248"}],"wp:term":[{"taxonomy":"product_brand","embeddable":true,"href":"https:\/\/olemosaic.com\/pt-pt\/wp-json\/wp\/v2\/product_brand?post=35248"},{"taxonomy":"product_cat","embeddable":true,"href":"https:\/\/olemosaic.com\/pt-pt\/wp-json\/wp\/v2\/product_cat?post=35248"},{"taxonomy":"product_tag","embeddable":true,"href":"https:\/\/olemosaic.com\/pt-pt\/wp-json\/wp\/v2\/product_tag?post=35248"}],"curies":[{"name":"wp","href":"https:\/\/api.w.org\/{rel}","templated":true}]}}