{"id":35245,"date":"2025-02-20T23:34:49","date_gmt":"2025-02-20T22:34:49","guid":{"rendered":"http:\/\/olemosaic.com\/producto\/vaso-de-chupito-de-vidrio-glaceado-panoramica-barcelona-2\/"},"modified":"2025-07-25T18:56:48","modified_gmt":"2025-07-25T16:56:48","slug":"copo-de-shot-de-vidro-fosco-panoramica-barcelona-2","status":"publish","type":"product","link":"https:\/\/olemosaic.com\/pt-pt\/produto\/copo-de-shot-de-vidro-fosco-panoramica-barcelona-2\/","title":{"rendered":"Copo de shot de vidro fosco. Panor\u00e2mica. Sagrada Fam\u00edlia. Barcelona."},"content":{"rendered":"<p>Este copinho de shot de vidro fosco \u00e9 uma celebra\u00e7\u00e3o vibrante da emblem\u00e1tica cidade de Barcelona, desenhado para aqueles que desejam levar um pedacinho da sua magia para casa. A pe\u00e7a apresenta uma panor\u00e2mica cativante da Sagrada Fam\u00edlia, a obra-prima de Antoni Gaud\u00ed, destacada num colorido mosaico que evoca le famoso estilo modernista catal\u00e3o. Os delicados detalhes em cores brilhantes, desde os tons quentes de vermelhos e laranjas at\u00e9 aos frescos azuis e verdes, integram-se harmoniosamente, criando um efeito visual encantador que atrair\u00e1 o olhar de qualquer amante da arte.<\/p>\n<p>O design n\u00e3o \u00e9 apenas uma espl\u00eandida homenagem \u00e0 arquitetura da cidade, mas tamb\u00e9m inclui a palavra &#8220;Barcelona&#8221;, o que o torna um souvenir perfeito que captura a ess\u00eancia deste destino ic\u00f3nico. Ideal para desfrutar das suas bebidas favoritas, este copinho tamb\u00e9m pode funcionar como um elemento decorativo \u00fanico, conferindo um toque art\u00edstico a qualquer espa\u00e7o.<\/p>\n<p>Na Ol\u00e9 Mosaic, especializamo-nos na distribui\u00e7\u00e3o de souvenirs por grosso, oferecendo produtos aut\u00eanticos que ligam \u00e0 cultura local. Este copinho de shot \u00e9 uma excelente op\u00e7\u00e3o para lojas de presentes tur\u00edsticos que procuram atrair clientes em busca de recorda\u00e7\u00f5es representativas de Barcelona. Como grossistas de souvenirs de alta qualidade, garantimos que cada artigo reflita a autenticidade e o apelo cultural que caracteriza a nossa oferta.<\/p>\n","protected":false},"excerpt":{"rendered":"<p>Copo de shot de vidro fosco com uma encantadora panor\u00e2mica de Barcelona. O copo apresenta uma ilustra\u00e7\u00e3o vibrante da Sagrada Fam\u00edlia, adornada com motivos de mosaicos multicoloridos que evocam o estilo modernista de Gaud\u00ed. Completa a cena o texto &#8220;Barcelona&#8221;. Este artigo destaca-se pelo seu design art\u00edstico e pelas suas cores chamativas, fundindo funcionalidade e apelo decorativo. Perfeito para desfrutar das suas bebidas favoritas e como recorda\u00e7\u00e3o desta preciosa cidade.<\/p>\n","protected":false},"featured_media":7911,"template":"","meta":{"_acf_changed":false},"product_brand":[],"product_cat":[815],"product_tag":[],"class_list":{"0":"post-35245","1":"product","2":"type-product","3":"status-publish","4":"has-post-thumbnail","6":"product_cat-copos-de-shot","7":"pa_ciudad-barcelona","8":"pa_motivo-panoramas","9":"pa_pais-espana","11":"first","12":"instock","13":"shipping-taxable","14":"product-type-simple"},"acf":[],"_links":{"self":[{"href":"https:\/\/olemosaic.com\/pt-pt\/wp-json\/wp\/v2\/product\/35245","targetHints":{"allow":["GET"]}}],"collection":[{"href":"https:\/\/olemosaic.com\/pt-pt\/wp-json\/wp\/v2\/product"}],"about":[{"href":"https:\/\/olemosaic.com\/pt-pt\/wp-json\/wp\/v2\/types\/product"}],"wp:featuredmedia":[{"embeddable":true,"href":"https:\/\/olemosaic.com\/pt-pt\/wp-json\/wp\/v2\/media\/7911"}],"wp:attachment":[{"href":"https:\/\/olemosaic.com\/pt-pt\/wp-json\/wp\/v2\/media?parent=35245"}],"wp:term":[{"taxonomy":"product_brand","embeddable":true,"href":"https:\/\/olemosaic.com\/pt-pt\/wp-json\/wp\/v2\/product_brand?post=35245"},{"taxonomy":"product_cat","embeddable":true,"href":"https:\/\/olemosaic.com\/pt-pt\/wp-json\/wp\/v2\/product_cat?post=35245"},{"taxonomy":"product_tag","embeddable":true,"href":"https:\/\/olemosaic.com\/pt-pt\/wp-json\/wp\/v2\/product_tag?post=35245"}],"curies":[{"name":"wp","href":"https:\/\/api.w.org\/{rel}","templated":true}]}}