{"id":35244,"date":"2025-02-20T22:34:49","date_gmt":"2025-02-20T22:34:49","guid":{"rendered":"http:\/\/olemosaic.com\/producto\/vaso-de-chupito-de-vidrio-glaceado-salamandra\/"},"modified":"2025-07-25T20:11:13","modified_gmt":"2025-07-25T18:11:13","slug":"copo-de-shot-de-vidro-fosco-salamandra","status":"publish","type":"product","link":"https:\/\/olemosaic.com\/pt-pt\/produto\/copo-de-shot-de-vidro-fosco-salamandra\/","title":{"rendered":"Copo de shot de vidro fosco. Salamandra."},"content":{"rendered":"<p>Este copo de shot de vidro fosco \u00e9 uma aut\u00eantica joia artesanal, ideal para evocar as vibrantes tradi\u00e7\u00f5es espanholas. Decorado com coloridas salamandras e motivos florais, cada copo apresenta um acabamento mate que real\u00e7a a vivacidade do design. As salamandras, em brilhantes tons de vermelho, verde, azul e amarelo, evocam a fauna emblem\u00e1tica da regi\u00e3o, simbolizando a adaptabilidade e a energia da natureza. As flores que acompanham estes r\u00e9pteis acrescentam um toque fresco e alegre, tornando esta pe\u00e7a um elemento decorativo tanto para o lar como para celebra\u00e7\u00f5es.<\/p>\n<p>O copo n\u00e3o \u00e9 apenas funcional, permitindo desfrutar de uma bebida em boa companhia, mas tamb\u00e9m atua como uma recorda\u00e7\u00e3o significativa da rica heran\u00e7a cultural espanhola. O seu design \u00fanico \u00e9 perfeito para aqueles turistas que procuram lembran\u00e7as aut\u00eanticas e representativas da sua viagem. Cada copo \u00e9 elaborado com aten\u00e7\u00e3o ao detalhe, garantindo a sua qualidade e durabilidade.<\/p>\n<p>Na Ol\u00e9 Mosaic, especializamo-nos na distribui\u00e7\u00e3o de souvenirs por grosso, oferecendo produtos que refletem a ess\u00eancia das tradi\u00e7\u00f5es artesanais espanholas. Este copo de shot, com o seu atraente design de salamandras, torna-se uma excelente op\u00e7\u00e3o para lojas de presentes tur\u00edsticos que procuram adicionar um toque de autenticidade e cor ao seu cat\u00e1logo de lembran\u00e7as.<\/p>\n","protected":false},"excerpt":{"rendered":"<p>Copo de shot de vidro fosco, decorado com salamandras e flores de cores vivas. Este atraente copo apresenta um acabamento mate que real\u00e7a o design, com detalhes em tons de vermelho, verde, azul e amarelo. Os motivos florais acrescentam um toque fresco e alegre, tornando este copo uma escolha ideal para celebra\u00e7\u00f5es ou como lembran\u00e7a das tradi\u00e7\u00f5es artesanais da regi\u00e3o. O seu design \u00fanico torna-o um objeto decorativo e funcional, perfeito para desfrutar de uma bebida em boa companhia.<\/p>\n","protected":false},"featured_media":8802,"template":"","meta":{"_acf_changed":false},"product_brand":[],"product_cat":[815],"product_tag":[516],"class_list":{"0":"post-35244","1":"product","2":"type-product","3":"status-publish","4":"has-post-thumbnail","6":"product_cat-copos-de-shot","7":"product_tag-animais","8":"pa_motivo-salamandras","10":"first","11":"instock","12":"shipping-taxable","13":"product-type-simple"},"acf":[],"_links":{"self":[{"href":"https:\/\/olemosaic.com\/pt-pt\/wp-json\/wp\/v2\/product\/35244","targetHints":{"allow":["GET"]}}],"collection":[{"href":"https:\/\/olemosaic.com\/pt-pt\/wp-json\/wp\/v2\/product"}],"about":[{"href":"https:\/\/olemosaic.com\/pt-pt\/wp-json\/wp\/v2\/types\/product"}],"wp:featuredmedia":[{"embeddable":true,"href":"https:\/\/olemosaic.com\/pt-pt\/wp-json\/wp\/v2\/media\/8802"}],"wp:attachment":[{"href":"https:\/\/olemosaic.com\/pt-pt\/wp-json\/wp\/v2\/media?parent=35244"}],"wp:term":[{"taxonomy":"product_brand","embeddable":true,"href":"https:\/\/olemosaic.com\/pt-pt\/wp-json\/wp\/v2\/product_brand?post=35244"},{"taxonomy":"product_cat","embeddable":true,"href":"https:\/\/olemosaic.com\/pt-pt\/wp-json\/wp\/v2\/product_cat?post=35244"},{"taxonomy":"product_tag","embeddable":true,"href":"https:\/\/olemosaic.com\/pt-pt\/wp-json\/wp\/v2\/product_tag?post=35244"}],"curies":[{"name":"wp","href":"https:\/\/api.w.org\/{rel}","templated":true}]}}