{"id":35233,"date":"2025-02-20T22:34:49","date_gmt":"2025-02-20T22:34:49","guid":{"rendered":"http:\/\/olemosaic.com\/producto\/vaso-de-chupito-de-vidrio-glaceado-salamandra-mallorca\/"},"modified":"2025-07-25T18:58:52","modified_gmt":"2025-07-25T16:58:52","slug":"copo-de-shot-de-vidro-fosco-salamandra-maiorca","status":"publish","type":"product","link":"https:\/\/olemosaic.com\/pt-pt\/produto\/copo-de-shot-de-vidro-fosco-salamandra-maiorca\/","title":{"rendered":"Copo de shot de vidro fosco. Salamandra. Maiorca."},"content":{"rendered":"<p>Este copo de shot de vidro fosco \u00e9 uma vibrante homenagem \u00e0 beleza de Maiorca, ideal para quem procura recorda\u00e7\u00f5es aut\u00eanticas e representativas da ilha. O seu design destaca-se com salamandras coloridas ilustradas em estilo mosaico, entrela\u00e7adas entre flores delicadas. A escolha de cores vivas real\u00e7a-se sobre o acabamento suave e transl\u00facido do vidro, convertendo cada copo numa obra de arte que convida \u00e0 celebra\u00e7\u00e3o.<\/p>\n<p>A palavra &#8220;MALLORCA&#8221; est\u00e1 impressa na parte superior, conferindo um toque distintivo que sublinha a liga\u00e7\u00e3o cultural com a ilha. Este copo n\u00e3o \u00e9 apenas perfeito para desfrutar de shots num ambiente festivo, mas tamb\u00e9m se torna um elemento decorativo que evoca a alegria e o ambiente vibrante de Maiorca. As salamandras, s\u00edmbolo da fauna local, adicionam um matiz aut\u00eantico e divertido, transformando cada brinde num tributo \u00e0 biodiversidade da regi\u00e3o.<\/p>\n<p>Na Ol\u00e9 Mosaic, somos distribuidores de lembran\u00e7as por grosso e este copo de shot \u00e9 uma excelente op\u00e7\u00e3o para lojas de presentes tur\u00edsticos que procuram oferecer produtos \u00fanicos e significativos. Com o seu design colorido e a sua forte liga\u00e7\u00e3o cultural, este copo apresenta-se como a recorda\u00e7\u00e3o perfeita de umas f\u00e9rias em Maiorca, ideal para turistas que desejam levar um pedacinho da sua experi\u00eancia.<\/p>\n","protected":false},"excerpt":{"rendered":"<p>Copo de shot de vidro fosco decorado com um vibrante design de salamandras e flores, emblem\u00e1tico de Maiorca. O copo apresenta um acabamento suave e transl\u00facido que real\u00e7a as cores vivas dos motivos, onde as salamandras s\u00e3o ilustradas com um estilo de mosaico multicolor. A palavra &#8220;MALLORCA&#8221; est\u00e1 impressa na parte superior, adicionando um toque distintivo que celebra a cultura local. Ideal para desfrutar de bebidas num ambiente festivo.<\/p>\n","protected":false},"featured_media":7915,"template":"","meta":{"_acf_changed":false},"product_brand":[],"product_cat":[815],"product_tag":[516],"class_list":{"0":"post-35233","1":"product","2":"type-product","3":"status-publish","4":"has-post-thumbnail","6":"product_cat-copos-de-shot","7":"product_tag-animais","8":"pa_ciudad-mallorca","9":"pa_motivo-salamandras","10":"pa_pais-espana","12":"first","13":"instock","14":"shipping-taxable","15":"product-type-simple"},"acf":[],"_links":{"self":[{"href":"https:\/\/olemosaic.com\/pt-pt\/wp-json\/wp\/v2\/product\/35233","targetHints":{"allow":["GET"]}}],"collection":[{"href":"https:\/\/olemosaic.com\/pt-pt\/wp-json\/wp\/v2\/product"}],"about":[{"href":"https:\/\/olemosaic.com\/pt-pt\/wp-json\/wp\/v2\/types\/product"}],"wp:featuredmedia":[{"embeddable":true,"href":"https:\/\/olemosaic.com\/pt-pt\/wp-json\/wp\/v2\/media\/7915"}],"wp:attachment":[{"href":"https:\/\/olemosaic.com\/pt-pt\/wp-json\/wp\/v2\/media?parent=35233"}],"wp:term":[{"taxonomy":"product_brand","embeddable":true,"href":"https:\/\/olemosaic.com\/pt-pt\/wp-json\/wp\/v2\/product_brand?post=35233"},{"taxonomy":"product_cat","embeddable":true,"href":"https:\/\/olemosaic.com\/pt-pt\/wp-json\/wp\/v2\/product_cat?post=35233"},{"taxonomy":"product_tag","embeddable":true,"href":"https:\/\/olemosaic.com\/pt-pt\/wp-json\/wp\/v2\/product_tag?post=35233"}],"curies":[{"name":"wp","href":"https:\/\/api.w.org\/{rel}","templated":true}]}}