{"id":35232,"date":"2025-02-20T22:34:49","date_gmt":"2025-02-20T22:34:49","guid":{"rendered":"http:\/\/olemosaic.com\/producto\/vaso-de-chupito-de-vidrio-glaceado-sagrada-familia-barcelona\/"},"modified":"2025-07-25T19:22:46","modified_gmt":"2025-07-25T17:22:46","slug":"copo-de-shot-de-vidro-fosco-sagrada-familia-barcelona","status":"publish","type":"product","link":"https:\/\/olemosaic.com\/pt-pt\/produto\/copo-de-shot-de-vidro-fosco-sagrada-familia-barcelona\/","title":{"rendered":"Copo de shot de vidro fosco. Sagrada Fam\u00edlia. Barcelona."},"content":{"rendered":"<p>Este copo de shot de vidro fosco \u00e9 uma homenagem \u00e0 Sagrada Fam\u00edlia, o emblem\u00e1tico monumento de Barcelona que representa a mestria arquitet\u00f3nica de Antoni Gaud\u00ed. O seu design vibrante destaca uma requintada representa\u00e7\u00e3o da famosa bas\u00edlica, com um foco especial nas suas majestosas torres e na sua elaborada ornamenta\u00e7\u00e3o. As cores quentes e os ricos matizes unem-se numa cena meticulosamente detalhada, onde as tonalidades douradas, terracota e verdes contrastam harmoniosamente, atraindo o olhar e capturando a ess\u00eancia do monumento.<\/p>\n<p>A superf\u00edcie mate do copo n\u00e3o s\u00f3 real\u00e7a a beleza das cores, como tamb\u00e9m proporciona um aspeto moderno e elegante, ideal para desfrutar de um shot em qualquer celebra\u00e7\u00e3o. Este copo n\u00e3o \u00e9 apenas um objeto funcional, mas uma aut\u00eantica recorda\u00e7\u00e3o de Barcelona que convida a recordar a magnific\u00eancia desta obra-prima. A sua liga\u00e7\u00e3o cultural com a cidade e o seu significado hist\u00f3rico tornam-no um presente perfeito para quem deseja levar um peda\u00e7o da arquitetura catal\u00e3 para casa.<\/p>\n<p>Na Ol\u00e9 Mosaic, orgulhamo-nos de ser distribuidores de lembran\u00e7as aut\u00eanticas por grosso, e este copo de shot de vidro representa uma grande oportunidade para as lojas de presentes tur\u00edsticos que procuram artigos que realcem a beleza e a tradi\u00e7\u00e3o de Barcelona. Uma recorda\u00e7\u00e3o que, sem d\u00favida, captar\u00e1 o interesse dos turistas em busca de mem\u00f3rias \u00fanicas e significativas.<\/p>\n","protected":false},"excerpt":{"rendered":"<p>Copo de shot de vidro fosco, decorado com uma requintada representa\u00e7\u00e3o da Sagrada Fam\u00edlia, o emblem\u00e1tico monumento de Barcelona. Este atraente copo apresenta um design vibrante com elementos arquitet\u00f3nicos detalhados em tons quentes e um acabamento mate que real\u00e7a as cores. A cena captura a magnific\u00eancia da famosa bas\u00edlica, incluindo as suas torres e ornamenta\u00e7\u00e3o, tornando-o uma lembran\u00e7a ideal para recordar a beleza da cidade.<\/p>\n","protected":false},"featured_media":7913,"template":"","meta":{"_acf_changed":false},"product_brand":[],"product_cat":[815],"product_tag":[],"class_list":{"0":"post-35232","1":"product","2":"type-product","3":"status-publish","4":"has-post-thumbnail","6":"product_cat-copos-de-shot","7":"pa_ciudad-barcelona","8":"pa_motivo-sagrada-familia","9":"pa_pais-espana","11":"first","12":"instock","13":"shipping-taxable","14":"product-type-simple"},"acf":[],"_links":{"self":[{"href":"https:\/\/olemosaic.com\/pt-pt\/wp-json\/wp\/v2\/product\/35232","targetHints":{"allow":["GET"]}}],"collection":[{"href":"https:\/\/olemosaic.com\/pt-pt\/wp-json\/wp\/v2\/product"}],"about":[{"href":"https:\/\/olemosaic.com\/pt-pt\/wp-json\/wp\/v2\/types\/product"}],"wp:featuredmedia":[{"embeddable":true,"href":"https:\/\/olemosaic.com\/pt-pt\/wp-json\/wp\/v2\/media\/7913"}],"wp:attachment":[{"href":"https:\/\/olemosaic.com\/pt-pt\/wp-json\/wp\/v2\/media?parent=35232"}],"wp:term":[{"taxonomy":"product_brand","embeddable":true,"href":"https:\/\/olemosaic.com\/pt-pt\/wp-json\/wp\/v2\/product_brand?post=35232"},{"taxonomy":"product_cat","embeddable":true,"href":"https:\/\/olemosaic.com\/pt-pt\/wp-json\/wp\/v2\/product_cat?post=35232"},{"taxonomy":"product_tag","embeddable":true,"href":"https:\/\/olemosaic.com\/pt-pt\/wp-json\/wp\/v2\/product_tag?post=35232"}],"curies":[{"name":"wp","href":"https:\/\/api.w.org\/{rel}","templated":true}]}}