{"id":35230,"date":"2025-02-20T23:34:49","date_gmt":"2025-02-20T22:34:49","guid":{"rendered":"http:\/\/olemosaic.com\/producto\/vaso-de-chupito-de-vidrio-glaceado-bailaora-2\/"},"modified":"2025-07-25T19:36:14","modified_gmt":"2025-07-25T17:36:14","slug":"copo-de-shot-de-vidro-fosco-bailarina-2","status":"publish","type":"product","link":"https:\/\/olemosaic.com\/pt-pt\/produto\/copo-de-shot-de-vidro-fosco-bailarina-2\/","title":{"rendered":"Copo de shot de vidro fosco. Bailarina. Espanha."},"content":{"rendered":"<p>Este copo de shot de vidro fosco \u00e9 uma recorda\u00e7\u00e3o distintiva da rica cultura espanhola, concebido para quem deseja levar para casa um pedacinho de tradi\u00e7\u00e3o. A colorida ilustra\u00e7\u00e3o que adorna a sua superf\u00edcie apresenta duas bailarinas de flamenco, capturando a ess\u00eancia e a paix\u00e3o desta arte em cada detalhe. As bailarinas, vestidas com vibrantes trajes tradicionais, celebram a alegria do flamenco, enquanto um delicado cravo vermelho adiciona um toque de frescura e simbolismo. Na parte superior, a palavra &#8220;ESPANHA&#8221; destaca-se com um design tipogr\u00e1fico que complementa a est\u00e9tica art\u00edstica do copo.<\/p>\n<p>A sua base vermelha, juntamente com os detalhes em mosaico que rodeiam as figuras, fazem com que este copo n\u00e3o seja apenas funcional, mas tamb\u00e9m uma pe\u00e7a decorativa que embelezar\u00e1 qualquer espa\u00e7o. Ideal para desfrutar de uma bebida, este copo de vidro permite aos utilizadores recordar a ess\u00eancia do flamenco em cada brinde, tornando-o um item imprescind\u00edvel para quem deseja experienciar a cultura espanhola em casa. Na Ol\u00e9 Mosaic dedicamo-nos a oferecer lembran\u00e7as aut\u00eanticas e de qualidade por grosso, e este copo de shot \u00e9 uma excelente op\u00e7\u00e3o para lojas de presentes tur\u00edsticos que procuram produtos representativos de Espanha. N\u00e3o \u00e9 apenas uma excelente recorda\u00e7\u00e3o de flamenco, mas um s\u00edmbolo da riqueza cultural que caracteriza o nosso pa\u00eds.<\/p>\n","protected":false},"excerpt":{"rendered":"<p>Copo de shot de vidro fosco com ilustra\u00e7\u00f5es de bailarinas de flamenco. Este copo colorido apresenta um design vibrante onde duas bailarinas, trajadas com roupas tradicionais, celebram a cultura espanhola. Decorado com a palavra &#8220;ESPANHA&#8221; e um cravo chamativo, a sua base vermelha e os detalhes de mosaico adicionam um toque art\u00edstico. Ideal para desfrutar de uma bebida e recordar a ess\u00eancia do flamenco em cada brinde.<\/p>\n","protected":false},"featured_media":7916,"template":"","meta":{"_acf_changed":false},"product_brand":[],"product_cat":[815],"product_tag":[],"class_list":{"0":"post-35230","1":"product","2":"type-product","3":"status-publish","4":"has-post-thumbnail","6":"product_cat-copos-de-shot","7":"pa_motivo-dancarinos","9":"first","10":"instock","11":"shipping-taxable","12":"product-type-simple"},"acf":[],"_links":{"self":[{"href":"https:\/\/olemosaic.com\/pt-pt\/wp-json\/wp\/v2\/product\/35230","targetHints":{"allow":["GET"]}}],"collection":[{"href":"https:\/\/olemosaic.com\/pt-pt\/wp-json\/wp\/v2\/product"}],"about":[{"href":"https:\/\/olemosaic.com\/pt-pt\/wp-json\/wp\/v2\/types\/product"}],"wp:featuredmedia":[{"embeddable":true,"href":"https:\/\/olemosaic.com\/pt-pt\/wp-json\/wp\/v2\/media\/7916"}],"wp:attachment":[{"href":"https:\/\/olemosaic.com\/pt-pt\/wp-json\/wp\/v2\/media?parent=35230"}],"wp:term":[{"taxonomy":"product_brand","embeddable":true,"href":"https:\/\/olemosaic.com\/pt-pt\/wp-json\/wp\/v2\/product_brand?post=35230"},{"taxonomy":"product_cat","embeddable":true,"href":"https:\/\/olemosaic.com\/pt-pt\/wp-json\/wp\/v2\/product_cat?post=35230"},{"taxonomy":"product_tag","embeddable":true,"href":"https:\/\/olemosaic.com\/pt-pt\/wp-json\/wp\/v2\/product_tag?post=35230"}],"curies":[{"name":"wp","href":"https:\/\/api.w.org\/{rel}","templated":true}]}}