{"id":35199,"date":"2025-02-20T23:34:48","date_gmt":"2025-02-20T22:34:48","guid":{"rendered":"http:\/\/olemosaic.com\/producto\/vaso-de-chupito-de-vidrio-bailaora-sevilla\/"},"modified":"2025-07-25T18:51:18","modified_gmt":"2025-07-25T16:51:18","slug":"copo-de-shot-de-vidro-bailarina-sevilha","status":"publish","type":"product","link":"https:\/\/olemosaic.com\/pt-pt\/produto\/copo-de-shot-de-vidro-bailarina-sevilha\/","title":{"rendered":"Copo de shot de vidro. Bailarina. Sevilha."},"content":{"rendered":"<p>Este copo de shot de vidro decorado \u00e9 uma representa\u00e7\u00e3o vibrante da cultura sevilhana, ideal para quem procura uma recorda\u00e7\u00e3o aut\u00eantica e significativa. Com um design colorido, o copo apresenta imagens de bailarinas de flamenco, trajadas com vestidos tradicionais de folhos em tons de vermelho e azul, adornados com flores que acrescentam um toque de alegria e cor. A palavra &#8220;SEVILHA&#8221; est\u00e1 elegantemente impressa na parte superior, real\u00e7ando n\u00e3o s\u00f3 o nome da cidade, mas tamb\u00e9m o orgulho cultural que a acompanha.<\/p>\n<p>Cada copo \u00e9 pintado \u00e0 m\u00e3o, o que garante que cada pe\u00e7a seja \u00fanica, capturando com precis\u00e3o a gra\u00e7a e a paix\u00e3o do flamenco, parte integrante da identidade sevilhana. Os detalhes art\u00edsticos e as tonalidades brilhantes fazem deste copo um objeto atraente tanto para uso pessoal como para decora\u00e7\u00e3o. \u00c9 uma excelente op\u00e7\u00e3o para desfrutar de uma bebida com um toque regional, transportando os utilizadores para as vibrantes ruas de Sevilha a cada gole.<\/p>\n<p>Na Ol\u00e9 Mosaic, como grossista de recorda\u00e7\u00f5es de Sevilha, este copo de shot n\u00e3o s\u00f3 representa qualidade e artesanato, como tamb\u00e9m oferece um peda\u00e7o da cultura andaluza aos turistas que desejam levar uma lembran\u00e7a da sua viagem. \u00c9 um produto perfeito para lojas de presentes tur\u00edsticos que procuram oferecer artigos aut\u00eanticos e de grande valor cultural.<\/p>\n","protected":false},"excerpt":{"rendered":"<p>Copo de shot de vidro decorado com imagens de bailarinas de flamenco, que representam a ess\u00eancia de Sevilha. Este atraente copo apresenta um design colorido com bailarinas vestidas com trajes de folhos em tons de vermelho e azul, adornadas com flores. A palavra &#8220;SEVILHA&#8221; est\u00e1 impressa na parte superior, complementando a vibrante arte do design artesanal, pintado \u00e0 m\u00e3o, que captura a cultura andaluza. Ideal como recorda\u00e7\u00e3o ou para desfrutar de um shot com um toque regional.<\/p>\n","protected":false},"featured_media":7506,"template":"","meta":{"_acf_changed":false},"product_brand":[],"product_cat":[815],"product_tag":[],"class_list":{"0":"post-35199","1":"product","2":"type-product","3":"status-publish","4":"has-post-thumbnail","6":"product_cat-copos-de-shot","7":"pa_ciudad-sevilla","8":"pa_motivo-dancarinos","9":"pa_pais-espana","11":"first","12":"instock","13":"shipping-taxable","14":"product-type-simple"},"acf":[],"_links":{"self":[{"href":"https:\/\/olemosaic.com\/pt-pt\/wp-json\/wp\/v2\/product\/35199","targetHints":{"allow":["GET"]}}],"collection":[{"href":"https:\/\/olemosaic.com\/pt-pt\/wp-json\/wp\/v2\/product"}],"about":[{"href":"https:\/\/olemosaic.com\/pt-pt\/wp-json\/wp\/v2\/types\/product"}],"wp:featuredmedia":[{"embeddable":true,"href":"https:\/\/olemosaic.com\/pt-pt\/wp-json\/wp\/v2\/media\/7506"}],"wp:attachment":[{"href":"https:\/\/olemosaic.com\/pt-pt\/wp-json\/wp\/v2\/media?parent=35199"}],"wp:term":[{"taxonomy":"product_brand","embeddable":true,"href":"https:\/\/olemosaic.com\/pt-pt\/wp-json\/wp\/v2\/product_brand?post=35199"},{"taxonomy":"product_cat","embeddable":true,"href":"https:\/\/olemosaic.com\/pt-pt\/wp-json\/wp\/v2\/product_cat?post=35199"},{"taxonomy":"product_tag","embeddable":true,"href":"https:\/\/olemosaic.com\/pt-pt\/wp-json\/wp\/v2\/product_tag?post=35199"}],"curies":[{"name":"wp","href":"https:\/\/api.w.org\/{rel}","templated":true}]}}