{"id":35183,"date":"2025-02-20T23:34:47","date_gmt":"2025-02-20T22:34:47","guid":{"rendered":"http:\/\/olemosaic.com\/producto\/vaso-de-chupito-de-vidrio-salamandra-barcelona\/"},"modified":"2025-07-25T20:46:44","modified_gmt":"2025-07-25T18:46:44","slug":"copo-de-shot-de-vidro-salamandra-barcelona","status":"publish","type":"product","link":"https:\/\/olemosaic.com\/pt-pt\/produto\/copo-de-shot-de-vidro-salamandra-barcelona\/","title":{"rendered":"Copo de shot de vidro. Salamandra. Barcelona."},"content":{"rendered":"<p>Este copo de shot de vidro decorado \u00e9 uma recorda\u00e7\u00e3o encantadora que capta a ess\u00eancia vibrante de Barcelona. Apresenta um design colorido com ilustra\u00e7\u00f5es de salamandras e flores, refletindo o estilo caracter\u00edstico do famoso mosaico da cidade. Cada copo \u00e9 pintado \u00e0 m\u00e3o com detalhes minuciosos em tons vivos de verde, azul e vermelho, que d\u00e3o vida \u00e0s salamandras, s\u00edmbolos de prosperidade e boa sorte na cultura catal\u00e3. A palavra &#8220;Barcelona&#8221; est\u00e1 elegantemente impressa na parte superior, garantindo que este copo seja n\u00e3o apenas funcional, mas tamb\u00e9m uma recorda\u00e7\u00e3o tur\u00edstica cl\u00e1ssica.<\/p>\n<p>Este copo de shot \u00e9 uma excelente escolha para os visitantes que desejam levar um peda\u00e7o da rica cultura barcelonesa. \u00c9 perfeito para celebra\u00e7\u00f5es ou como elemento decorativo em casa, recordando o calor e o colorido desta cidade emocionante. Na Ol\u00e9 Mosaic, distribu\u00edmos recorda\u00e7\u00f5es de qualidade por grosso; este copo \u00e9 uma op\u00e7\u00e3o fant\u00e1stica para lojas de presentes tur\u00edsticos que procuram produtos aut\u00eanticos que capturem o esp\u00edrito de Barcelona. Com a autenticidade desta recorda\u00e7\u00e3o barcelonesa, os turistas podem prolongar as suas mem\u00f3rias de viagem de uma forma \u00fanica e memor\u00e1vel.<\/p>\n","protected":false},"excerpt":{"rendered":"<p>Copo de shot de vidro decorado com ilustra\u00e7\u00f5es de salamandras e flores, que representam a vibrante cultura barcelonesa. Este atraente copo apresenta um design colorido com detalhes pintados \u00e0 m\u00e3o em tons de verde, azul e vermelho, evocando o estilo do famoso mosaico da cidade. A palavra \u00abBarcelona\u00bb est\u00e1 impressa na parte superior, tornando-o uma recorda\u00e7\u00e3o perfeita e funcional de uma das cidades mais emblem\u00e1ticas de Espanha.<\/p>\n","protected":false},"featured_media":7497,"template":"","meta":{"_acf_changed":false},"product_brand":[],"product_cat":[815],"product_tag":[516],"class_list":{"0":"post-35183","1":"product","2":"type-product","3":"status-publish","4":"has-post-thumbnail","6":"product_cat-copos-de-shot","7":"product_tag-animais","8":"pa_ciudad-barcelona","9":"pa_motivo-salamandras","10":"pa_pais-espana","12":"first","13":"instock","14":"shipping-taxable","15":"product-type-simple"},"acf":[],"_links":{"self":[{"href":"https:\/\/olemosaic.com\/pt-pt\/wp-json\/wp\/v2\/product\/35183","targetHints":{"allow":["GET"]}}],"collection":[{"href":"https:\/\/olemosaic.com\/pt-pt\/wp-json\/wp\/v2\/product"}],"about":[{"href":"https:\/\/olemosaic.com\/pt-pt\/wp-json\/wp\/v2\/types\/product"}],"wp:featuredmedia":[{"embeddable":true,"href":"https:\/\/olemosaic.com\/pt-pt\/wp-json\/wp\/v2\/media\/7497"}],"wp:attachment":[{"href":"https:\/\/olemosaic.com\/pt-pt\/wp-json\/wp\/v2\/media?parent=35183"}],"wp:term":[{"taxonomy":"product_brand","embeddable":true,"href":"https:\/\/olemosaic.com\/pt-pt\/wp-json\/wp\/v2\/product_brand?post=35183"},{"taxonomy":"product_cat","embeddable":true,"href":"https:\/\/olemosaic.com\/pt-pt\/wp-json\/wp\/v2\/product_cat?post=35183"},{"taxonomy":"product_tag","embeddable":true,"href":"https:\/\/olemosaic.com\/pt-pt\/wp-json\/wp\/v2\/product_tag?post=35183"}],"curies":[{"name":"wp","href":"https:\/\/api.w.org\/{rel}","templated":true}]}}