{"id":35180,"date":"2025-02-20T23:34:47","date_gmt":"2025-02-20T22:34:47","guid":{"rendered":"http:\/\/olemosaic.com\/producto\/vaso-de-chupito-de-vidrio-salamandra\/"},"modified":"2025-07-25T19:54:33","modified_gmt":"2025-07-25T17:54:33","slug":"copo-de-shot-de-vidro-salamandra","status":"publish","type":"product","link":"https:\/\/olemosaic.com\/pt-pt\/produto\/copo-de-shot-de-vidro-salamandra\/","title":{"rendered":"Copo de shot de vidro. Salamandra."},"content":{"rendered":"<p>Este copo de shot de vidro, decorado com um design vibrante de salamandras, \u00e9 um exemplo fascinante da rica tradi\u00e7\u00e3o art\u00edstica espanhola. Cada copo apresenta ilustra\u00e7\u00f5es com efeito pintado \u00e0 m\u00e3o que se destacam pelo seu colorido e criatividade, com salamandras em tons de vermelho, verde e azul que parecem ganhar vida, acompanhadas de flores que acrescentam um toque alegre e festivo. A representa\u00e7\u00e3o destas salamandras, elementos ic\u00f3nicos do folclore espanhol, transmite uma liga\u00e7\u00e3o profunda com a cultura local, simbolizando a transforma\u00e7\u00e3o e a regenera\u00e7\u00e3o.<\/p>\n<p>Ideal para desfrutar das suas bebidas favoritas, este copo de shot n\u00e3o \u00e9 apenas uma pe\u00e7a funcional, mas tamb\u00e9m uma aut\u00eantica recorda\u00e7\u00e3o de Espanha, perfeita para adicionar um toque cultural a qualquer celebra\u00e7\u00e3o. O seu design \u00fanico e atraente torna-o uma excelente op\u00e7\u00e3o tanto para colecionadores como para quem procura recorda\u00e7\u00f5es aut\u00eanticas da sua visita.<\/p>\n<p>Na Ol\u00e9 Mosaic, especializamo-nos na distribui\u00e7\u00e3o de recorda\u00e7\u00f5es por grosso, oferecendo este tipo de produtos aut\u00eanticos que capturam a ess\u00eancia da riqueza cultural espanhola. Este copo \u00e9, sem d\u00favida, uma excelente escolha para lojas de presentes tur\u00edsticos, sendo uma recorda\u00e7\u00e3o de qualidade que real\u00e7a o artesanato e a tradi\u00e7\u00e3o de Espanha. Como grossistas de recorda\u00e7\u00f5es, garantimos a autenticidade e o design muito especial de cada pe\u00e7a que distribu\u00edmos.<\/p>\n","protected":false},"excerpt":{"rendered":"<p>Copo de shot de vidro decorado com um design vibrante de salamandras em mosaico. Este copo original apresenta ilustra\u00e7\u00f5es com efeito pintado \u00e0 m\u00e3o em cores vivas como vermelho, verde e azul, acompanhadas de flores coloridas que lhe d\u00e3o um toque alegre. A representa\u00e7\u00e3o de salamandras \u00e9 caracter\u00edstica do folclore espanhol, o que torna este copo uma pe\u00e7a ideal para desfrutar de bebidas com um toque cultural. Perfeito para colecionadores ou como recorda\u00e7\u00e3o de uma visita a Espanha.<\/p>\n","protected":false},"featured_media":8801,"template":"","meta":{"_acf_changed":false},"product_brand":[],"product_cat":[815],"product_tag":[516],"class_list":{"0":"post-35180","1":"product","2":"type-product","3":"status-publish","4":"has-post-thumbnail","6":"product_cat-copos-de-shot","7":"product_tag-animais","8":"pa_motivo-salamandras","10":"first","11":"instock","12":"shipping-taxable","13":"product-type-simple"},"acf":[],"_links":{"self":[{"href":"https:\/\/olemosaic.com\/pt-pt\/wp-json\/wp\/v2\/product\/35180","targetHints":{"allow":["GET"]}}],"collection":[{"href":"https:\/\/olemosaic.com\/pt-pt\/wp-json\/wp\/v2\/product"}],"about":[{"href":"https:\/\/olemosaic.com\/pt-pt\/wp-json\/wp\/v2\/types\/product"}],"wp:featuredmedia":[{"embeddable":true,"href":"https:\/\/olemosaic.com\/pt-pt\/wp-json\/wp\/v2\/media\/8801"}],"wp:attachment":[{"href":"https:\/\/olemosaic.com\/pt-pt\/wp-json\/wp\/v2\/media?parent=35180"}],"wp:term":[{"taxonomy":"product_brand","embeddable":true,"href":"https:\/\/olemosaic.com\/pt-pt\/wp-json\/wp\/v2\/product_brand?post=35180"},{"taxonomy":"product_cat","embeddable":true,"href":"https:\/\/olemosaic.com\/pt-pt\/wp-json\/wp\/v2\/product_cat?post=35180"},{"taxonomy":"product_tag","embeddable":true,"href":"https:\/\/olemosaic.com\/pt-pt\/wp-json\/wp\/v2\/product_tag?post=35180"}],"curies":[{"name":"wp","href":"https:\/\/api.w.org\/{rel}","templated":true}]}}