{"id":35179,"date":"2025-02-20T23:34:47","date_gmt":"2025-02-20T22:34:47","guid":{"rendered":"http:\/\/olemosaic.com\/producto\/vaso-de-chupito-de-vidrio-toro-madrid\/"},"modified":"2025-07-25T19:21:03","modified_gmt":"2025-07-25T17:21:03","slug":"copo-de-shot-de-vidro-touro-madrid","status":"publish","type":"product","link":"https:\/\/olemosaic.com\/pt-pt\/produto\/copo-de-shot-de-vidro-touro-madrid\/","title":{"rendered":"Copo de shot de vidro. Touro. Madrid."},"content":{"rendered":"<p>Este copo de shot de vidro, decorado com touros, \u00e9 uma representa\u00e7\u00e3o fascinante da tradi\u00e7\u00e3o taurom\u00e1quica madrilena, ideal como recorda\u00e7\u00e3o que capta a ess\u00eancia cultural da capital espanhola. O design vibrante e colorido, pintado \u00e0 m\u00e3o, apresenta figuras de touros em mosaicos cheios de energia e vitalidade, com tons intensos de vermelho, azul e verde que evocam a paix\u00e3o da festa taurom\u00e1quica. As flores elegantes que acompanham os touros complementam a composi\u00e7\u00e3o, conferindo um ar festivo e acolhedor. Na parte superior do copo, a inscri\u00e7\u00e3o &#8220;MADRID&#8221; destaca-se com um design apelativo, refor\u00e7ando a sua liga\u00e7\u00e3o \u00e0 cidade e tornando-o uma recorda\u00e7\u00e3o \u00fanica e representativa.<\/p>\n<p>Este copo n\u00e3o s\u00f3 \u00e9 perfeito para desfrutar de um shot, como tamb\u00e9m \u00e9 um s\u00edmbolo da rica heran\u00e7a cultural de Espanha, refletindo uma das suas tradi\u00e7\u00f5es mais emblem\u00e1ticas. A tradi\u00e7\u00e3o taurom\u00e1quica, que suscita admira\u00e7\u00e3o e controv\u00e9rsia em partes iguais, \u00e9 um elemento intr\u00ednseco da identidade madrilena, e este copo \u00e9 uma lembran\u00e7a dessa cultura fascinante. Na Ol\u00e9 Mosaic, como especialistas na distribui\u00e7\u00e3o de recorda\u00e7\u00f5es por grosso, oferecemos este copo de shot de touros como uma excelente op\u00e7\u00e3o para lojas de presentes tur\u00edsticos que procuram produtos aut\u00eanticos e significativos. Com este copo de shot, os seus clientes poder\u00e3o levar um peda\u00e7o de Madrid em cada gole.<\/p>\n","protected":false},"excerpt":{"rendered":"<p>Copo de shot de vidro decorado com touros apelativos, que representam a tradi\u00e7\u00e3o taurom\u00e1quica de Madrid. Este copo apresenta um design artesanal colorido, pintado \u00e0 m\u00e3o, com mosaicos que adornam as figuras dos touros em tons vibrantes de vermelho, azul e verde, complementados com flores. A inscri\u00e7\u00e3o &#8220;MADRID&#8221; na parte superior torna-o uma recorda\u00e7\u00e3o ideal, que capta a ess\u00eancia cultural da cidade. Perfeito para desfrutar de um shot e recordar a heran\u00e7a espanhola.<\/p>\n","protected":false},"featured_media":7504,"template":"","meta":{"_acf_changed":false},"product_brand":[],"product_cat":[815],"product_tag":[516],"class_list":{"0":"post-35179","1":"product","2":"type-product","3":"status-publish","4":"has-post-thumbnail","6":"product_cat-copos-de-shot","7":"product_tag-animais","8":"pa_ciudad-madrid","9":"pa_motivo-touros","10":"pa_pais-espana","12":"first","13":"instock","14":"shipping-taxable","15":"product-type-simple"},"acf":[],"_links":{"self":[{"href":"https:\/\/olemosaic.com\/pt-pt\/wp-json\/wp\/v2\/product\/35179","targetHints":{"allow":["GET"]}}],"collection":[{"href":"https:\/\/olemosaic.com\/pt-pt\/wp-json\/wp\/v2\/product"}],"about":[{"href":"https:\/\/olemosaic.com\/pt-pt\/wp-json\/wp\/v2\/types\/product"}],"wp:featuredmedia":[{"embeddable":true,"href":"https:\/\/olemosaic.com\/pt-pt\/wp-json\/wp\/v2\/media\/7504"}],"wp:attachment":[{"href":"https:\/\/olemosaic.com\/pt-pt\/wp-json\/wp\/v2\/media?parent=35179"}],"wp:term":[{"taxonomy":"product_brand","embeddable":true,"href":"https:\/\/olemosaic.com\/pt-pt\/wp-json\/wp\/v2\/product_brand?post=35179"},{"taxonomy":"product_cat","embeddable":true,"href":"https:\/\/olemosaic.com\/pt-pt\/wp-json\/wp\/v2\/product_cat?post=35179"},{"taxonomy":"product_tag","embeddable":true,"href":"https:\/\/olemosaic.com\/pt-pt\/wp-json\/wp\/v2\/product_tag?post=35179"}],"curies":[{"name":"wp","href":"https:\/\/api.w.org\/{rel}","templated":true}]}}