{"id":35157,"date":"2025-02-20T23:34:46","date_gmt":"2025-02-20T22:34:46","guid":{"rendered":"http:\/\/olemosaic.com\/producto\/vaso-de-chupito-de-vidrio-panoramica-barcelona-2\/"},"modified":"2025-07-25T19:29:14","modified_gmt":"2025-07-25T17:29:14","slug":"copo-de-shot-de-vidro-panoramica-barcelona-2","status":"publish","type":"product","link":"https:\/\/olemosaic.com\/pt-pt\/produto\/copo-de-shot-de-vidro-panoramica-barcelona-2\/","title":{"rendered":"Copo de shot de vidro. Panor\u00e2mica. Mosaico. Barcelona."},"content":{"rendered":"<p>Este copo de shot de vidro com a panor\u00e2mica de Barcelona \u00e9 um presente distintivo que capta a vibrante ess\u00eancia da cidade condal. O seu design destaca uma representa\u00e7\u00e3o colorida de mosaicos emblem\u00e1ticos de Barcelona, entre os quais sobressai a ic\u00f3nica Sagrada Fam\u00edlia, s\u00edmbolo arquitet\u00f3nico do modernismo catal\u00e3o, juntamente com outros monumentos que comp\u00f5em a paisagem urbana desta metr\u00f3pole. A palavra &#8220;Barcelona&#8221; est\u00e1 elegantemente inscrita na parte superior, o que torna este copo uma pe\u00e7a n\u00e3o s\u00f3 decorativa, mas tamb\u00e9m funcional.<\/p>\n<p>Cada copo \u00e9 elaborado com uma paleta de cores vibrantes que evocam a energia da cidade, tornando-o uma excelente recorda\u00e7\u00e3o para turistas que desejam levar um peda\u00e7o de Barcelona para casa. A sua durabilidade e design atraente permitem desfrutar de bebidas diariamente, transformando cada gole numa lembran\u00e7a das maravilhas da cidade. Este copo n\u00e3o \u00e9 apenas um objeto \u00fatil; representa a cultura e a arte de Barcelona, o que o torna um presente perfeito para quem procura souvenirs aut\u00eanticos e significativos.<\/p>\n<p>Na Ol\u00e9 Mosaic, especializados na distribui\u00e7\u00e3o de souvenirs por grosso, oferecemos produtos \u00fanicos como este copo de shot, ideal para lojas de presentes tur\u00edsticos. Este copo de shot de Barcelona \u00e9 o complemento perfeito para qualquer cole\u00e7\u00e3o de souvenirs, fundindo estilo e tradi\u00e7\u00e3o num s\u00f3 artigo.<\/p>\n","protected":false},"excerpt":{"rendered":"<p>Copo de shot de vidro com uma colorida panor\u00e2mica de Barcelona. Este atraente design apresenta mosaicos representativos da cidade, incluindo a emblem\u00e1tica Sagrada Fam\u00edlia e outros monumentos ic\u00f3nicos. Decorado com um uso vibrante da cor e a palavra &#8220;Barcelona&#8221;, este copo \u00e9 ideal para desfrutar de um shot enquanto se recorda a beleza da cidade. Perfeito como recorda\u00e7\u00e3o ou para uso di\u00e1rio, combina estilo e funcionalidade.<\/p>\n","protected":false},"featured_media":7494,"template":"","meta":{"_acf_changed":false},"product_brand":[],"product_cat":[815],"product_tag":[],"class_list":{"0":"post-35157","1":"product","2":"type-product","3":"status-publish","4":"has-post-thumbnail","6":"product_cat-copos-de-shot","7":"pa_ciudad-barcelona","8":"pa_motivo-panoramas","9":"pa_pais-espana","11":"first","12":"instock","13":"shipping-taxable","14":"product-type-simple"},"acf":[],"_links":{"self":[{"href":"https:\/\/olemosaic.com\/pt-pt\/wp-json\/wp\/v2\/product\/35157","targetHints":{"allow":["GET"]}}],"collection":[{"href":"https:\/\/olemosaic.com\/pt-pt\/wp-json\/wp\/v2\/product"}],"about":[{"href":"https:\/\/olemosaic.com\/pt-pt\/wp-json\/wp\/v2\/types\/product"}],"wp:featuredmedia":[{"embeddable":true,"href":"https:\/\/olemosaic.com\/pt-pt\/wp-json\/wp\/v2\/media\/7494"}],"wp:attachment":[{"href":"https:\/\/olemosaic.com\/pt-pt\/wp-json\/wp\/v2\/media?parent=35157"}],"wp:term":[{"taxonomy":"product_brand","embeddable":true,"href":"https:\/\/olemosaic.com\/pt-pt\/wp-json\/wp\/v2\/product_brand?post=35157"},{"taxonomy":"product_cat","embeddable":true,"href":"https:\/\/olemosaic.com\/pt-pt\/wp-json\/wp\/v2\/product_cat?post=35157"},{"taxonomy":"product_tag","embeddable":true,"href":"https:\/\/olemosaic.com\/pt-pt\/wp-json\/wp\/v2\/product_tag?post=35157"}],"curies":[{"name":"wp","href":"https:\/\/api.w.org\/{rel}","templated":true}]}}