{"id":35155,"date":"2025-02-20T22:34:46","date_gmt":"2025-02-20T22:34:46","guid":{"rendered":"http:\/\/olemosaic.com\/producto\/vaso-de-chupito-de-vidrio-panoramica-madrid\/"},"modified":"2025-07-25T20:42:06","modified_gmt":"2025-07-25T18:42:06","slug":"copo-de-shot-de-vidro-panoramica-madrid","status":"publish","type":"product","link":"https:\/\/olemosaic.com\/pt-pt\/produto\/copo-de-shot-de-vidro-panoramica-madrid\/","title":{"rendered":"Copo de shot de vidro. Panor\u00e2mica. Madrid."},"content":{"rendered":"<p>Este copo de shot de vidro, com as suas coloridas panor\u00e2micas de Madrid, \u00e9 a recorda\u00e7\u00e3o essencial para quem quer levar um pedacinho da vibrante capital espanhola para casa. Este atraente copo destaca-se pelo seu design art\u00edstico, que representa alguns dos monumentos mais emblem\u00e1ticos de Madrid, como a ic\u00f3nica Puerta de Alcal\u00e1, rodeada de tonalidades vivas e chamativas que evocam a energia da cidade. Com um acabamento que simula mosaicos em tons de laranja, azul e verde, cada copo \u00e9 uma obra de arte que confere um toque de cor e originalidade.<\/p>\n<p>O copo inclui o texto &#8220;MADRID&#8221;, refor\u00e7ando o seu car\u00e1ter tur\u00edstico e aned\u00f3tico. Ideal para desfrutar de um shot, este copo n\u00e3o \u00e9 apenas um utens\u00edlio funcional, mas uma forma de celebrar a rica cultura da cidade. Um objeto que n\u00e3o pode faltar na mesa de qualquer amante de Madrid, que querer\u00e1 record\u00e1-la cada vez que o usar.<\/p>\n<p>Na Ol\u00e9 Mosaic sabemos a import\u00e2ncia de oferecer souvenirs aut\u00eanticos que reflitam a identidade cultural da sua origem. Este copo de shot de vidro \u00e9 uma excelente op\u00e7\u00e3o para lojas de presentes tur\u00edsticos que procuram produtos de qualidade, representativos de Madrid e da sua ess\u00eancia. Como grossistas de souvenirs, garantimos que cada produto conte com a autenticidade e o encanto necess\u00e1rios para captar a aten\u00e7\u00e3o de turistas e locais por igual.<\/p>\n","protected":false},"excerpt":{"rendered":"<p>Copo de shot de vidro com coloridas panor\u00e2micas de Madrid. Este atraente copo apresenta um design art\u00edstico que destaca diversos monumentos da cidade, como a emblem\u00e1tica Puerta de Alcal\u00e1 e outros elementos ic\u00f3nicos. Decorado com um acabamento que simula mosaicos em tons vivos de laranja, azul e verde, o copo \u00e9 ideal para desfrutar de um shot enquanto evoca a beleza de Madrid. Inclui o texto &#8220;MADRID&#8221;, acrescentando um toque distintivo e tur\u00edstico.<\/p>\n","protected":false},"featured_media":7503,"template":"","meta":{"_acf_changed":false},"product_brand":[],"product_cat":[815],"product_tag":[],"class_list":{"0":"post-35155","1":"product","2":"type-product","3":"status-publish","4":"has-post-thumbnail","6":"product_cat-copos-de-shot","7":"pa_ciudad-madrid","8":"pa_motivo-panoramas","9":"pa_pais-espana","11":"first","12":"instock","13":"shipping-taxable","14":"product-type-simple"},"acf":[],"_links":{"self":[{"href":"https:\/\/olemosaic.com\/pt-pt\/wp-json\/wp\/v2\/product\/35155","targetHints":{"allow":["GET"]}}],"collection":[{"href":"https:\/\/olemosaic.com\/pt-pt\/wp-json\/wp\/v2\/product"}],"about":[{"href":"https:\/\/olemosaic.com\/pt-pt\/wp-json\/wp\/v2\/types\/product"}],"wp:featuredmedia":[{"embeddable":true,"href":"https:\/\/olemosaic.com\/pt-pt\/wp-json\/wp\/v2\/media\/7503"}],"wp:attachment":[{"href":"https:\/\/olemosaic.com\/pt-pt\/wp-json\/wp\/v2\/media?parent=35155"}],"wp:term":[{"taxonomy":"product_brand","embeddable":true,"href":"https:\/\/olemosaic.com\/pt-pt\/wp-json\/wp\/v2\/product_brand?post=35155"},{"taxonomy":"product_cat","embeddable":true,"href":"https:\/\/olemosaic.com\/pt-pt\/wp-json\/wp\/v2\/product_cat?post=35155"},{"taxonomy":"product_tag","embeddable":true,"href":"https:\/\/olemosaic.com\/pt-pt\/wp-json\/wp\/v2\/product_tag?post=35155"}],"curies":[{"name":"wp","href":"https:\/\/api.w.org\/{rel}","templated":true}]}}