{"id":35154,"date":"2025-02-20T22:34:46","date_gmt":"2025-02-20T22:34:46","guid":{"rendered":"http:\/\/olemosaic.com\/producto\/vaso-de-chupito-de-ceramica-barcelona-blanco\/"},"modified":"2025-07-25T20:29:32","modified_gmt":"2025-07-25T18:29:32","slug":"copo-de-shot-de-ceramica-barcelona-branco","status":"publish","type":"product","link":"https:\/\/olemosaic.com\/pt-pt\/produto\/copo-de-shot-de-ceramica-barcelona-branco\/","title":{"rendered":"Copo de shot de cer\u00e2mica. Barcelona. Branco."},"content":{"rendered":"<p>Este copo de shot de cer\u00e2mica, inspirado na majestosa Sagrada Fam\u00edlia de Barcelona, \u00e9 um produto que funde funcionalidade e arte, tornando-se uma recorda\u00e7\u00e3o excecional. Com um acabamento branco imaculado e um interior vermelho vibrante, o copo destaca-se pela sua ilustra\u00e7\u00e3o vibrante, que real\u00e7a as ic\u00f3nicas torres da bas\u00edlica, representadas num brilhante conjunto de tons vermelhos e laranjas. A representa\u00e7\u00e3o art\u00edstica inclui detalhes coloridos que evocam a singularidade da arquitetura de Gaud\u00ed, acrescentando um valor est\u00e9tico e cultural significativo a cada pe\u00e7a.<\/p>\n<p>Ideal para brindar em qualquer ocasi\u00e3o, este copo n\u00e3o s\u00f3 \u00e9 um acess\u00f3rio atraente, mas tamb\u00e9m uma lembran\u00e7a tang\u00edvel da beleza e da hist\u00f3ria de Barcelona. O seu design capta a ess\u00eancia da cidade, tornando-o um presente perfeito e aut\u00eantico para aqueles que desejam levar um pedacinho da sua cultura. Este copo de shot \u00e9 uma excelente recorda\u00e7\u00e3o para os turistas e uma op\u00e7\u00e3o atraente para as lojas de presentes tur\u00edsticos que procuram souvenirs \u00fanicos e representativos.<\/p>\n<p>Na Ol\u00e9 Mosaic, como distribuidores de copos de cer\u00e2mica por grosso, oferecemos produtos que celebram a riqueza cultural de Espanha, sendo este copo de shot um exemplo perfeito do design e do artesanato que nos caracterizam. Ideal para quem procura recorda\u00e7\u00f5es aut\u00eanticas e significativas de Barcelona, este copo \u00e9 uma escolha de destaque no mercado de souvenirs.<\/p>\n","protected":false},"excerpt":{"rendered":"<p>Copo de shot de cer\u00e2mica com um design inspirador, que representa a majestosa Sagrada Fam\u00edlia de Barcelona. Este copo, com acabamento em branco e um brilhante interior vermelho, apresenta uma ilustra\u00e7\u00e3o vibrante em tons vermelhos e laranjas que destaca as torres da ic\u00f3nica bas\u00edlica, com detalhes em diferentes cores. Uma recorda\u00e7\u00e3o perfeita que capta a ess\u00eancia arquitet\u00f3nica da cidade, ideal para brindar em qualquer ocasi\u00e3o.<\/p>\n","protected":false},"featured_media":9501,"template":"","meta":{"_acf_changed":false},"product_brand":[],"product_cat":[815],"product_tag":[515],"class_list":{"0":"post-35154","1":"product","2":"type-product","3":"status-publish","4":"has-post-thumbnail","6":"product_cat-copos-de-shot","7":"product_tag-ceramica","8":"pa_ciudad-barcelona","9":"pa_pais-espana","11":"first","12":"instock","13":"shipping-taxable","14":"product-type-simple"},"acf":[],"_links":{"self":[{"href":"https:\/\/olemosaic.com\/pt-pt\/wp-json\/wp\/v2\/product\/35154","targetHints":{"allow":["GET"]}}],"collection":[{"href":"https:\/\/olemosaic.com\/pt-pt\/wp-json\/wp\/v2\/product"}],"about":[{"href":"https:\/\/olemosaic.com\/pt-pt\/wp-json\/wp\/v2\/types\/product"}],"wp:featuredmedia":[{"embeddable":true,"href":"https:\/\/olemosaic.com\/pt-pt\/wp-json\/wp\/v2\/media\/9501"}],"wp:attachment":[{"href":"https:\/\/olemosaic.com\/pt-pt\/wp-json\/wp\/v2\/media?parent=35154"}],"wp:term":[{"taxonomy":"product_brand","embeddable":true,"href":"https:\/\/olemosaic.com\/pt-pt\/wp-json\/wp\/v2\/product_brand?post=35154"},{"taxonomy":"product_cat","embeddable":true,"href":"https:\/\/olemosaic.com\/pt-pt\/wp-json\/wp\/v2\/product_cat?post=35154"},{"taxonomy":"product_tag","embeddable":true,"href":"https:\/\/olemosaic.com\/pt-pt\/wp-json\/wp\/v2\/product_tag?post=35154"}],"curies":[{"name":"wp","href":"https:\/\/api.w.org\/{rel}","templated":true}]}}