{"id":35138,"date":"2025-02-20T22:34:46","date_gmt":"2025-02-20T22:34:46","guid":{"rendered":"http:\/\/olemosaic.com\/producto\/vaso-de-chupito-de-ceramica-santiago-blanco\/"},"modified":"2025-07-25T20:26:26","modified_gmt":"2025-07-25T18:26:26","slug":"copo-de-shot-de-ceramica-santiago-branco","status":"publish","type":"product","link":"https:\/\/olemosaic.com\/pt-pt\/produto\/copo-de-shot-de-ceramica-santiago-branco\/","title":{"rendered":"Copo de shot de cer\u00e2mica. Santiago. Branco."},"content":{"rendered":"<p>Este copo de shot de cer\u00e2mica, desenhado especialmente para recordar a m\u00e1gica cidade de Santiago de Compostela, \u00e9 o souvenir perfeito para quem percorreu o emblem\u00e1tico Caminho de Santiago. O seu atraente design apresenta um exterior branco adornado com imagens ic\u00f3nicas da Catedral de Santiago e a famosa concha do peregrino, elementos que evocam a rica hist\u00f3ria e a espiritualidade do caminho. O interior do copo, de um vibrante verde brilhante, real\u00e7a o estilo moderno e atraente desta pe\u00e7a \u00fanica. As ilustra\u00e7\u00f5es, que combinam cores quentes e chamativas, transmitem a ess\u00eancia hist\u00f3rica e cultural da regi\u00e3o galega, enquanto o acabamento mate oferece uma textura agrad\u00e1vel ao toque.<\/p>\n<p>Este copo n\u00e3o \u00e9 apenas uma excelente recorda\u00e7\u00e3o da Galiza, mas tamb\u00e9m um artigo ideal para colecionadores e amantes da cultura. A sua relev\u00e2ncia cultural enquadra-se na tradi\u00e7\u00e3o da peregrina\u00e7\u00e3o, o que o torna num s\u00edmbolo tang\u00edvel da experi\u00eancia vivida no caminho. Na Ol\u00e9 Mosaic, orgulhamo-nos de oferecer produtos aut\u00eanticos e de qualidade, e este copo de shot de cer\u00e2mica \u00e9 um grande exemplo do nosso compromisso como grossista de souvenirs. Perfeito para lojas de presentes tur\u00edsticos, este artigo \u00e9 uma forma ideal de levar um peda\u00e7o de Santiago e partilhar a sua hist\u00f3ria com familiares e amigos.<\/p>\n","protected":false},"excerpt":{"rendered":"<p>Copo de shot de cer\u00e2mica desenhado com imagens ic\u00f3nicas de Santiago de Compostela. Este atraente copo branco apresenta um interior verde brilhante e est\u00e1 decorado com ilustra\u00e7\u00f5es do famoso edif\u00edcio da Catedral e da concha do peregrino, elementos imprescind\u00edveis do Caminho de Santiago. Os seus detalhes coloridos e o seu estilo moderno tornam-no numa recorda\u00e7\u00e3o ideal para quem percorreu este emblem\u00e1tico caminho. Um artigo perfeito para colecionadores e amantes da cultura galega.<\/p>\n","protected":false},"featured_media":9925,"template":"","meta":{"_acf_changed":false},"product_brand":[],"product_cat":[815],"product_tag":[515],"class_list":{"0":"post-35138","1":"product","2":"type-product","3":"status-publish","4":"has-post-thumbnail","6":"product_cat-copos-de-shot","7":"product_tag-ceramica","8":"pa_ciudad-santiago","9":"pa_pais-espana","11":"first","12":"instock","13":"shipping-taxable","14":"product-type-simple"},"acf":[],"_links":{"self":[{"href":"https:\/\/olemosaic.com\/pt-pt\/wp-json\/wp\/v2\/product\/35138","targetHints":{"allow":["GET"]}}],"collection":[{"href":"https:\/\/olemosaic.com\/pt-pt\/wp-json\/wp\/v2\/product"}],"about":[{"href":"https:\/\/olemosaic.com\/pt-pt\/wp-json\/wp\/v2\/types\/product"}],"wp:featuredmedia":[{"embeddable":true,"href":"https:\/\/olemosaic.com\/pt-pt\/wp-json\/wp\/v2\/media\/9925"}],"wp:attachment":[{"href":"https:\/\/olemosaic.com\/pt-pt\/wp-json\/wp\/v2\/media?parent=35138"}],"wp:term":[{"taxonomy":"product_brand","embeddable":true,"href":"https:\/\/olemosaic.com\/pt-pt\/wp-json\/wp\/v2\/product_brand?post=35138"},{"taxonomy":"product_cat","embeddable":true,"href":"https:\/\/olemosaic.com\/pt-pt\/wp-json\/wp\/v2\/product_cat?post=35138"},{"taxonomy":"product_tag","embeddable":true,"href":"https:\/\/olemosaic.com\/pt-pt\/wp-json\/wp\/v2\/product_tag?post=35138"}],"curies":[{"name":"wp","href":"https:\/\/api.w.org\/{rel}","templated":true}]}}