{"id":35134,"date":"2025-02-20T23:34:45","date_gmt":"2025-02-20T22:34:45","guid":{"rendered":"http:\/\/olemosaic.com\/producto\/vaso-de-chupito-de-ceramica-toro-sevilla-beige\/"},"modified":"2025-07-25T20:26:20","modified_gmt":"2025-07-25T18:26:20","slug":"copo-de-shot-de-ceramica-touro-sevilha-bege","status":"publish","type":"product","link":"https:\/\/olemosaic.com\/pt-pt\/produto\/copo-de-shot-de-ceramica-touro-sevilha-bege\/","title":{"rendered":"Copo de shot de cer\u00e2mica. Touro. Sevilha. Bege."},"content":{"rendered":"<p>Este copo de shot de cer\u00e2mica foi desenhado com um estilo vibrante e ic\u00f3nico, inspirado no emblem\u00e1tico touro de Sevilha, s\u00edmbolo da cultura e da bravura espanholas. A pe\u00e7a, com um elegante fundo bege, destaca-se pelo seu colorido mosaico que representa o touro atrav\u00e9s de uma t\u00e9cnica de pintura \u00e0 m\u00e3o, onde se misturam tons intensos de vermelho, verde, azul e amarelo que capturam a ess\u00eancia da arte espanhola. Na parte frontal, a palavra &#8220;Sevilla&#8221; \u00e9 exibida de forma proeminente, celebrando a sua liga\u00e7\u00e3o com a cidade andaluza. Este copo n\u00e3o \u00e9 apenas funcional para desfrutar das suas bebidas, mas tamb\u00e9m atua como um atraente adorno para qualquer canto da sua casa.<\/p>\n<p>A cer\u00e2mica, uma arte tradicional da regi\u00e3o, confere um toque aut\u00eantico e artesanal a cada pe\u00e7a, tornando este copo num excelente souvenir que representa a riqueza cultural de Sevilha. Ideal para turistas que procuram uma recorda\u00e7\u00e3o significativa, este copo de shot simboliza a tradi\u00e7\u00e3o e o patrim\u00f3nio andaluz. Na Ol\u00e9 Mosaic, somos distribuidores de souvenirs aut\u00eanticos e o nosso copo de shot de cer\u00e2mica \u00e9 uma fant\u00e1stica op\u00e7\u00e3o para lojas de presentes tur\u00edsticos que desejem oferecer produtos de alta qualidade e com um marcado valor cultural. Com este copo, n\u00e3o adquire apenas um objeto decorativo, mas tamb\u00e9m uma pe\u00e7a de hist\u00f3ria.<\/p>\n","protected":false},"excerpt":{"rendered":"<p>Copo de shot de cer\u00e2mica com design \u00fanico, inspirado no emblem\u00e1tico touro de Sevilha. Este copo apresenta um colorido mosaico em tons vibrantes sobre um fundo bege, com a palavra &#8220;Sevilla&#8221; estampada na parte frontal. Os seus detalhes decorativos e a t\u00e9cnica de design artesanal, pintado \u00e0 m\u00e3o, conferem-lhe um toque art\u00edstico, tornando-o numa excelente recorda\u00e7\u00e3o da cultura sevilhana. Ideal para desfrutar dos seus shots e como adorno em qualquer lugar.<\/p>\n","protected":false},"featured_media":7053,"template":"","meta":{"_acf_changed":false},"product_brand":[],"product_cat":[815],"product_tag":[516,515],"class_list":{"0":"post-35134","1":"product","2":"type-product","3":"status-publish","4":"has-post-thumbnail","6":"product_cat-copos-de-shot","7":"product_tag-animais","8":"product_tag-ceramica","9":"pa_ciudad-sevilla","10":"pa_motivo-touros","11":"pa_pais-espana","13":"first","14":"instock","15":"shipping-taxable","16":"product-type-simple"},"acf":[],"_links":{"self":[{"href":"https:\/\/olemosaic.com\/pt-pt\/wp-json\/wp\/v2\/product\/35134","targetHints":{"allow":["GET"]}}],"collection":[{"href":"https:\/\/olemosaic.com\/pt-pt\/wp-json\/wp\/v2\/product"}],"about":[{"href":"https:\/\/olemosaic.com\/pt-pt\/wp-json\/wp\/v2\/types\/product"}],"wp:featuredmedia":[{"embeddable":true,"href":"https:\/\/olemosaic.com\/pt-pt\/wp-json\/wp\/v2\/media\/7053"}],"wp:attachment":[{"href":"https:\/\/olemosaic.com\/pt-pt\/wp-json\/wp\/v2\/media?parent=35134"}],"wp:term":[{"taxonomy":"product_brand","embeddable":true,"href":"https:\/\/olemosaic.com\/pt-pt\/wp-json\/wp\/v2\/product_brand?post=35134"},{"taxonomy":"product_cat","embeddable":true,"href":"https:\/\/olemosaic.com\/pt-pt\/wp-json\/wp\/v2\/product_cat?post=35134"},{"taxonomy":"product_tag","embeddable":true,"href":"https:\/\/olemosaic.com\/pt-pt\/wp-json\/wp\/v2\/product_tag?post=35134"}],"curies":[{"name":"wp","href":"https:\/\/api.w.org\/{rel}","templated":true}]}}