{"id":35127,"date":"2025-02-20T23:34:45","date_gmt":"2025-02-20T22:34:45","guid":{"rendered":"http:\/\/olemosaic.com\/producto\/vaso-de-chupito-de-ceramica-alicatado-blanco-5\/"},"modified":"2025-07-25T20:05:19","modified_gmt":"2025-07-25T18:05:19","slug":"copo-de-shot-de-ceramica-alicatado-blanco-5","status":"publish","type":"product","link":"https:\/\/olemosaic.com\/pt-pt\/produto\/copo-de-shot-de-ceramica-alicatado-blanco-5\/","title":{"rendered":"Copo de shot de cer\u00e2mica. Alicatado. Laranja. Fundo branco."},"content":{"rendered":"<p>Este copo de shot de cer\u00e2mica \u00e9 uma bela representa\u00e7\u00e3o da arte do alicatado espanhol, um cl\u00e1ssico da rica heran\u00e7a cultural de Espanha. O seu design muito especial em branco real\u00e7a o interior vibrante de cor laranja, criando um contraste visual atraente e contempor\u00e2neo. Decorado com intrincadas formas geom\u00e9tricas numa paleta de cores que inclui vermelho, azul, preto e verde, este copo evoca a diversidade e a beleza da arquitetura mediterr\u00e2nica, tornando-o um elemento decorativo ideal para qualquer celebra\u00e7\u00e3o ou evento.<\/p>\n<p>As formas geom\u00e9tricas, cuidadosamente desenhadas e dispostas, refletem a tradi\u00e7\u00e3o do azulejo que adornou as fachadas de muitos edif\u00edcios hist\u00f3ricos em Espanha, e cada tra\u00e7o fala de uma cultura rica em hist\u00f3ria e cor. Este copo n\u00e3o \u00e9 apenas funcional, mas tamb\u00e9m atua como um souvenir aut\u00eantico, perfeito para aqueles que procuram levar para casa uma parte da cultura espanhola.<\/p>\n<p>Na Ol\u00e9 Mosaic, especializamo-nos na distribui\u00e7\u00e3o por grosso de souvenirs que capturam a ess\u00eancia de cada regi\u00e3o. Este copo de shot de cer\u00e2mica \u00e9 uma excelente op\u00e7\u00e3o para lojas de presentes tur\u00edsticos que desejem oferecer produtos \u00fanicos e de qualidade. Com o seu design atraente e relev\u00e2ncia cultural, torna-se um artigo que encantar\u00e1 turistas e colecionadores, consolidando-se como um indispens\u00e1vel em qualquer cole\u00e7\u00e3o de souvenirs de Espanha.<\/p>\n","protected":false},"excerpt":{"rendered":"<p>Copo de shot de cer\u00e2mica inspirado no tradicional alicatado espanhol, com acabamento branco e interior de cor laranja vibrante. Este copo apresenta um design muito especial com formas geom\u00e9tricas em vermelho, azul, preto e verde, evocando a rica heran\u00e7a cultural de Espanha. Ideal para eventos e celebra\u00e7\u00f5es, combina funcionalidade com um estilo art\u00edstico atraente que evoca a ess\u00eancia da arquitetura mediterr\u00e2nica.<\/p>\n","protected":false},"featured_media":8447,"template":"","meta":{"_acf_changed":false},"product_brand":[],"product_cat":[815],"product_tag":[515],"class_list":{"0":"post-35127","1":"product","2":"type-product","3":"status-publish","4":"has-post-thumbnail","6":"product_cat-copos-de-shot","7":"product_tag-ceramica","8":"pa_motivo-ladrilho","10":"first","11":"instock","12":"shipping-taxable","13":"product-type-simple"},"acf":[],"_links":{"self":[{"href":"https:\/\/olemosaic.com\/pt-pt\/wp-json\/wp\/v2\/product\/35127","targetHints":{"allow":["GET"]}}],"collection":[{"href":"https:\/\/olemosaic.com\/pt-pt\/wp-json\/wp\/v2\/product"}],"about":[{"href":"https:\/\/olemosaic.com\/pt-pt\/wp-json\/wp\/v2\/types\/product"}],"wp:featuredmedia":[{"embeddable":true,"href":"https:\/\/olemosaic.com\/pt-pt\/wp-json\/wp\/v2\/media\/8447"}],"wp:attachment":[{"href":"https:\/\/olemosaic.com\/pt-pt\/wp-json\/wp\/v2\/media?parent=35127"}],"wp:term":[{"taxonomy":"product_brand","embeddable":true,"href":"https:\/\/olemosaic.com\/pt-pt\/wp-json\/wp\/v2\/product_brand?post=35127"},{"taxonomy":"product_cat","embeddable":true,"href":"https:\/\/olemosaic.com\/pt-pt\/wp-json\/wp\/v2\/product_cat?post=35127"},{"taxonomy":"product_tag","embeddable":true,"href":"https:\/\/olemosaic.com\/pt-pt\/wp-json\/wp\/v2\/product_tag?post=35127"}],"curies":[{"name":"wp","href":"https:\/\/api.w.org\/{rel}","templated":true}]}}