{"id":35125,"date":"2025-02-20T23:34:44","date_gmt":"2025-02-20T22:34:44","guid":{"rendered":"http:\/\/olemosaic.com\/producto\/vaso-de-chupito-de-ceramica-alicatado-blanco-4\/"},"modified":"2025-07-25T19:36:01","modified_gmt":"2025-07-25T17:36:01","slug":"copo-de-shot-de-ceramica-alicatado-branco-4","status":"publish","type":"product","link":"https:\/\/olemosaic.com\/pt-pt\/produto\/copo-de-shot-de-ceramica-alicatado-branco-4\/","title":{"rendered":"Copo de shot de cer\u00e2mica. Alicatado. V\u00e1rias cores. Fundo branco."},"content":{"rendered":"<p>Este copinho de shot de cer\u00e2mica \u00e9 uma aut\u00eantica joia que captura a ess\u00eancia da arte cer\u00e2mica espanhola. O seu fundo branco imaculado est\u00e1 adornado com cativantes padr\u00f5es geom\u00e9tricos em preto, azul, verde, laranja e vermelho, meticulosamente elaborados para evocar a rica tradi\u00e7\u00e3o cultural da cer\u00e2mica em Espanha. A parte superior do copo, num vibrante tom vermelho, oferece um belo contraste visual que real\u00e7a os motivos decorativos, tornando este copo uma pe\u00e7a central em qualquer cole\u00e7\u00e3o de recorda\u00e7\u00f5es.<\/p>\n<p>Cada detalhe deste copo reflete o artesanato tradicional, ideal para desfrutar das suas bebidas favoritas num ambiente festivo. Este acess\u00f3rio n\u00e3o \u00e9 apenas funcional, mas tamb\u00e9m um lembrete das coloridas festas e do calor da cultura espanhola. Com o seu design de inspira\u00e7\u00e3o alicatada, este copinho de shot torna-se um excelente presente para quem procura souvenirs aut\u00eanticos que destaquem a identidade cultural de Espanha.<\/p>\n<p>Na Ol\u00e9 Mosaic, somos distribuidores grossistas de cer\u00e2mica e oferecemos uma vasta gama de souvenirs aut\u00eanticos da cultura espanhola. Este copinho de shot \u00e9 uma op\u00e7\u00e3o perfeita para lojas de presentes tur\u00edsticos que procuram produtos de qualidade com relev\u00e2ncia cultural, tornando-o uma recorda\u00e7\u00e3o significativa para turistas e amantes da tradi\u00e7\u00e3o.<\/p>\n","protected":false},"excerpt":{"rendered":"<p>Copo de shot de cer\u00e2mica com design de azulejos em tons vibrantes. Este atraente copo apresenta um fundo branco adornado com intrincados padr\u00f5es geom\u00e9tricos em preto, azul, verde, laranja e vermelho, evocando a rica tradi\u00e7\u00e3o da arte cer\u00e2mica espanhola. A parte superior do copo \u00e9 de uma cor vermelha quente, que contrasta na perfei\u00e7\u00e3o com os elaborados motivos decorativos. Ideal para desfrutar das suas bebidas favoritas, este acess\u00f3rio \u00e9 uma recorda\u00e7\u00e3o aut\u00eantica da cultura espanhola.<\/p>\n","protected":false},"featured_media":8446,"template":"","meta":{"_acf_changed":false},"product_brand":[],"product_cat":[815],"product_tag":[515],"class_list":{"0":"post-35125","1":"product","2":"type-product","3":"status-publish","4":"has-post-thumbnail","6":"product_cat-copos-de-shot","7":"product_tag-ceramica","8":"pa_motivo-ladrilho","10":"first","11":"instock","12":"shipping-taxable","13":"product-type-simple"},"acf":[],"_links":{"self":[{"href":"https:\/\/olemosaic.com\/pt-pt\/wp-json\/wp\/v2\/product\/35125","targetHints":{"allow":["GET"]}}],"collection":[{"href":"https:\/\/olemosaic.com\/pt-pt\/wp-json\/wp\/v2\/product"}],"about":[{"href":"https:\/\/olemosaic.com\/pt-pt\/wp-json\/wp\/v2\/types\/product"}],"wp:featuredmedia":[{"embeddable":true,"href":"https:\/\/olemosaic.com\/pt-pt\/wp-json\/wp\/v2\/media\/8446"}],"wp:attachment":[{"href":"https:\/\/olemosaic.com\/pt-pt\/wp-json\/wp\/v2\/media?parent=35125"}],"wp:term":[{"taxonomy":"product_brand","embeddable":true,"href":"https:\/\/olemosaic.com\/pt-pt\/wp-json\/wp\/v2\/product_brand?post=35125"},{"taxonomy":"product_cat","embeddable":true,"href":"https:\/\/olemosaic.com\/pt-pt\/wp-json\/wp\/v2\/product_cat?post=35125"},{"taxonomy":"product_tag","embeddable":true,"href":"https:\/\/olemosaic.com\/pt-pt\/wp-json\/wp\/v2\/product_tag?post=35125"}],"curies":[{"name":"wp","href":"https:\/\/api.w.org\/{rel}","templated":true}]}}