{"id":35088,"date":"2025-02-20T22:34:44","date_gmt":"2025-02-20T22:34:44","guid":{"rendered":"http:\/\/olemosaic.com\/producto\/vaso-de-chupito-de-ceramica-mosaico-barcelona-blanco\/"},"modified":"2025-07-25T19:41:14","modified_gmt":"2025-07-25T17:41:14","slug":"copo-de-shot-de-ceramica-mosaico-barcelona-branco","status":"publish","type":"product","link":"https:\/\/olemosaic.com\/pt-pt\/produto\/copo-de-shot-de-ceramica-mosaico-barcelona-branco\/","title":{"rendered":"Copo de shot de cer\u00e2mica. Mosaico. Barcelona. Branco."},"content":{"rendered":"<p>Este copinho de shot de cer\u00e2mica \u00e9 uma vibrante homenagem \u00e0 arquitetura de Barcelona, desenhado para capturar a ess\u00eancia do modernismo catal\u00e3o. A sua superf\u00edcie apresenta um colorido mosaico que mistura tons brilhantes de azul, vermelho, amarelo e branco, onde se entrela\u00e7am formas geom\u00e9tricas e florais, evocando os maravilhosos azulejos que adornam edif\u00edcios hist\u00f3ricos da cidade, como a Casa Batll\u00f3 e La Pedrera. Numa lateral, destaca-se a inscri\u00e7\u00e3o &#8220;Barcelona&#8221; num chamativo estilo gr\u00e1fico, uma clara refer\u00eancia \u00e0 liga\u00e7\u00e3o cultural da lembran\u00e7a com a emblem\u00e1tica cidade. O interior do copo, de uma cor laranja quente, confere um toque de eleg\u00e2ncia e contraste, real\u00e7ando o seu apelo visual.<\/p>\n<p>Este copinho de shot n\u00e3o \u00e9 apenas um objeto decorativo, mas uma aut\u00eantica lembran\u00e7a de Barcelona que permite aos visitantes levar um peda\u00e7o da cidade e recordar a sua atmosfera vibrante. Ideal para turistas que procuram lembran\u00e7as aut\u00eanticas que reflitam a cultura local, \u00e9 perfeito para colecionar ou como um presente significativo. Na Ol\u00e9 Mosaic, especializamo-nos na distribui\u00e7\u00e3o de lembran\u00e7as por grosso, oferecendo este copo de cer\u00e2mica como uma excelente op\u00e7\u00e3o para lojas de presentes tur\u00edsticos que desejem oferecer produtos originais e carregados de hist\u00f3ria. D\u00ea aos seus clientes a oportunidade de terem nas suas m\u00e3os um peda\u00e7o de Barcelona com este requintado copinho de shot, representativo da sua rica heran\u00e7a cultural.<\/p>\n","protected":false},"excerpt":{"rendered":"<p>Copo de shot de cer\u00e2mica com um vibrante design de mosaico inspirado na arquitetura de Barcelona. Este colorido copo apresenta uma mistura de cores azul, vermelho, amarelo e branco, decorado com formas geom\u00e9tricas e florais que evocam o estilo modernista da cidade. Numa lateral, destaca-se a inscri\u00e7\u00e3o \u00abBarcelona\u00bb num chamativo estilo gr\u00e1fico. O seu interior \u00e9 de uma cor laranja quente, conferindo um toque de eleg\u00e2ncia. Ideal como lembran\u00e7a ou para real\u00e7ar qualquer cole\u00e7\u00e3o.<\/p>\n","protected":false},"featured_media":9115,"template":"","meta":{"_acf_changed":false},"product_brand":[],"product_cat":[815],"product_tag":[515],"class_list":{"0":"post-35088","1":"product","2":"type-product","3":"status-publish","4":"has-post-thumbnail","6":"product_cat-copos-de-shot","7":"product_tag-ceramica","8":"pa_ciudad-barcelona","9":"pa_motivo-mosaico","10":"pa_pais-espana","12":"first","13":"instock","14":"shipping-taxable","15":"product-type-simple"},"acf":[],"_links":{"self":[{"href":"https:\/\/olemosaic.com\/pt-pt\/wp-json\/wp\/v2\/product\/35088","targetHints":{"allow":["GET"]}}],"collection":[{"href":"https:\/\/olemosaic.com\/pt-pt\/wp-json\/wp\/v2\/product"}],"about":[{"href":"https:\/\/olemosaic.com\/pt-pt\/wp-json\/wp\/v2\/types\/product"}],"wp:featuredmedia":[{"embeddable":true,"href":"https:\/\/olemosaic.com\/pt-pt\/wp-json\/wp\/v2\/media\/9115"}],"wp:attachment":[{"href":"https:\/\/olemosaic.com\/pt-pt\/wp-json\/wp\/v2\/media?parent=35088"}],"wp:term":[{"taxonomy":"product_brand","embeddable":true,"href":"https:\/\/olemosaic.com\/pt-pt\/wp-json\/wp\/v2\/product_brand?post=35088"},{"taxonomy":"product_cat","embeddable":true,"href":"https:\/\/olemosaic.com\/pt-pt\/wp-json\/wp\/v2\/product_cat?post=35088"},{"taxonomy":"product_tag","embeddable":true,"href":"https:\/\/olemosaic.com\/pt-pt\/wp-json\/wp\/v2\/product_tag?post=35088"}],"curies":[{"name":"wp","href":"https:\/\/api.w.org\/{rel}","templated":true}]}}