{"id":35087,"date":"2025-02-20T23:34:44","date_gmt":"2025-02-20T22:34:44","guid":{"rendered":"http:\/\/olemosaic.com\/producto\/vaso-de-chupito-de-ceramica-barcelona-azul\/"},"modified":"2025-07-25T18:44:48","modified_gmt":"2025-07-25T16:44:48","slug":"copo-de-shot-de-ceramica-barcelona-azul","status":"publish","type":"product","link":"https:\/\/olemosaic.com\/pt-pt\/produto\/copo-de-shot-de-ceramica-barcelona-azul\/","title":{"rendered":"Copo de shot de cer\u00e2mica. Barcelona. Azul."},"content":{"rendered":"<p>Este copo de shot de cer\u00e2mica \u00e9 uma lembran\u00e7a vibrante que captura a ess\u00eancia de Barcelona em cada gole. O seu design em cer\u00e2mica azul destaca-se incrivelmente, oferecendo um fundo perfeito para as ilustra\u00e7\u00f5es coloridas que adornam a sua superf\u00edcie. Os emblem\u00e1ticos monumentos da cidade, como a Sagrada Fam\u00edlia e o Park G\u00fcell, est\u00e3o representados com um estilo art\u00edstico que reflete a riqueza cultural e arquitet\u00f3nica de Barcelona. Cada detalhe das ilustra\u00e7\u00f5es \u00e9 cuidadosamente pintado \u00e0 m\u00e3o, o que garante a autenticidade e singularidade de cada pe\u00e7a.<\/p>\n<p>O copo mostra uma s\u00e9rie de mosaicos que evocam o estilo modernista de Gaud\u00ed, utilizando uma paleta de cores vibrantes que inclui vermelhos, verdes, amarelos e azuis. Esta combina\u00e7\u00e3o n\u00e3o s\u00f3 cria um apelo visual impressionante, como tamb\u00e9m simboliza a alegria e o dinamismo da vida na cidade. Ideal para desfrutar de um shot em qualquer ocasi\u00e3o, este copo torna-se uma recorda\u00e7\u00e3o perfeita da magia de Barcelona.<\/p>\n<p>Na Ol\u00e9 Mosaic, somos especialistas na distribui\u00e7\u00e3o por grosso de lembran\u00e7as representativas e aut\u00eanticas, e este copo de shot de cer\u00e2mica \u00e9 uma excelente op\u00e7\u00e3o para lojas de presentes tur\u00edsticos que procuram oferecer artigos de qualidade. N\u00e3o \u00e9 apenas um presente ideal para turistas, mas tamb\u00e9m um bonito lembrete da cultura e da arte de Barcelona.<\/p>\n","protected":false},"excerpt":{"rendered":"<p>Copo de shot de cer\u00e2mica decorado com vibrantes ilustra\u00e7\u00f5es dos emblem\u00e1ticos monumentos de Barcelona. Este atraente copo apresenta um design em cer\u00e2mica azul com motivos coloridos que representam a Sagrada Fam\u00edlia, o Park G\u00fcell e outros \u00edcones arquitet\u00f3nicos da cidade. Cada detalhe \u00e9 cuidadosamente desenhado de forma artesanal, pintado \u00e0 m\u00e3o, destacando a riqueza cultural de Barcelona e oferecendo uma recorda\u00e7\u00e3o perfeita do seu encanto \u00fanico. Ideal para desfrutar de um shot em qualquer ocasi\u00e3o.<\/p>\n","protected":false},"featured_media":12092,"template":"","meta":{"_acf_changed":false},"product_brand":[],"product_cat":[815],"product_tag":[515],"class_list":{"0":"post-35087","1":"product","2":"type-product","3":"status-publish","4":"has-post-thumbnail","6":"product_cat-copos-de-shot","7":"product_tag-ceramica","8":"pa_ciudad-barcelona","9":"pa_pais-espana","11":"first","12":"instock","13":"shipping-taxable","14":"product-type-simple"},"acf":[],"_links":{"self":[{"href":"https:\/\/olemosaic.com\/pt-pt\/wp-json\/wp\/v2\/product\/35087","targetHints":{"allow":["GET"]}}],"collection":[{"href":"https:\/\/olemosaic.com\/pt-pt\/wp-json\/wp\/v2\/product"}],"about":[{"href":"https:\/\/olemosaic.com\/pt-pt\/wp-json\/wp\/v2\/types\/product"}],"wp:featuredmedia":[{"embeddable":true,"href":"https:\/\/olemosaic.com\/pt-pt\/wp-json\/wp\/v2\/media\/12092"}],"wp:attachment":[{"href":"https:\/\/olemosaic.com\/pt-pt\/wp-json\/wp\/v2\/media?parent=35087"}],"wp:term":[{"taxonomy":"product_brand","embeddable":true,"href":"https:\/\/olemosaic.com\/pt-pt\/wp-json\/wp\/v2\/product_brand?post=35087"},{"taxonomy":"product_cat","embeddable":true,"href":"https:\/\/olemosaic.com\/pt-pt\/wp-json\/wp\/v2\/product_cat?post=35087"},{"taxonomy":"product_tag","embeddable":true,"href":"https:\/\/olemosaic.com\/pt-pt\/wp-json\/wp\/v2\/product_tag?post=35087"}],"curies":[{"name":"wp","href":"https:\/\/api.w.org\/{rel}","templated":true}]}}