{"id":35086,"date":"2025-02-20T23:34:44","date_gmt":"2025-02-20T22:34:44","guid":{"rendered":"http:\/\/olemosaic.com\/producto\/vaso-de-chupito-de-ceramica-panoramica-barcelona-beige-2\/"},"modified":"2025-07-25T22:21:25","modified_gmt":"2025-07-25T20:21:25","slug":"copo-de-shot-de-ceramica-panoramica-barcelona-bege-2","status":"publish","type":"product","link":"https:\/\/olemosaic.com\/pt-pt\/produto\/copo-de-shot-de-ceramica-panoramica-barcelona-bege-2\/","title":{"rendered":"Copo de shot de cer\u00e2mica. Panor\u00e2mica. Monumento a Colombo. Barcelona. Bege."},"content":{"rendered":"<p>Este shot de cer\u00e2mica \u00e9 uma recorda\u00e7\u00e3o aut\u00eantica e vibrante de Barcelona, ideal para quem deseja levar um peda\u00e7o da rica cultura catal\u00e3. Com um design atraente em tons bege, apresenta uma panor\u00e2mica com efeito pintado \u00e0 m\u00e3o com ilustra\u00e7\u00f5es ic\u00f3nicas como o Monumento a Colombo, rodeado de palmeiras e outros s\u00edmbolos representativos da cidade. O design de mosaico multicolor real\u00e7a a ess\u00eancia art\u00edstica de Barcelona, refletindo o seu legado arquitet\u00f3nico e cultural.<\/p>\n<p>A borda vermelha do copo adiciona um toque distintivo que complementa as representa\u00e7\u00f5es coloridas, tornando este artigo uma lembran\u00e7a \u00fanica e atraente. Este shot n\u00e3o \u00e9 apenas funcional, mas tamb\u00e9m atua como pe\u00e7a decorativa, perfeito para exibir em qualquer casa ou para oferecer a amigos e familiares.<\/p>\n<p>Na Ol\u00e9 Mosaic, especializamo-nos na distribui\u00e7\u00e3o de lembran\u00e7as por grosso, e este shot de Barcelona \u00e9 uma op\u00e7\u00e3o insuper\u00e1vel para lojas de presentes tur\u00edsticos que procuram oferecer produtos com significado cultural. Com o seu toque artesanal e a sua relev\u00e2ncia como recorda\u00e7\u00e3o da magn\u00edfica capital catal\u00e3, este copo torna-se um excelente presente para turistas que procuram levar para casa um peda\u00e7o das vibrantes e ricas tradi\u00e7\u00f5es de Espanha.<\/p>\n","protected":false},"excerpt":{"rendered":"<p>Copo de shot de cer\u00e2mica com uma atraente panor\u00e2mica de Barcelona. Este copo bege apresenta ilustra\u00e7\u00f5es vibrantes do emblem\u00e1tico Monumento a Colombo e outras cenas ic\u00f3nicas da cidade, tudo adornado com um design de mosaico multicolor. Pintado com estilo artesanal, exibe uma borda vermelha que real\u00e7a a sua est\u00e9tica. Ideal para recordar as suas viagens ou como recorda\u00e7\u00e3o da magn\u00edfica capital catal\u00e3.<\/p>\n","protected":false},"featured_media":7703,"template":"","meta":{"_acf_changed":false},"product_brand":[],"product_cat":[815],"product_tag":[515],"class_list":{"0":"post-35086","1":"product","2":"type-product","3":"status-publish","4":"has-post-thumbnail","6":"product_cat-copos-de-shot","7":"product_tag-ceramica","8":"pa_ciudad-barcelona","9":"pa_motivo-panoramas","10":"pa_pais-espana","12":"first","13":"instock","14":"shipping-taxable","15":"product-type-simple"},"acf":[],"_links":{"self":[{"href":"https:\/\/olemosaic.com\/pt-pt\/wp-json\/wp\/v2\/product\/35086","targetHints":{"allow":["GET"]}}],"collection":[{"href":"https:\/\/olemosaic.com\/pt-pt\/wp-json\/wp\/v2\/product"}],"about":[{"href":"https:\/\/olemosaic.com\/pt-pt\/wp-json\/wp\/v2\/types\/product"}],"wp:featuredmedia":[{"embeddable":true,"href":"https:\/\/olemosaic.com\/pt-pt\/wp-json\/wp\/v2\/media\/7703"}],"wp:attachment":[{"href":"https:\/\/olemosaic.com\/pt-pt\/wp-json\/wp\/v2\/media?parent=35086"}],"wp:term":[{"taxonomy":"product_brand","embeddable":true,"href":"https:\/\/olemosaic.com\/pt-pt\/wp-json\/wp\/v2\/product_brand?post=35086"},{"taxonomy":"product_cat","embeddable":true,"href":"https:\/\/olemosaic.com\/pt-pt\/wp-json\/wp\/v2\/product_cat?post=35086"},{"taxonomy":"product_tag","embeddable":true,"href":"https:\/\/olemosaic.com\/pt-pt\/wp-json\/wp\/v2\/product_tag?post=35086"}],"curies":[{"name":"wp","href":"https:\/\/api.w.org\/{rel}","templated":true}]}}