{"id":35085,"date":"2025-02-20T23:34:44","date_gmt":"2025-02-20T22:34:44","guid":{"rendered":"http:\/\/olemosaic.com\/producto\/vaso-de-chupito-de-ceramica-panoramica-madrid-beige\/"},"modified":"2025-07-25T20:08:27","modified_gmt":"2025-07-25T18:08:27","slug":"copo-de-shot-de-ceramica-panoramica-madrid-bege","status":"publish","type":"product","link":"https:\/\/olemosaic.com\/pt-pt\/produto\/copo-de-shot-de-ceramica-panoramica-madrid-bege\/","title":{"rendered":"Copo de shot de cer\u00e2mica. Panor\u00e2mica. Madrid. Bege."},"content":{"rendered":"<p>Este copo de shot de cer\u00e2mica \u00e9 uma aut\u00eantica lembran\u00e7a de Madrid, desenhado para capturar a ess\u00eancia e os \u00edcones da capital espanhola num formato elegante. Com uma vibrante panor\u00e2mica em tons bege e diversas cores, o copo apresenta ilustra\u00e7\u00f5es do emblem\u00e1tico Urso e o Medronheiro, junto \u00e0 hist\u00f3rica Puerta del Sol, tudo representado com um estilo de mosaico pintado \u00e0 m\u00e3o que real\u00e7a a mestria artesanal. Cada detalhe art\u00edstico foi cuidado meticulosamente, incluindo a sua caracter\u00edstica borda preta, que adiciona um toque contempor\u00e2neo ao design.<\/p>\n<p>Este copo n\u00e3o \u00e9 apenas funcional, mas tamb\u00e9m atua como objeto decorativo, um lembrete da rica cultura e da vibrante vida de Madrid. Perfeito para os turistas que desejam levar um peda\u00e7o da cidade, este copo de shot representa a mais pura tradi\u00e7\u00e3o das lembran\u00e7as da regi\u00e3o. Os s\u00edmbolos representados, como o Urso e o Medronheiro, s\u00e3o um \u00edcone da cidade, celebrando o seu patrim\u00f3nio e a sua hist\u00f3ria.<\/p>\n<p>Na Ol\u00e9 Mosaic, somos especialistas na distribui\u00e7\u00e3o de lembran\u00e7as por grosso, e este copo \u00e9 uma excelente op\u00e7\u00e3o para lojas de presentes tur\u00edsticos que procuram produtos aut\u00eanticos e atraentes. Como grossistas de cer\u00e2mica, garantimos a qualidade e a autenticidade em cada pe\u00e7a, o que torna este copo de shot numa op\u00e7\u00e3o ideal para quem procura recorda\u00e7\u00f5es inesquec\u00edveis de Madrid.<\/p>\n","protected":false},"excerpt":{"rendered":"<p>Copo de shot de cer\u00e2mica com uma vibrante panor\u00e2mica de Madrid em tons bege e diversas cores. Este elegante copo apresenta ilustra\u00e7\u00f5es do famoso Urso e o Medronheiro, junto \u00e0 emblem\u00e1tica Puerta del Sol, representados com um estilo mosaico de design artesanal, pintado \u00e0 m\u00e3o. Com detalhes art\u00edsticos e uma borda preta, \u00e9 uma pe\u00e7a funcional e decorativa que captura a ess\u00eancia da capital espanhola, perfeita para recorda\u00e7\u00f5es e colecionismo.<\/p>\n","protected":false},"featured_media":7359,"template":"","meta":{"_acf_changed":false},"product_brand":[],"product_cat":[815],"product_tag":[515],"class_list":{"0":"post-35085","1":"product","2":"type-product","3":"status-publish","4":"has-post-thumbnail","6":"product_cat-copos-de-shot","7":"product_tag-ceramica","8":"pa_ciudad-madrid","9":"pa_motivo-panoramas","10":"pa_pais-espana","12":"first","13":"instock","14":"shipping-taxable","15":"product-type-simple"},"acf":[],"_links":{"self":[{"href":"https:\/\/olemosaic.com\/pt-pt\/wp-json\/wp\/v2\/product\/35085","targetHints":{"allow":["GET"]}}],"collection":[{"href":"https:\/\/olemosaic.com\/pt-pt\/wp-json\/wp\/v2\/product"}],"about":[{"href":"https:\/\/olemosaic.com\/pt-pt\/wp-json\/wp\/v2\/types\/product"}],"wp:featuredmedia":[{"embeddable":true,"href":"https:\/\/olemosaic.com\/pt-pt\/wp-json\/wp\/v2\/media\/7359"}],"wp:attachment":[{"href":"https:\/\/olemosaic.com\/pt-pt\/wp-json\/wp\/v2\/media?parent=35085"}],"wp:term":[{"taxonomy":"product_brand","embeddable":true,"href":"https:\/\/olemosaic.com\/pt-pt\/wp-json\/wp\/v2\/product_brand?post=35085"},{"taxonomy":"product_cat","embeddable":true,"href":"https:\/\/olemosaic.com\/pt-pt\/wp-json\/wp\/v2\/product_cat?post=35085"},{"taxonomy":"product_tag","embeddable":true,"href":"https:\/\/olemosaic.com\/pt-pt\/wp-json\/wp\/v2\/product_tag?post=35085"}],"curies":[{"name":"wp","href":"https:\/\/api.w.org\/{rel}","templated":true}]}}