{"id":35084,"date":"2025-02-20T23:34:43","date_gmt":"2025-02-20T22:34:43","guid":{"rendered":"http:\/\/olemosaic.com\/producto\/vaso-de-chupito-de-ceramica-panoramica-barcelona-beige\/"},"modified":"2025-07-25T19:08:35","modified_gmt":"2025-07-25T17:08:35","slug":"copo-de-shot-de-ceramica-panoramica-barcelona-bege","status":"publish","type":"product","link":"https:\/\/olemosaic.com\/pt-pt\/produto\/copo-de-shot-de-ceramica-panoramica-barcelona-bege\/","title":{"rendered":"Copo de shot de cer\u00e2mica. Panor\u00e2mica. Barcelona. Bege."},"content":{"rendered":"<p>Este copinho de shot de cer\u00e2mica \u00e9 uma aut\u00eantica recorda\u00e7\u00e3o de Barcelona, desenhado para capturar a ess\u00eancia desta vibrante cidade. Com uma panor\u00e2mica colorida que ilustra a emblem\u00e1tica Sagrada Fam\u00edlia, uma obra-prima do arquiteto Antoni Gaud\u00ed, e a famosa escultura de mosaico do Park G\u00fcell, este copo apresenta um design pintado \u00e0 m\u00e3o que se destaca pelas suas ilustra\u00e7\u00f5es detalhadas e pelas suas cores vibrantes. A base em tons bege proporciona um contraste perfeito, real\u00e7ando as ilustra\u00e7\u00f5es multicoloridas e o apelo do copo.<\/p>\n<p>O texto &#8220;Barcelona&#8221; na parte superior, complementado por outros elementos ic\u00f3nicos da cidade, faz com que este copo n\u00e3o sirva apenas como um utens\u00edlio funcional, mas tamb\u00e9m como uma pe\u00e7a decorativa que despertar\u00e1 gratas recorda\u00e7\u00f5es de uma viagem inesquec\u00edvel. Este copinho de shot \u00e9 uma excelente op\u00e7\u00e3o para os turistas que procuram uma recorda\u00e7\u00e3o representativa da sua visita e um peda\u00e7o da rica cultura catal\u00e3.<\/p>\n<p>Na Ol\u00e9 Mosaic, especializamo-nos na distribui\u00e7\u00e3o de lembran\u00e7as por grosso, e este copinho de shot de cer\u00e2mica \u00e9 uma op\u00e7\u00e3o ideal para lojas de presentes tur\u00edsticos que desejem oferecer produtos aut\u00eanticos e de qualidade. Com esta recorda\u00e7\u00e3o, os visitantes poder\u00e3o levar um peda\u00e7o de Barcelona para casa, recordando a beleza e a criatividade que caracterizam esta maravilhosa cidade. Como grossistas de lembran\u00e7as, garantimos autenticidade e um design meticuloso em cada pe\u00e7a.<\/p>\n","protected":false},"excerpt":{"rendered":"<p>Copo de shot de cer\u00e2mica com uma colorida panor\u00e2mica de Barcelona. Este atraente copo, de cor bege, apresenta um design artesanal, pintado \u00e0 m\u00e3o, que inclui a emblem\u00e1tica Sagrada Fam\u00edlia e o famoso mosaico de Gaud\u00ed do Parque G\u00fcell. Decorado com a palavra &#8220;Barcelona&#8221; e outros elementos ic\u00f3nicos, destaca-se pelas suas cores vibrantes e pelas suas ilustra\u00e7\u00f5es detalhadas, o que o torna uma recorda\u00e7\u00e3o perfeita da cidade.<\/p>\n","protected":false},"featured_media":7048,"template":"","meta":{"_acf_changed":false},"product_brand":[],"product_cat":[815],"product_tag":[515],"class_list":{"0":"post-35084","1":"product","2":"type-product","3":"status-publish","4":"has-post-thumbnail","6":"product_cat-copos-de-shot","7":"product_tag-ceramica","8":"pa_ciudad-barcelona","9":"pa_motivo-panoramas","10":"pa_pais-espana","12":"first","13":"instock","14":"shipping-taxable","15":"product-type-simple"},"acf":[],"_links":{"self":[{"href":"https:\/\/olemosaic.com\/pt-pt\/wp-json\/wp\/v2\/product\/35084","targetHints":{"allow":["GET"]}}],"collection":[{"href":"https:\/\/olemosaic.com\/pt-pt\/wp-json\/wp\/v2\/product"}],"about":[{"href":"https:\/\/olemosaic.com\/pt-pt\/wp-json\/wp\/v2\/types\/product"}],"wp:featuredmedia":[{"embeddable":true,"href":"https:\/\/olemosaic.com\/pt-pt\/wp-json\/wp\/v2\/media\/7048"}],"wp:attachment":[{"href":"https:\/\/olemosaic.com\/pt-pt\/wp-json\/wp\/v2\/media?parent=35084"}],"wp:term":[{"taxonomy":"product_brand","embeddable":true,"href":"https:\/\/olemosaic.com\/pt-pt\/wp-json\/wp\/v2\/product_brand?post=35084"},{"taxonomy":"product_cat","embeddable":true,"href":"https:\/\/olemosaic.com\/pt-pt\/wp-json\/wp\/v2\/product_cat?post=35084"},{"taxonomy":"product_tag","embeddable":true,"href":"https:\/\/olemosaic.com\/pt-pt\/wp-json\/wp\/v2\/product_tag?post=35084"}],"curies":[{"name":"wp","href":"https:\/\/api.w.org\/{rel}","templated":true}]}}