{"id":35063,"date":"2025-02-20T22:34:42","date_gmt":"2025-02-20T22:34:42","guid":{"rendered":"http:\/\/olemosaic.com\/producto\/vaso-de-chupito-de-ceramica-salamandra-y-flores-barcelona-blanco\/"},"modified":"2025-07-25T18:37:38","modified_gmt":"2025-07-25T16:37:38","slug":"copo-de-shot-de-ceramica-salamandra-e-flores-barcelona-branco","status":"publish","type":"product","link":"https:\/\/olemosaic.com\/pt-pt\/produto\/copo-de-shot-de-ceramica-salamandra-e-flores-barcelona-branco\/","title":{"rendered":"Copo de shot de cer\u00e2mica. Salamandra e flores. Barcelona. Branco."},"content":{"rendered":"<p>Este copo de shot de cer\u00e2mica, decorado com vibrantes motivos de salamandras e flores, \u00e9 uma aut\u00eantica representa\u00e7\u00e3o da colorida est\u00e9tica de Barcelona. Com um fundo branco que real\u00e7a os seus impactantes gr\u00e1ficos, o design do copo \u00e9 inspirado no famoso mosaico de Gaud\u00ed, mostrando uma salamandra em tons de azul e outra em vermelho, rodeadas de diversas flores em cores vivas que evocam a alegria e vitalidade da cidade. A palavra &#8220;Barcelona&#8221; aparece de forma art\u00edstica, integrando-se harmoniosamente com o resto da decora\u00e7\u00e3o e acrescentando um toque distintivo que certifica a sua liga\u00e7\u00e3o com esta emblem\u00e1tica metr\u00f3pole.<\/p>\n<p>Este copo n\u00e3o s\u00f3 \u00e9 ideal para desfrutar de um shot, como tamb\u00e9m serve como uma magn\u00edfica recorda\u00e7\u00e3o que permite aos turistas reviver a experi\u00eancia da beleza catal\u00e3 cada vez que o utilizarem. O seu design \u00fanico e a qualidade da sua cer\u00e2mica tornam-no um souvenir perfeito para quem procura levar um pedacinho de Barcelona para casa. Na Ol\u00e9 Mosaic, especializamo-nos na distribui\u00e7\u00e3o de souvenirs por grosso, e este copo de shot \u00e9 uma excelente op\u00e7\u00e3o para lojas de presentes tur\u00edsticos que desejem oferecer produtos aut\u00eanticos e representativos da cultura espanhola. Com uma combina\u00e7\u00e3o de funcionalidade e valor cultural, este copo de shot encapsula a ess\u00eancia de Barcelona e garante que cada gole seja uma celebra\u00e7\u00e3o da sua rica heran\u00e7a.<\/p>\n","protected":false},"excerpt":{"rendered":"<p>Copo de shot de cer\u00e2mica decorado com vibrantes motivos de salamandras e flores, inspirado na colorida est\u00e9tica barcelonesa. O copo apresenta um fundo branco com um elegante design de mosaico, no qual se destacam uma salamandra azul e outra vermelha, juntamente com diversas flores de cores vivas. A palavra &#8220;Barcelona&#8221; aparece de forma art\u00edstica, acrescentando um toque distintivo e representativo da cidade. Perfeito para desfrutar de um shot e recordar a beleza catal\u00e3.<\/p>\n","protected":false},"featured_media":8069,"template":"","meta":{"_acf_changed":false},"product_brand":[],"product_cat":[815],"product_tag":[516,515],"class_list":{"0":"post-35063","1":"product","2":"type-product","3":"status-publish","4":"has-post-thumbnail","6":"product_cat-copos-de-shot","7":"product_tag-animais","8":"product_tag-ceramica","9":"pa_ciudad-barcelona","10":"pa_motivo-salamandras","11":"pa_pais-espana","13":"first","14":"instock","15":"shipping-taxable","16":"product-type-simple"},"acf":[],"_links":{"self":[{"href":"https:\/\/olemosaic.com\/pt-pt\/wp-json\/wp\/v2\/product\/35063","targetHints":{"allow":["GET"]}}],"collection":[{"href":"https:\/\/olemosaic.com\/pt-pt\/wp-json\/wp\/v2\/product"}],"about":[{"href":"https:\/\/olemosaic.com\/pt-pt\/wp-json\/wp\/v2\/types\/product"}],"wp:featuredmedia":[{"embeddable":true,"href":"https:\/\/olemosaic.com\/pt-pt\/wp-json\/wp\/v2\/media\/8069"}],"wp:attachment":[{"href":"https:\/\/olemosaic.com\/pt-pt\/wp-json\/wp\/v2\/media?parent=35063"}],"wp:term":[{"taxonomy":"product_brand","embeddable":true,"href":"https:\/\/olemosaic.com\/pt-pt\/wp-json\/wp\/v2\/product_brand?post=35063"},{"taxonomy":"product_cat","embeddable":true,"href":"https:\/\/olemosaic.com\/pt-pt\/wp-json\/wp\/v2\/product_cat?post=35063"},{"taxonomy":"product_tag","embeddable":true,"href":"https:\/\/olemosaic.com\/pt-pt\/wp-json\/wp\/v2\/product_tag?post=35063"}],"curies":[{"name":"wp","href":"https:\/\/api.w.org\/{rel}","templated":true}]}}