{"id":35061,"date":"2025-02-20T23:34:42","date_gmt":"2025-02-20T22:34:42","guid":{"rendered":"http:\/\/olemosaic.com\/producto\/vaso-de-chupito-de-ceramica-marbella-azul\/"},"modified":"2025-07-25T19:51:45","modified_gmt":"2025-07-25T17:51:45","slug":"copo-de-shot-de-ceramica-marbella-azul","status":"publish","type":"product","link":"https:\/\/olemosaic.com\/pt-pt\/produto\/copo-de-shot-de-ceramica-marbella-azul\/","title":{"rendered":"Copo de shot de cer\u00e2mica. Marbella. Azul."},"content":{"rendered":"<p>Este copo de shot de cer\u00e2mica, decorado com uma vibrante representa\u00e7\u00e3o de Marbella, \u00e9 o souvenir perfeito para recordar a beleza desta magn\u00edfica cidade. Com um design colorido que ilustra o famoso letreiro de Marbella, o copo \u00e9 uma pe\u00e7a distintiva que capta a ess\u00eancia do lugar. Este atraente acess\u00f3rio est\u00e1 rodeado de cenas pitorescas que evocam as alegres ruas andaluzas, com mesas ao ar livre, fontes e \u00e1rvores que conferem um ar fresco e acolhedor. Fabricado em cer\u00e2mica de alta qualidade, o copo apresenta um acabamento brilhante em tons de azul, que n\u00e3o s\u00f3 real\u00e7a o seu apelo visual, como tamb\u00e9m o torna um objeto ideal para desfrutar de um shot em qualquer ocasi\u00e3o.<\/p>\n<p>Os detalhes em mosaico que adornam o copo s\u00e3o uma homenagem \u00e0 rica tradi\u00e7\u00e3o art\u00edstica da regi\u00e3o, prestando tributo \u00e0 arquitetura t\u00edpica andaluza que carateriza Marbella. Este copo n\u00e3o \u00e9 apenas um simples utens\u00edlio, mas uma verdadeira recorda\u00e7\u00e3o cultural que representa o calor e o encanto da Costa del Sol. Na Ol\u00e9 Mosaic, especialistas na distribui\u00e7\u00e3o de souvenirs por grosso, oferecemos este copo de shot como uma excelente op\u00e7\u00e3o para lojas de presentes tur\u00edsticos que procuram produtos aut\u00eanticos e significativos. Traga um toque de Marbella \u00e0 sua cole\u00e7\u00e3o de souvenirs e ofere\u00e7a aos seus clientes um peda\u00e7o da rica cultura andaluza com este copo de cer\u00e2mica, um essencial para quem procura levar uma recorda\u00e7\u00e3o especial da sua visita.<\/p>\n","protected":false},"excerpt":{"rendered":"<p>Copo de shot de cer\u00e2mica decorado com uma vibrante representa\u00e7\u00e3o de Marbella. Este atraente copo apresenta um design colorido que ilustra o famoso letreiro da cidade, rodeado de cenas pitorescas de ruas com esplanadas, fontes e \u00e1rvores. Elaborado em cer\u00e2mica, exibe um acabamento brilhante em tons de azul e detalhes de mosaico, evocando o encanto e a arquitetura t\u00edpicos da Andaluzia. Ideal como recorda\u00e7\u00e3o ou para desfrutar de um shot.<\/p>\n","protected":false},"featured_media":9915,"template":"","meta":{"_acf_changed":false},"product_brand":[],"product_cat":[815],"product_tag":[515],"class_list":{"0":"post-35061","1":"product","2":"type-product","3":"status-publish","4":"has-post-thumbnail","6":"product_cat-copos-de-shot","7":"product_tag-ceramica","8":"pa_ciudad-marbella","9":"pa_pais-espana","11":"first","12":"instock","13":"shipping-taxable","14":"product-type-simple"},"acf":[],"_links":{"self":[{"href":"https:\/\/olemosaic.com\/pt-pt\/wp-json\/wp\/v2\/product\/35061","targetHints":{"allow":["GET"]}}],"collection":[{"href":"https:\/\/olemosaic.com\/pt-pt\/wp-json\/wp\/v2\/product"}],"about":[{"href":"https:\/\/olemosaic.com\/pt-pt\/wp-json\/wp\/v2\/types\/product"}],"wp:featuredmedia":[{"embeddable":true,"href":"https:\/\/olemosaic.com\/pt-pt\/wp-json\/wp\/v2\/media\/9915"}],"wp:attachment":[{"href":"https:\/\/olemosaic.com\/pt-pt\/wp-json\/wp\/v2\/media?parent=35061"}],"wp:term":[{"taxonomy":"product_brand","embeddable":true,"href":"https:\/\/olemosaic.com\/pt-pt\/wp-json\/wp\/v2\/product_brand?post=35061"},{"taxonomy":"product_cat","embeddable":true,"href":"https:\/\/olemosaic.com\/pt-pt\/wp-json\/wp\/v2\/product_cat?post=35061"},{"taxonomy":"product_tag","embeddable":true,"href":"https:\/\/olemosaic.com\/pt-pt\/wp-json\/wp\/v2\/product_tag?post=35061"}],"curies":[{"name":"wp","href":"https:\/\/api.w.org\/{rel}","templated":true}]}}