{"id":35060,"date":"2025-02-20T23:34:42","date_gmt":"2025-02-20T22:34:42","guid":{"rendered":"http:\/\/olemosaic.com\/producto\/vaso-de-chupito-de-ceramica-bailaora-madrid-beige-2\/"},"modified":"2025-07-25T18:35:43","modified_gmt":"2025-07-25T16:35:43","slug":"copo-de-shot-de-ceramica-bailarina-madrid-bege","status":"publish","type":"product","link":"https:\/\/olemosaic.com\/pt-pt\/produto\/copo-de-shot-de-ceramica-bailarina-madrid-bege\/","title":{"rendered":"Copo de shot de cer\u00e2mica. Bailarina. Arte Flamenca. Madrid. Bege."},"content":{"rendered":"<p>Este copo de shot de cer\u00e2mica, decorado com uma vibrante bailarina de flamenco, \u00e9 uma representa\u00e7\u00e3o aut\u00eantica e encantadora da cultura madrilena. Com um design pintado \u00e0 m\u00e3o, este atraente copo em tons de bege mostra uma bailarina vestida com o carater\u00edstico traje vermelho de folhos, adornado com bolas brancas que evocam a tradi\u00e7\u00e3o flamenca. A figura da bailarina, que segura com gra\u00e7a umas castanholas, representa n\u00e3o s\u00f3 a paix\u00e3o pela dan\u00e7a, mas tamb\u00e9m a energia vivaz da arte flamenca que pulsa no cora\u00e7\u00e3o de Madrid.<\/p>\n<p>O copo apresenta a palavra &#8220;MADRID&#8221; numa tipografia alegre, que complementa a cena e acrescenta um toque festivo. Os detalhes cuidadosamente elaborados no traje da bailarina, juntamente com o uso de cores vibrantes, fazem deste copo n\u00e3o apenas um objeto funcional, mas tamb\u00e9m um aut\u00eantico objeto de cole\u00e7\u00e3o. Este copo de shot \u00e9 ideal para quem procura souvenirs de qualidade e relev\u00e2ncia cultural, captando a ess\u00eancia de uma das cidades mais emblem\u00e1ticas de Espanha.<\/p>\n<p>Na Ol\u00e9 Mosaic, orgulhamo-nos de oferecer aos nossos clientes produtos genu\u00ednos e artesanais. Este copo de shot de cer\u00e2mica \u00e9 uma excelente op\u00e7\u00e3o para lojas de presentes tur\u00edsticos que desejem oferecer souvenirs de Madrid que realcem a riqueza e diversidade do seu patrim\u00f3nio cultural. Como grossistas de souvenirs, garantimos que cada pe\u00e7a, como este copo flamenco, combine arte, funcionalidade e autenticidade, tornando-o uma recorda\u00e7\u00e3o inesquec\u00edvel para os visitantes da capital espanhola.<\/p>\n","protected":false},"excerpt":{"rendered":"<p>Copo de shot de cer\u00e2mica decorado com uma bailarina de flamenco vibrante, que representa Madrid. Este atraente copo em tons de bege apresenta um design artesanal, pintado \u00e0 m\u00e3o, com detalhes vermelhos que evocam o carater\u00edstico traje de folhos da bailarina. A palavra &#8220;MADRID&#8221; est\u00e1 impressa em cores alegres, complementando a cena. Ideal para colecionadores ou como recorda\u00e7\u00e3o, este copo combina arte e tradi\u00e7\u00e3o espanhola numa pe\u00e7a funcional.<\/p>\n","protected":false},"featured_media":7058,"template":"","meta":{"_acf_changed":false},"product_brand":[],"product_cat":[815],"product_tag":[515],"class_list":{"0":"post-35060","1":"product","2":"type-product","3":"status-publish","4":"has-post-thumbnail","6":"product_cat-copos-de-shot","7":"product_tag-ceramica","8":"pa_ciudad-madrid","9":"pa_motivo-dancarinos","10":"pa_pais-espana","12":"first","13":"instock","14":"shipping-taxable","15":"product-type-simple"},"acf":[],"_links":{"self":[{"href":"https:\/\/olemosaic.com\/pt-pt\/wp-json\/wp\/v2\/product\/35060","targetHints":{"allow":["GET"]}}],"collection":[{"href":"https:\/\/olemosaic.com\/pt-pt\/wp-json\/wp\/v2\/product"}],"about":[{"href":"https:\/\/olemosaic.com\/pt-pt\/wp-json\/wp\/v2\/types\/product"}],"wp:featuredmedia":[{"embeddable":true,"href":"https:\/\/olemosaic.com\/pt-pt\/wp-json\/wp\/v2\/media\/7058"}],"wp:attachment":[{"href":"https:\/\/olemosaic.com\/pt-pt\/wp-json\/wp\/v2\/media?parent=35060"}],"wp:term":[{"taxonomy":"product_brand","embeddable":true,"href":"https:\/\/olemosaic.com\/pt-pt\/wp-json\/wp\/v2\/product_brand?post=35060"},{"taxonomy":"product_cat","embeddable":true,"href":"https:\/\/olemosaic.com\/pt-pt\/wp-json\/wp\/v2\/product_cat?post=35060"},{"taxonomy":"product_tag","embeddable":true,"href":"https:\/\/olemosaic.com\/pt-pt\/wp-json\/wp\/v2\/product_tag?post=35060"}],"curies":[{"name":"wp","href":"https:\/\/api.w.org\/{rel}","templated":true}]}}