{"id":35059,"date":"2025-02-20T22:34:42","date_gmt":"2025-02-20T22:34:42","guid":{"rendered":"http:\/\/olemosaic.com\/producto\/vaso-de-chupito-de-ceramica-mosaico-blanco\/"},"modified":"2025-07-25T18:44:46","modified_gmt":"2025-07-25T16:44:46","slug":"copo-de-shot-de-ceramica-mosaico-branco","status":"publish","type":"product","link":"https:\/\/olemosaic.com\/pt-pt\/produto\/copo-de-shot-de-ceramica-mosaico-branco\/","title":{"rendered":"Copo de shot de cer\u00e2mica. Mosaico. Branco."},"content":{"rendered":"<p>Este copo de shot de cer\u00e2mica, decorado com um vibrante mosaico de cores, capta a ess\u00eancia da arte cer\u00e2mica espanhola. O seu design apresenta uma s\u00e9rie de padr\u00f5es geom\u00e9tricos numa paleta de cores quentes e alegres: laranjas, azuis e vermelhos, que se combinam harmoniosamente para oferecer uma representa\u00e7\u00e3o estilizada da tradi\u00e7\u00e3o artesanal de Espanha. O copo tem um acabamento brilhante que real\u00e7a os detalhes intrincados de cada mosaico, enquanto o seu interior, de um vermelho brilhante, acrescenta um toque de frescura e vitalidade. Esta pe\u00e7a funcional \u00e9 ideal para desfrutar de um shot em celebra\u00e7\u00f5es e reuni\u00f5es, e tamb\u00e9m funciona como um atraente elemento decorativo, conferindo um toque de alegria e folclore a qualquer lar.<\/p>\n<p>A riqueza cultural do mosaico remonta a diversas tradi\u00e7\u00f5es de regi\u00f5es como a Andaluzia e Val\u00eancia, onde a cer\u00e2mica est\u00e1 impregnada de hist\u00f3ria e criatividade. Este copo de shot \u00e9, portanto, um excelente souvenir que representa o melhor do artesanato espanhol, tornando-se uma recorda\u00e7\u00e3o perfeita para turistas que desejam levar um peda\u00e7o da cultura ib\u00e9rica. Na Ol\u00e9 Mosaic, como grossistas de souvenirs, oferecemos este aut\u00eantico copo de cer\u00e2mica que, sem d\u00favida, cativar\u00e1 os clientes de lojas de presentes tur\u00edsticos que procurem produtos \u00fanicos e de qualidade.<\/p>\n","protected":false},"excerpt":{"rendered":"<p>Copo de shot de cer\u00e2mica decorado com um vibrante mosaico de cores. Este artigo apresenta uma gama de padr\u00f5es geom\u00e9tricos em laranja, azul e vermelho, que evocam a tradi\u00e7\u00e3o artesanal da cer\u00e2mica espanhola. Com um acabamento brilhante e detalhes intrincados, o copo tem o interior numa chamativa cor vermelha. Perfeito para desfrutar de um shot em celebra\u00e7\u00f5es ou como pe\u00e7a decorativa, acrescenta um toque de alegria e folclore a qualquer lar.<\/p>\n","protected":false},"featured_media":8924,"template":"","meta":{"_acf_changed":false},"product_brand":[],"product_cat":[815],"product_tag":[515],"class_list":{"0":"post-35059","1":"product","2":"type-product","3":"status-publish","4":"has-post-thumbnail","6":"product_cat-copos-de-shot","7":"product_tag-ceramica","8":"pa_motivo-mosaico","10":"first","11":"instock","12":"shipping-taxable","13":"product-type-simple"},"acf":[],"_links":{"self":[{"href":"https:\/\/olemosaic.com\/pt-pt\/wp-json\/wp\/v2\/product\/35059","targetHints":{"allow":["GET"]}}],"collection":[{"href":"https:\/\/olemosaic.com\/pt-pt\/wp-json\/wp\/v2\/product"}],"about":[{"href":"https:\/\/olemosaic.com\/pt-pt\/wp-json\/wp\/v2\/types\/product"}],"wp:featuredmedia":[{"embeddable":true,"href":"https:\/\/olemosaic.com\/pt-pt\/wp-json\/wp\/v2\/media\/8924"}],"wp:attachment":[{"href":"https:\/\/olemosaic.com\/pt-pt\/wp-json\/wp\/v2\/media?parent=35059"}],"wp:term":[{"taxonomy":"product_brand","embeddable":true,"href":"https:\/\/olemosaic.com\/pt-pt\/wp-json\/wp\/v2\/product_brand?post=35059"},{"taxonomy":"product_cat","embeddable":true,"href":"https:\/\/olemosaic.com\/pt-pt\/wp-json\/wp\/v2\/product_cat?post=35059"},{"taxonomy":"product_tag","embeddable":true,"href":"https:\/\/olemosaic.com\/pt-pt\/wp-json\/wp\/v2\/product_tag?post=35059"}],"curies":[{"name":"wp","href":"https:\/\/api.w.org\/{rel}","templated":true}]}}